{"id":42990,"date":"2025-03-08T19:29:33","date_gmt":"2025-03-08T19:29:33","guid":{"rendered":"https:\/\/jnksport.com\/?post_type=product&#038;p=42990"},"modified":"2025-11-14T22:51:31","modified_gmt":"2025-11-14T22:51:31","slug":"zapatilla-puma-rickie-classic-394252-11-hombre","status":"publish","type":"product","link":"https:\/\/jnksport.com\/en\/product\/zapatilla-puma-rickie-classic-394252-11-hombre\/","title":{"rendered":"Zapatilla Puma Rickie Classic 394252-11 Hombre"},"content":{"rendered":"<p>Puma Rickie Classic<br \/>\nPuma Rickie Classic son zapatillas dise\u00f1adas especialmente para ni\u00f1os. Estas zapatillas cuentan con una marca PUMA en la leng\u00fceta y un dise\u00f1o de ca\u00f1a baja perfectas para ofrecer comodidad y estilo a los m\u00e1s peque\u00f1os.<\/p>\n<p>Beneficios del producto<br \/>\nCierre de cordones f\u00e1cil de poner y quitar ideal para padres que buscan practicidad.<br \/>\nMarca PUMA visible en la leng\u00fceta garantizando autenticidad y estilo.<br \/>\nDise\u00f1o de ca\u00f1a baja que proporciona comodidad y libertad de movimiento para los pies en desarrollo.<\/p>","protected":false},"excerpt":{"rendered":"<p>Puma Rickie Classic Puma Rickie Classic son zapatillas dise\u00f1adas especialmente para ni\u00f1os. Estas zapatillas cuentan con una marca PUMA en la leng\u00fceta y un dise\u00f1o&#8230;<\/p>","protected":false},"featured_media":42847,"comment_status":"open","ping_status":"closed","template":"","meta":{"om_disable_all_campaigns":false,"_monsterinsights_skip_tracking":false,"_monsterinsights_sitenote_active":false,"_monsterinsights_sitenote_note":"","_monsterinsights_sitenote_category":0,"_uf_show_specific_survey":0,"_uf_disable_surveys":false,"_joinchat":[]},"etheme_brands":[],"product_brand":[],"product_cat":[19],"product_tag":[],"class_list":{"0":"post-42990","1":"product","2":"type-product","3":"status-publish","4":"has-post-thumbnail","6":"product_cat-hombre","7":"product_shipping_class-envio-a-lima-y-provincia","9":"first","10":"instock","11":"sale","12":"featured","13":"shipping-taxable","14":"purchasable","15":"product-type-variable"},"aioseo_notices":[],"_links":{"self":[{"href":"https:\/\/jnksport.com\/en\/wp-json\/wp\/v2\/product\/42990","targetHints":{"allow":["GET"]}}],"collection":[{"href":"https:\/\/jnksport.com\/en\/wp-json\/wp\/v2\/product"}],"about":[{"href":"https:\/\/jnksport.com\/en\/wp-json\/wp\/v2\/types\/product"}],"replies":[{"embeddable":true,"href":"https:\/\/jnksport.com\/en\/wp-json\/wp\/v2\/comments?post=42990"}],"version-history":[{"count":0,"href":"https:\/\/jnksport.com\/en\/wp-json\/wp\/v2\/product\/42990\/revisions"}],"wp:featuredmedia":[{"embeddable":true,"href":"https:\/\/jnksport.com\/en\/wp-json\/wp\/v2\/media\/42847"}],"wp:attachment":[{"href":"https:\/\/jnksport.com\/en\/wp-json\/wp\/v2\/media?parent=42990"}],"wp:term":[{"taxonomy":"brand","embeddable":true,"href":"https:\/\/jnksport.com\/en\/wp-json\/wp\/v2\/etheme_brands?post=42990"},{"taxonomy":"product_brand","embeddable":true,"href":"https:\/\/jnksport.com\/en\/wp-json\/wp\/v2\/product_brand?post=42990"},{"taxonomy":"product_cat","embeddable":true,"href":"https:\/\/jnksport.com\/en\/wp-json\/wp\/v2\/product_cat?post=42990"},{"taxonomy":"product_tag","embeddable":true,"href":"https:\/\/jnksport.com\/en\/wp-json\/wp\/v2\/product_tag?post=42990"}],"curies":[{"name":"wp","href":"https:\/\/api.w.org\/{rel}","templated":true}]}}