{"id":42991,"date":"2025-03-08T19:29:33","date_gmt":"2025-03-08T19:29:33","guid":{"rendered":"https:\/\/jnksport.com\/?post_type=product&#038;p=42991"},"modified":"2026-04-25T19:59:31","modified_gmt":"2026-04-25T19:59:31","slug":"zapatilla-puma-rickie-classic-394253-08-ninas","status":"publish","type":"product","link":"https:\/\/jnksport.com\/en\/product\/zapatilla-puma-rickie-classic-394253-08-ninas\/","title":{"rendered":"Zapatilla Puma Rickie Classic 394253-08 Ni\u00f1as"},"content":{"rendered":"<p>Puma Rickie<br \/>\nPuma Rickie es una zapatilla de ca\u00f1a baja con un sistema de ajuste con velcro que facilita su uso diario. La marca Puma se destaca tanto en la leng\u00fceta como en la suela aportando un toque distintivo de autenticidad y estilo.<\/p>\n<p>Beneficios del producto<br \/>\nAjuste con velcro para un calzado r\u00e1pido y seguro.<br \/>\nMarca Puma visible en leng\u00fceta y suela que subraya su dise\u00f1o exclusivo.<br \/>\nDise\u00f1o de ca\u00f1a baja que permite unmovimiento natural y c\u00f3modo.<\/p>","protected":false},"excerpt":{"rendered":"<p>Puma Rickie Puma Rickie es una zapatilla de ca\u00f1a baja con un sistema de ajuste con velcro que facilita su uso diario. La marca Puma&#8230;<\/p>","protected":false},"featured_media":42853,"comment_status":"open","ping_status":"closed","template":"","meta":{"om_disable_all_campaigns":false,"_monsterinsights_skip_tracking":false,"_monsterinsights_sitenote_active":false,"_monsterinsights_sitenote_note":"","_monsterinsights_sitenote_category":0,"_uf_show_specific_survey":0,"_uf_disable_surveys":false,"_joinchat":[]},"etheme_brands":[],"product_brand":[],"product_cat":[573],"product_tag":[],"class_list":{"0":"post-42991","1":"product","2":"type-product","3":"status-publish","4":"has-post-thumbnail","6":"product_cat-ninas-2","7":"product_shipping_class-envio-a-lima-y-provincia","9":"first","10":"instock","11":"sale","12":"featured","13":"shipping-taxable","14":"purchasable","15":"product-type-variable"},"aioseo_notices":[],"_links":{"self":[{"href":"https:\/\/jnksport.com\/en\/wp-json\/wp\/v2\/product\/42991","targetHints":{"allow":["GET"]}}],"collection":[{"href":"https:\/\/jnksport.com\/en\/wp-json\/wp\/v2\/product"}],"about":[{"href":"https:\/\/jnksport.com\/en\/wp-json\/wp\/v2\/types\/product"}],"replies":[{"embeddable":true,"href":"https:\/\/jnksport.com\/en\/wp-json\/wp\/v2\/comments?post=42991"}],"version-history":[{"count":0,"href":"https:\/\/jnksport.com\/en\/wp-json\/wp\/v2\/product\/42991\/revisions"}],"wp:featuredmedia":[{"embeddable":true,"href":"https:\/\/jnksport.com\/en\/wp-json\/wp\/v2\/media\/42853"}],"wp:attachment":[{"href":"https:\/\/jnksport.com\/en\/wp-json\/wp\/v2\/media?parent=42991"}],"wp:term":[{"taxonomy":"brand","embeddable":true,"href":"https:\/\/jnksport.com\/en\/wp-json\/wp\/v2\/etheme_brands?post=42991"},{"taxonomy":"product_brand","embeddable":true,"href":"https:\/\/jnksport.com\/en\/wp-json\/wp\/v2\/product_brand?post=42991"},{"taxonomy":"product_cat","embeddable":true,"href":"https:\/\/jnksport.com\/en\/wp-json\/wp\/v2\/product_cat?post=42991"},{"taxonomy":"product_tag","embeddable":true,"href":"https:\/\/jnksport.com\/en\/wp-json\/wp\/v2\/product_tag?post=42991"}],"curies":[{"name":"wp","href":"https:\/\/api.w.org\/{rel}","templated":true}]}}