{"id":43126,"date":"2025-03-08T19:29:54","date_gmt":"2025-03-08T19:29:54","guid":{"rendered":"https:\/\/jnksport.com\/?post_type=product&#038;p=43126"},"modified":"2026-04-29T22:32:03","modified_gmt":"2026-04-29T22:32:03","slug":"zapatilla-nike-air-max-nuaxis-hf1233-001-mujer","status":"publish","type":"product","link":"https:\/\/jnksport.com\/en\/product\/zapatilla-nike-air-max-nuaxis-hf1233-001-mujer\/","title":{"rendered":"Zapatilla Nike Air Max Nuaxis HF1233-001 Mujer"},"content":{"rendered":"<p>Los Air Max Nuaxis est\u00e1n preparados para el d\u00eda a d\u00eda. Gracias a la malla transpirable y a la unidad Air intuitiva, podr\u00e1s contar con un look y una comodidad incre\u00edbles. Con elementos de dise\u00f1o inspirados en los Air Max 270, su forma elegante los convierte en los tenis perfectos para atarse los cordones y salir a darlo todo.<\/p>\n<p>Beneficios<\/p>\n<p>Parte superior de malla para mantener la frescura cuando tu d\u00eda se vuelve m\u00e1s ajetreado.<br \/>\nSuave y c\u00f3moda, la amortiguaci\u00f3n Max Air ofrece la cantidad justa de soporte.<br \/>\nLa suela de goma ofrece una tracci\u00f3n duradera.<\/p>\n<p>Nike Air Max Origins<\/p>\n<p>La tecnolog\u00eda revolucionaria Air se introdujo por primera vez en los tenis Nike en 1978. En 1987, los Air Max 1 debutaron con la tecnolog\u00eda Air visible en el tal\u00f3n, que les proporcionaba a sus fans mucho m\u00e1s que la sensaci\u00f3n de amortiguaci\u00f3n Air: esta comodidad tambi\u00e9n pod\u00eda verse. Desde entonces, los tenis Air Max de \u00faltima generaci\u00f3n se convirtieron en los favoritos de los atletas y coleccionistas por sus combinaciones atractivas de colores, adem\u00e1s de su amortiguaci\u00f3n ligera y confiable.<\/p>\n<p> Color que se muestra: Negro\/Gris Oscuro\/Comet Red\/Blanco<\/p>","protected":false},"excerpt":{"rendered":"<p>Los Air Max Nuaxis est\u00e1n preparados para el d\u00eda a d\u00eda. Gracias a la malla transpirable y a la unidad Air intuitiva, podr\u00e1s contar con&#8230;<\/p>","protected":false},"featured_media":59630,"comment_status":"open","ping_status":"closed","template":"","meta":{"om_disable_all_campaigns":false,"_monsterinsights_skip_tracking":false,"_monsterinsights_sitenote_active":false,"_monsterinsights_sitenote_note":"","_monsterinsights_sitenote_category":0,"_uf_show_specific_survey":0,"_uf_disable_surveys":false,"_joinchat":[]},"etheme_brands":[],"product_brand":[],"product_cat":[18],"product_tag":[],"class_list":{"0":"post-43126","1":"product","2":"type-product","3":"status-publish","4":"has-post-thumbnail","6":"product_cat-mujer","7":"product_shipping_class-envio-a-lima-y-provincia","9":"first","10":"instock","11":"sale","12":"featured","13":"shipping-taxable","14":"purchasable","15":"product-type-variable"},"aioseo_notices":[],"_links":{"self":[{"href":"https:\/\/jnksport.com\/en\/wp-json\/wp\/v2\/product\/43126","targetHints":{"allow":["GET"]}}],"collection":[{"href":"https:\/\/jnksport.com\/en\/wp-json\/wp\/v2\/product"}],"about":[{"href":"https:\/\/jnksport.com\/en\/wp-json\/wp\/v2\/types\/product"}],"replies":[{"embeddable":true,"href":"https:\/\/jnksport.com\/en\/wp-json\/wp\/v2\/comments?post=43126"}],"version-history":[{"count":1,"href":"https:\/\/jnksport.com\/en\/wp-json\/wp\/v2\/product\/43126\/revisions"}],"predecessor-version":[{"id":59631,"href":"https:\/\/jnksport.com\/en\/wp-json\/wp\/v2\/product\/43126\/revisions\/59631"}],"wp:featuredmedia":[{"embeddable":true,"href":"https:\/\/jnksport.com\/en\/wp-json\/wp\/v2\/media\/59630"}],"wp:attachment":[{"href":"https:\/\/jnksport.com\/en\/wp-json\/wp\/v2\/media?parent=43126"}],"wp:term":[{"taxonomy":"brand","embeddable":true,"href":"https:\/\/jnksport.com\/en\/wp-json\/wp\/v2\/etheme_brands?post=43126"},{"taxonomy":"product_brand","embeddable":true,"href":"https:\/\/jnksport.com\/en\/wp-json\/wp\/v2\/product_brand?post=43126"},{"taxonomy":"product_cat","embeddable":true,"href":"https:\/\/jnksport.com\/en\/wp-json\/wp\/v2\/product_cat?post=43126"},{"taxonomy":"product_tag","embeddable":true,"href":"https:\/\/jnksport.com\/en\/wp-json\/wp\/v2\/product_tag?post=43126"}],"curies":[{"name":"wp","href":"https:\/\/api.w.org\/{rel}","templated":true}]}}