{"id":43194,"date":"2025-03-08T19:30:05","date_gmt":"2025-03-08T19:30:05","guid":{"rendered":"https:\/\/jnksport.com\/?post_type=product&#038;p=43194"},"modified":"2026-04-29T22:32:03","modified_gmt":"2026-04-29T22:32:03","slug":"zapatilla-adidas-grand-court-2-0-ie3850-ninos","status":"publish","type":"product","link":"https:\/\/jnksport.com\/en\/product\/zapatilla-adidas-grand-court-2-0-ie3850-ninos\/","title":{"rendered":"Zapatilla Adidas Grand Court 2.0 IE3850 Ni\u00f1os"},"content":{"rendered":"<p>Zapatillas c\u00f3modas con detalles llamativos perfectas para los m\u00e1s peque\u00f1os<br \/>\nCon tantas aventuras por vivir, no hay tiempo que perder. Estas zapatillas adidas para ni\u00f1os cuentan con pasadores el\u00e1sticos y una correa autoadherente que ofrecen un ajuste a medida y permiten ponerlas y quitarlas f\u00e1cilmente. Son perfectas para montar bici o correr por el parque con total comodidad. Presentan un exterior de cuero sint\u00e9tico, un suave forro interno y una suela de caucho flexible que brinda la estabilidad y sujeci\u00f3n que sus pies necesitan. Las 3 Tiras brillantes resaltan donde sea que los peques vayan.<\/p>\n<p>Horma cl\u00e1sica<br \/>\nPasadores el\u00e1sticos y tira regulable de cierre por contacto<br \/>\nParte superior de cuero sint\u00e9tico reciclado<br \/>\nForro interno textil<br \/>\nSuela tipo cupsole de caucho<br \/>\nColor del art\u00edculo: Aurora Ink \/ Iridescent \/ Clear Pink<\/p>","protected":false},"excerpt":{"rendered":"<p>Zapatillas c\u00f3modas con detalles llamativos perfectas para los m\u00e1s peque\u00f1os Con tantas aventuras por vivir, no hay tiempo que perder. Estas zapatillas adidas para ni\u00f1os&#8230;<\/p>","protected":false},"featured_media":57203,"comment_status":"open","ping_status":"closed","template":"","meta":{"om_disable_all_campaigns":false,"_monsterinsights_skip_tracking":false,"_monsterinsights_sitenote_active":false,"_monsterinsights_sitenote_note":"","_monsterinsights_sitenote_category":0,"_uf_show_specific_survey":0,"_uf_disable_surveys":false,"_joinchat":[]},"etheme_brands":[],"product_brand":[],"product_cat":[159],"product_tag":[],"class_list":{"0":"post-43194","1":"product","2":"type-product","3":"status-publish","4":"has-post-thumbnail","6":"product_cat-ninos","7":"product_shipping_class-envio-a-lima-y-provincia","9":"first","10":"instock","11":"sale","12":"featured","13":"shipping-taxable","14":"purchasable","15":"product-type-variable"},"aioseo_notices":[],"_links":{"self":[{"href":"https:\/\/jnksport.com\/en\/wp-json\/wp\/v2\/product\/43194","targetHints":{"allow":["GET"]}}],"collection":[{"href":"https:\/\/jnksport.com\/en\/wp-json\/wp\/v2\/product"}],"about":[{"href":"https:\/\/jnksport.com\/en\/wp-json\/wp\/v2\/types\/product"}],"replies":[{"embeddable":true,"href":"https:\/\/jnksport.com\/en\/wp-json\/wp\/v2\/comments?post=43194"}],"version-history":[{"count":0,"href":"https:\/\/jnksport.com\/en\/wp-json\/wp\/v2\/product\/43194\/revisions"}],"wp:featuredmedia":[{"embeddable":true,"href":"https:\/\/jnksport.com\/en\/wp-json\/wp\/v2\/media\/57203"}],"wp:attachment":[{"href":"https:\/\/jnksport.com\/en\/wp-json\/wp\/v2\/media?parent=43194"}],"wp:term":[{"taxonomy":"brand","embeddable":true,"href":"https:\/\/jnksport.com\/en\/wp-json\/wp\/v2\/etheme_brands?post=43194"},{"taxonomy":"product_brand","embeddable":true,"href":"https:\/\/jnksport.com\/en\/wp-json\/wp\/v2\/product_brand?post=43194"},{"taxonomy":"product_cat","embeddable":true,"href":"https:\/\/jnksport.com\/en\/wp-json\/wp\/v2\/product_cat?post=43194"},{"taxonomy":"product_tag","embeddable":true,"href":"https:\/\/jnksport.com\/en\/wp-json\/wp\/v2\/product_tag?post=43194"}],"curies":[{"name":"wp","href":"https:\/\/api.w.org\/{rel}","templated":true}]}}