{"id":43227,"date":"2025-03-08T19:30:10","date_gmt":"2025-03-08T19:30:10","guid":{"rendered":"https:\/\/jnksport.com\/?post_type=product&#038;p=43227"},"modified":"2026-04-29T22:32:03","modified_gmt":"2026-04-29T22:32:03","slug":"zapatilla-adidas-advantage-mandalorian-cf-ih6253-ninos","status":"publish","type":"product","link":"https:\/\/jnksport.com\/en\/product\/zapatilla-adidas-advantage-mandalorian-cf-ih6253-ninos\/","title":{"rendered":"Zapatilla Adidas Advantage Mandalorian CF IH6253 Ni\u00f1os"},"content":{"rendered":"<p>Zapatillas c\u00f3modas para j\u00f3venes aficionados de Grogu, hechas parcialmente con materiales reciclados<br \/>\nLa Fuerza est\u00e1 presente en estas zapatillas adidas Star Wars\u2122 para ni\u00f1os. Un estampado del amado Grogu, tambi\u00e9n conocido como Baby Yoda, adorna los costados. La tira ajustable de cierre por contacto las hace f\u00e1ciles de poner antes de que tu peque\u00f1o Jedi salga a la aventura.<\/p>\n<p>Este producto contiene al menos un 20 % de material reciclado. Utilizando materiales reciclados disminuimos los residuos, nuestra dependencia de los recursos finitos y la huella que generan los productos que fabricamos.<\/p>\n<p>Ajuste cl\u00e1sico<br \/>\nTiras ajustables de cierre por contacto<br \/>\nExterior textil y sint\u00e9tico<br \/>\n\u00a9 y \u2122 Lucasfilm Ltd. Todos los derechos reservados<br \/>\nContienen al menos un 20 % de material reciclado<br \/>\nColor del art\u00edculo: Legend Ivy \/ Off White \/ Mist Jade<\/p>","protected":false},"excerpt":{"rendered":"<p>Zapatillas c\u00f3modas para j\u00f3venes aficionados de Grogu, hechas parcialmente con materiales reciclados La Fuerza est\u00e1 presente en estas zapatillas adidas Star Wars\u2122 para ni\u00f1os. Un&#8230;<\/p>","protected":false},"featured_media":42714,"comment_status":"open","ping_status":"closed","template":"","meta":{"om_disable_all_campaigns":false,"_monsterinsights_skip_tracking":false,"_monsterinsights_sitenote_active":false,"_monsterinsights_sitenote_note":"","_monsterinsights_sitenote_category":0,"_uf_show_specific_survey":0,"_uf_disable_surveys":false,"_joinchat":[]},"etheme_brands":[],"product_brand":[],"product_cat":[159],"product_tag":[],"class_list":{"0":"post-43227","1":"product","2":"type-product","3":"status-publish","4":"has-post-thumbnail","6":"product_cat-ninos","7":"product_shipping_class-envio-a-lima-y-provincia","9":"first","10":"instock","11":"sale","12":"featured","13":"shipping-taxable","14":"purchasable","15":"product-type-variable"},"aioseo_notices":[],"_links":{"self":[{"href":"https:\/\/jnksport.com\/en\/wp-json\/wp\/v2\/product\/43227","targetHints":{"allow":["GET"]}}],"collection":[{"href":"https:\/\/jnksport.com\/en\/wp-json\/wp\/v2\/product"}],"about":[{"href":"https:\/\/jnksport.com\/en\/wp-json\/wp\/v2\/types\/product"}],"replies":[{"embeddable":true,"href":"https:\/\/jnksport.com\/en\/wp-json\/wp\/v2\/comments?post=43227"}],"version-history":[{"count":0,"href":"https:\/\/jnksport.com\/en\/wp-json\/wp\/v2\/product\/43227\/revisions"}],"wp:featuredmedia":[{"embeddable":true,"href":"https:\/\/jnksport.com\/en\/wp-json\/wp\/v2\/media\/42714"}],"wp:attachment":[{"href":"https:\/\/jnksport.com\/en\/wp-json\/wp\/v2\/media?parent=43227"}],"wp:term":[{"taxonomy":"brand","embeddable":true,"href":"https:\/\/jnksport.com\/en\/wp-json\/wp\/v2\/etheme_brands?post=43227"},{"taxonomy":"product_brand","embeddable":true,"href":"https:\/\/jnksport.com\/en\/wp-json\/wp\/v2\/product_brand?post=43227"},{"taxonomy":"product_cat","embeddable":true,"href":"https:\/\/jnksport.com\/en\/wp-json\/wp\/v2\/product_cat?post=43227"},{"taxonomy":"product_tag","embeddable":true,"href":"https:\/\/jnksport.com\/en\/wp-json\/wp\/v2\/product_tag?post=43227"}],"curies":[{"name":"wp","href":"https:\/\/api.w.org\/{rel}","templated":true}]}}