{"id":43295,"date":"2025-03-08T19:30:22","date_gmt":"2025-03-08T19:30:22","guid":{"rendered":"https:\/\/jnksport.com\/?post_type=product&#038;p=43295"},"modified":"2025-12-12T07:57:37","modified_gmt":"2025-12-12T07:57:37","slug":"zapatilla-joma-liga-5-ligs2505tf-hombre","status":"publish","type":"product","link":"https:\/\/jnksport.com\/en\/product\/zapatilla-joma-liga-5-ligs2505tf-hombre\/","title":{"rendered":"Zapatilla Joma Liga 5 LIGS2505TF Hombre"},"content":{"rendered":"<p>Joma es l\u00edder en la venta de zapatillas de f\u00fatbol sala . Los zapatos tecnol\u00f3gicamente avanzados tienen un gran agarre en la cancha , garantizan la comodidad de uso y un control perfecto del bal\u00f3n. Curiosamente, Joma fue el primero en introducir zapatillas de colores en los campos de hierba, que actualmente dominan el f\u00fatbol .<\/p>","protected":false},"excerpt":{"rendered":"<p>Joma es l\u00edder en la venta de zapatillas de f\u00fatbol sala . Los zapatos tecnol\u00f3gicamente avanzados tienen un gran agarre en la cancha , garantizan&#8230;<\/p>","protected":false},"featured_media":42772,"comment_status":"open","ping_status":"closed","template":"","meta":{"om_disable_all_campaigns":false,"_monsterinsights_skip_tracking":false,"_monsterinsights_sitenote_active":false,"_monsterinsights_sitenote_note":"","_monsterinsights_sitenote_category":0,"_uf_show_specific_survey":0,"_uf_disable_surveys":false,"_joinchat":[]},"etheme_brands":[],"product_brand":[],"product_cat":[19],"product_tag":[],"class_list":{"0":"post-43295","1":"product","2":"type-product","3":"status-publish","4":"has-post-thumbnail","6":"product_cat-hombre","7":"product_shipping_class-envio-a-lima-y-provincia","9":"first","10":"instock","11":"sale","12":"featured","13":"shipping-taxable","14":"purchasable","15":"product-type-variable"},"aioseo_notices":[],"_links":{"self":[{"href":"https:\/\/jnksport.com\/en\/wp-json\/wp\/v2\/product\/43295","targetHints":{"allow":["GET"]}}],"collection":[{"href":"https:\/\/jnksport.com\/en\/wp-json\/wp\/v2\/product"}],"about":[{"href":"https:\/\/jnksport.com\/en\/wp-json\/wp\/v2\/types\/product"}],"replies":[{"embeddable":true,"href":"https:\/\/jnksport.com\/en\/wp-json\/wp\/v2\/comments?post=43295"}],"version-history":[{"count":0,"href":"https:\/\/jnksport.com\/en\/wp-json\/wp\/v2\/product\/43295\/revisions"}],"wp:featuredmedia":[{"embeddable":true,"href":"https:\/\/jnksport.com\/en\/wp-json\/wp\/v2\/media\/42772"}],"wp:attachment":[{"href":"https:\/\/jnksport.com\/en\/wp-json\/wp\/v2\/media?parent=43295"}],"wp:term":[{"taxonomy":"brand","embeddable":true,"href":"https:\/\/jnksport.com\/en\/wp-json\/wp\/v2\/etheme_brands?post=43295"},{"taxonomy":"product_brand","embeddable":true,"href":"https:\/\/jnksport.com\/en\/wp-json\/wp\/v2\/product_brand?post=43295"},{"taxonomy":"product_cat","embeddable":true,"href":"https:\/\/jnksport.com\/en\/wp-json\/wp\/v2\/product_cat?post=43295"},{"taxonomy":"product_tag","embeddable":true,"href":"https:\/\/jnksport.com\/en\/wp-json\/wp\/v2\/product_tag?post=43295"}],"curies":[{"name":"wp","href":"https:\/\/api.w.org\/{rel}","templated":true}]}}