{"id":43836,"date":"2025-04-08T16:33:31","date_gmt":"2025-04-08T16:33:31","guid":{"rendered":"https:\/\/jnksport.com\/?post_type=product&#038;p=43836"},"modified":"2026-04-29T22:32:03","modified_gmt":"2026-04-29T22:32:03","slug":"zapatilla-reebok-zig-dynamica-5-100074908-hombre","status":"publish","type":"product","link":"https:\/\/jnksport.com\/en\/product\/zapatilla-reebok-zig-dynamica-5-100074908-hombre\/","title":{"rendered":"Zapatilla Reebok Zig Dynamica 5 100074908 Hombre"},"content":{"rendered":"<div>\n<div>Zapatillas de running reactivas que forman parte de la colecci\u00f3n [ree]cycled de Reebok<br \/>\nLas Zig Dynamica sin duda le dar\u00e1n un impulso a tus pasos. Est\u00e1n dise\u00f1adas con una distintiva suela en zigzag que se expande y contrae como una banda el\u00e1stica para una respuesta el\u00e1stica al pisar el suelo. La ligera espuma Fuelfoam ofrece un equilibrio perfecto entre amortiguaci\u00f3n y soporte para una comodidad total del tal\u00f3n a la punta.<br \/>\nLas zapatillas Court Retro se inspiran en los dise\u00f1os cl\u00e1sicos de tenis de Reebok.<br \/>\nLa silueta minimalista est\u00e1 adornada con una raya lateral Vortex y un logo en el tal\u00f3n sacado directamente de los archivos de la marca.<br \/>\nLa puntera perforada y la suela de goma rinden homenaje a su origen en la pista de tenis.<\/div>\n<\/div>\n<ul>\n<li>Marca: Reebok<\/li>\n<li>Codigo: 100074908<\/li>\n<li>Modelo: Zig Dynamica 5<\/li>\n<li>G\u00e9nero: Hombre<\/li>\n<li>Estilo: Urbano<\/li>\n<li>Cierre: Cordones<\/li>\n<li>Material: Textil<\/li>\n<li>Color: Blanco<\/li>\n<li>Material de la Suela: Goma<\/li>\n<\/ul>\n","protected":false},"excerpt":{"rendered":"<p>Zapatillas de running reactivas que forman parte de la colecci\u00f3n [ree]cycled de Reebok Las Zig Dynamica sin duda le dar\u00e1n un impulso a tus pasos&#8230;.<\/p>\n","protected":false},"featured_media":43664,"comment_status":"open","ping_status":"closed","template":"","meta":{"om_disable_all_campaigns":false,"_monsterinsights_skip_tracking":false,"_monsterinsights_sitenote_active":false,"_monsterinsights_sitenote_note":"","_monsterinsights_sitenote_category":0,"_uf_show_specific_survey":0,"_uf_disable_surveys":false,"_joinchat":[]},"etheme_brands":[],"product_brand":[],"product_cat":[19],"product_tag":[],"class_list":{"0":"post-43836","1":"product","2":"type-product","3":"status-publish","4":"has-post-thumbnail","6":"product_cat-hombre","7":"product_shipping_class-envio-a-lima-y-provincia","9":"first","10":"instock","11":"sale","12":"featured","13":"shipping-taxable","14":"purchasable","15":"product-type-variable"},"aioseo_notices":[],"_links":{"self":[{"href":"https:\/\/jnksport.com\/en\/wp-json\/wp\/v2\/product\/43836","targetHints":{"allow":["GET"]}}],"collection":[{"href":"https:\/\/jnksport.com\/en\/wp-json\/wp\/v2\/product"}],"about":[{"href":"https:\/\/jnksport.com\/en\/wp-json\/wp\/v2\/types\/product"}],"replies":[{"embeddable":true,"href":"https:\/\/jnksport.com\/en\/wp-json\/wp\/v2\/comments?post=43836"}],"version-history":[{"count":0,"href":"https:\/\/jnksport.com\/en\/wp-json\/wp\/v2\/product\/43836\/revisions"}],"wp:featuredmedia":[{"embeddable":true,"href":"https:\/\/jnksport.com\/en\/wp-json\/wp\/v2\/media\/43664"}],"wp:attachment":[{"href":"https:\/\/jnksport.com\/en\/wp-json\/wp\/v2\/media?parent=43836"}],"wp:term":[{"taxonomy":"brand","embeddable":true,"href":"https:\/\/jnksport.com\/en\/wp-json\/wp\/v2\/etheme_brands?post=43836"},{"taxonomy":"product_brand","embeddable":true,"href":"https:\/\/jnksport.com\/en\/wp-json\/wp\/v2\/product_brand?post=43836"},{"taxonomy":"product_cat","embeddable":true,"href":"https:\/\/jnksport.com\/en\/wp-json\/wp\/v2\/product_cat?post=43836"},{"taxonomy":"product_tag","embeddable":true,"href":"https:\/\/jnksport.com\/en\/wp-json\/wp\/v2\/product_tag?post=43836"}],"curies":[{"name":"wp","href":"https:\/\/api.w.org\/{rel}","templated":true}]}}