{"id":43837,"date":"2025-04-08T16:33:31","date_gmt":"2025-04-08T16:33:31","guid":{"rendered":"https:\/\/jnksport.com\/?post_type=product&#038;p=43837"},"modified":"2026-04-25T19:59:31","modified_gmt":"2026-04-25T19:59:31","slug":"zapatilla-reebok-atr-chill-100200461-hombre","status":"publish","type":"product","link":"https:\/\/jnksport.com\/en\/product\/zapatilla-reebok-atr-chill-100200461-hombre\/","title":{"rendered":"Zapatilla Reebok Atr Chill 100200461 Hombre"},"content":{"rendered":"<div>\n<div>Zapatillas inspiradas en el baloncesto con parte superior de cuero.<\/p>\n<p>El dise\u00f1o superior de estas zapatillas Reebok ATR Chill est\u00e1 inspirado en nuestra tradici\u00f3n de baloncesto Above the Rim. Cada paso se sentir\u00e1 m\u00e1s suave gracias a su c\u00f3moda plantilla.<\/p>\n<p>Presupuesto<br \/>\nParte superior de cuero<br \/>\nCierre de encaje<br \/>\nPlantilla OrthoLite\u00ae<br \/>\nSuela de goma completa<\/p><\/div>\n<\/div>\n<ul>\n<li>Marca: Reebok<\/li>\n<li>Codigo: 100200461<\/li>\n<li>Modelo: Atr Chill<\/li>\n<li>G\u00e9nero: Hombre<\/li>\n<li>Estilo: Urbano<\/li>\n<li>Cierre: Cordones<\/li>\n<li>Material: Cuero<\/li>\n<li>Color: Blanco<\/li>\n<li>Material de la Suela: Goma<\/li>\n<\/ul>","protected":false},"excerpt":{"rendered":"<p>Zapatillas inspiradas en el baloncesto con parte superior de cuero. El dise\u00f1o superior de estas zapatillas Reebok ATR Chill est\u00e1 inspirado en nuestra tradici\u00f3n de&#8230;<\/p>","protected":false},"featured_media":43668,"comment_status":"open","ping_status":"closed","template":"","meta":{"om_disable_all_campaigns":false,"_monsterinsights_skip_tracking":false,"_monsterinsights_sitenote_active":false,"_monsterinsights_sitenote_note":"","_monsterinsights_sitenote_category":0,"_uf_show_specific_survey":0,"_uf_disable_surveys":false,"_joinchat":[]},"etheme_brands":[],"product_brand":[],"product_cat":[19],"product_tag":[],"class_list":{"0":"post-43837","1":"product","2":"type-product","3":"status-publish","4":"has-post-thumbnail","6":"product_cat-hombre","7":"product_shipping_class-envio-a-lima-y-provincia","9":"first","10":"instock","11":"sale","12":"featured","13":"shipping-taxable","14":"purchasable","15":"product-type-variable"},"aioseo_notices":[],"_links":{"self":[{"href":"https:\/\/jnksport.com\/en\/wp-json\/wp\/v2\/product\/43837","targetHints":{"allow":["GET"]}}],"collection":[{"href":"https:\/\/jnksport.com\/en\/wp-json\/wp\/v2\/product"}],"about":[{"href":"https:\/\/jnksport.com\/en\/wp-json\/wp\/v2\/types\/product"}],"replies":[{"embeddable":true,"href":"https:\/\/jnksport.com\/en\/wp-json\/wp\/v2\/comments?post=43837"}],"version-history":[{"count":0,"href":"https:\/\/jnksport.com\/en\/wp-json\/wp\/v2\/product\/43837\/revisions"}],"wp:featuredmedia":[{"embeddable":true,"href":"https:\/\/jnksport.com\/en\/wp-json\/wp\/v2\/media\/43668"}],"wp:attachment":[{"href":"https:\/\/jnksport.com\/en\/wp-json\/wp\/v2\/media?parent=43837"}],"wp:term":[{"taxonomy":"brand","embeddable":true,"href":"https:\/\/jnksport.com\/en\/wp-json\/wp\/v2\/etheme_brands?post=43837"},{"taxonomy":"product_brand","embeddable":true,"href":"https:\/\/jnksport.com\/en\/wp-json\/wp\/v2\/product_brand?post=43837"},{"taxonomy":"product_cat","embeddable":true,"href":"https:\/\/jnksport.com\/en\/wp-json\/wp\/v2\/product_cat?post=43837"},{"taxonomy":"product_tag","embeddable":true,"href":"https:\/\/jnksport.com\/en\/wp-json\/wp\/v2\/product_tag?post=43837"}],"curies":[{"name":"wp","href":"https:\/\/api.w.org\/{rel}","templated":true}]}}