{"id":43871,"date":"2025-04-08T16:33:36","date_gmt":"2025-04-08T16:33:36","guid":{"rendered":"https:\/\/jnksport.com\/?post_type=product&#038;p=43871"},"modified":"2025-12-02T07:48:26","modified_gmt":"2025-12-02T07:48:26","slug":"zapatilla-reebok-atr-chill-100201337-hombre","status":"publish","type":"product","link":"https:\/\/jnksport.com\/en\/product\/zapatilla-reebok-atr-chill-100201337-hombre\/","title":{"rendered":"Zapatilla Reebok Atr Chill 100201337 Hombre"},"content":{"rendered":"<div>\n<div>Estas zapatillas de baloncesto ATR Chill provienen de la colecci\u00f3n Reebok Above the Rim (ATR) de mediados de los 90. La combinaci\u00f3n de cuero y materiales sint\u00e9ticos en la parte superior y los acentos atrevidos del Vector crean un aspecto cl\u00e1sico pero moderno. Una combinaci\u00f3n de colores inspirada en la camiseta del equipo es tu boleto al equipo Reebok.<\/p>\n<p>La parte superior est\u00e1 hecha de cuero de alta calidad y materiales sint\u00e9ticos, que son conocidos por su durabilidad y resistencia. La plantilla de cuero con material sint\u00e9tico asegura que el zapato se mantenga firme y estable en todas las circunstancias.<\/p>\n<p>La canasta de cuello de espuma proporciona una sensaci\u00f3n suave y c\u00f3moda al usar los zapatos. El cuello contorneado aumenta la comodidad y permite un uso prolongado sin molestias.<\/p>\n<p>Los zapatos tienen cordones cl\u00e1sicos que garantizan que se mantengan firmes en tus pies durante cualquier actividad. Adem\u00e1s, el forro interior textil proporciona una comodidad adicional y una sensaci\u00f3n agradable en el pie durante todo el d\u00eda.<\/p>\n<p>La suela de goma en el exterior del zapato es duradera y proporciona un buen agarre en diversas superficies. Este modelo deportivo es una gran opci\u00f3n tanto para jugar al baloncesto como para uso informal.<\/p>\n<p>Con estas zapatillas deportivas de Reebok te sentir\u00e1s como un miembro m\u00e1s del equipo Reebok. Coge tu camiseta y \u00fanete al juego con las zapatillas ATR Chill de Reebok. Es una combinaci\u00f3n de estilo y rendimiento que nunca te decepcionar\u00e1.<\/p><\/div>\n<\/div>\n<ul>\n<li>Marca: Reebok<\/li>\n<li>Codigo: 100201337<\/li>\n<li>Modelo: Atr Chill<\/li>\n<li>G\u00e9nero: Hombre<\/li>\n<li>Estilo: Urbano<\/li>\n<li>Cierre: Cordones<\/li>\n<li>Material: Cuero<\/li>\n<li>Color: Multicolor<\/li>\n<li>Material de la Suela: Goma<\/li>\n<\/ul>","protected":false},"excerpt":{"rendered":"<p>Estas zapatillas de baloncesto ATR Chill provienen de la colecci\u00f3n Reebok Above the Rim (ATR) de mediados de los 90. La combinaci\u00f3n de cuero y&#8230;<\/p>","protected":false},"featured_media":43691,"comment_status":"open","ping_status":"closed","template":"","meta":{"om_disable_all_campaigns":false,"_monsterinsights_skip_tracking":false,"_monsterinsights_sitenote_active":false,"_monsterinsights_sitenote_note":"","_monsterinsights_sitenote_category":0,"_uf_show_specific_survey":0,"_uf_disable_surveys":false,"_joinchat":[]},"etheme_brands":[],"product_brand":[],"product_cat":[19],"product_tag":[],"class_list":{"0":"post-43871","1":"product","2":"type-product","3":"status-publish","4":"has-post-thumbnail","6":"product_cat-hombre","7":"product_shipping_class-envio-a-lima-y-provincia","9":"first","10":"instock","11":"sale","12":"featured","13":"shipping-taxable","14":"purchasable","15":"product-type-variable"},"aioseo_notices":[],"_links":{"self":[{"href":"https:\/\/jnksport.com\/en\/wp-json\/wp\/v2\/product\/43871","targetHints":{"allow":["GET"]}}],"collection":[{"href":"https:\/\/jnksport.com\/en\/wp-json\/wp\/v2\/product"}],"about":[{"href":"https:\/\/jnksport.com\/en\/wp-json\/wp\/v2\/types\/product"}],"replies":[{"embeddable":true,"href":"https:\/\/jnksport.com\/en\/wp-json\/wp\/v2\/comments?post=43871"}],"version-history":[{"count":0,"href":"https:\/\/jnksport.com\/en\/wp-json\/wp\/v2\/product\/43871\/revisions"}],"wp:featuredmedia":[{"embeddable":true,"href":"https:\/\/jnksport.com\/en\/wp-json\/wp\/v2\/media\/43691"}],"wp:attachment":[{"href":"https:\/\/jnksport.com\/en\/wp-json\/wp\/v2\/media?parent=43871"}],"wp:term":[{"taxonomy":"brand","embeddable":true,"href":"https:\/\/jnksport.com\/en\/wp-json\/wp\/v2\/etheme_brands?post=43871"},{"taxonomy":"product_brand","embeddable":true,"href":"https:\/\/jnksport.com\/en\/wp-json\/wp\/v2\/product_brand?post=43871"},{"taxonomy":"product_cat","embeddable":true,"href":"https:\/\/jnksport.com\/en\/wp-json\/wp\/v2\/product_cat?post=43871"},{"taxonomy":"product_tag","embeddable":true,"href":"https:\/\/jnksport.com\/en\/wp-json\/wp\/v2\/product_tag?post=43871"}],"curies":[{"name":"wp","href":"https:\/\/api.w.org\/{rel}","templated":true}]}}