{"id":43938,"date":"2025-04-08T16:33:48","date_gmt":"2025-04-08T16:33:48","guid":{"rendered":"https:\/\/jnksport.com\/?post_type=product&#038;p=43938"},"modified":"2025-11-28T07:25:20","modified_gmt":"2025-11-28T07:25:20","slug":"zapatilla-skechers-flex-appeal-5-0-150201-bkw-mujer","status":"publish","type":"product","link":"https:\/\/jnksport.com\/en\/product\/zapatilla-skechers-flex-appeal-5-0-150201-bkw-mujer\/","title":{"rendered":"Zapatilla Skechers Flex Appeal 5.0  150201-BKW Mujer"},"content":{"rendered":"<div>\n<div>Obtenga una nueva perspectiva de estilo deportivo, flexible y comodidad con la zapatilla deportiva para mujer Skechers Flex Appeal 5.0. Este estilo vegano con cordones presenta una parte superior de malla especialmente dise\u00f1ada con una plantilla acolchada Skechers Air-Cooled Memory Foam\u00ae. Supera tus l\u00edmites gracias al dise\u00f1o ultraflexible del calzado. La tecnolog\u00eda de suela Air Cooled Memory Foam se utiliza en la plantilla. Incluso si permanece de pie durante largos per\u00edodos de tiempo durante el d\u00eda, esta tecnolog\u00eda de espuma viscoel\u00e1stica amortigua sus pies suavemente y le permite dar pasos c\u00f3modos y relajados durante todo el d\u00eda. Las zapatillas para mujer Skechers Flex Appeal 5.0 cuentan con una entresuela Flex Lite altamente flexible y liviana que tambi\u00e9n protege tus pies de los impactos. Su suela s\u00faper flexible proporciona una experiencia de caminata perfecta.<\/div>\n<\/div>\n<ul>\n<li>Marca: Skechers<\/li>\n<li>Codigo: 150201-BKW<\/li>\n<li>Modelo: Flex Appeal 5.0 <\/li>\n<li>G\u00e9nero: Mujer<\/li>\n<li>Estilo: Urbano<\/li>\n<li>Cierre: Cordones<\/li>\n<li>Material: Textil<\/li>\n<li>Color: Negro<\/li>\n<li>Material de la Suela: Goma<\/li>\n<\/ul>","protected":false},"excerpt":{"rendered":"<p>Obtenga una nueva perspectiva de estilo deportivo, flexible y comodidad con la zapatilla deportiva para mujer Skechers Flex Appeal 5.0. Este estilo vegano con cordones&#8230;<\/p>","protected":false},"featured_media":43464,"comment_status":"open","ping_status":"closed","template":"","meta":{"om_disable_all_campaigns":false,"_monsterinsights_skip_tracking":false,"_monsterinsights_sitenote_active":false,"_monsterinsights_sitenote_note":"","_monsterinsights_sitenote_category":0,"_uf_show_specific_survey":0,"_uf_disable_surveys":false,"_joinchat":[]},"etheme_brands":[],"product_brand":[],"product_cat":[18],"product_tag":[],"class_list":{"0":"post-43938","1":"product","2":"type-product","3":"status-publish","4":"has-post-thumbnail","6":"product_cat-mujer","7":"product_shipping_class-envio-a-lima-y-provincia","9":"first","10":"instock","11":"sale","12":"featured","13":"shipping-taxable","14":"purchasable","15":"product-type-variable"},"aioseo_notices":[],"_links":{"self":[{"href":"https:\/\/jnksport.com\/en\/wp-json\/wp\/v2\/product\/43938","targetHints":{"allow":["GET"]}}],"collection":[{"href":"https:\/\/jnksport.com\/en\/wp-json\/wp\/v2\/product"}],"about":[{"href":"https:\/\/jnksport.com\/en\/wp-json\/wp\/v2\/types\/product"}],"replies":[{"embeddable":true,"href":"https:\/\/jnksport.com\/en\/wp-json\/wp\/v2\/comments?post=43938"}],"version-history":[{"count":0,"href":"https:\/\/jnksport.com\/en\/wp-json\/wp\/v2\/product\/43938\/revisions"}],"wp:featuredmedia":[{"embeddable":true,"href":"https:\/\/jnksport.com\/en\/wp-json\/wp\/v2\/media\/43464"}],"wp:attachment":[{"href":"https:\/\/jnksport.com\/en\/wp-json\/wp\/v2\/media?parent=43938"}],"wp:term":[{"taxonomy":"brand","embeddable":true,"href":"https:\/\/jnksport.com\/en\/wp-json\/wp\/v2\/etheme_brands?post=43938"},{"taxonomy":"product_brand","embeddable":true,"href":"https:\/\/jnksport.com\/en\/wp-json\/wp\/v2\/product_brand?post=43938"},{"taxonomy":"product_cat","embeddable":true,"href":"https:\/\/jnksport.com\/en\/wp-json\/wp\/v2\/product_cat?post=43938"},{"taxonomy":"product_tag","embeddable":true,"href":"https:\/\/jnksport.com\/en\/wp-json\/wp\/v2\/product_tag?post=43938"}],"curies":[{"name":"wp","href":"https:\/\/api.w.org\/{rel}","templated":true}]}}