{"id":44039,"date":"2025-04-08T16:34:02","date_gmt":"2025-04-08T16:34:02","guid":{"rendered":"https:\/\/jnksport.com\/?post_type=product&#038;p=44039"},"modified":"2026-04-11T17:02:55","modified_gmt":"2026-04-11T17:02:55","slug":"zapatilla-skechers-court-high-310187l-ltpk-ninas","status":"publish","type":"product","link":"https:\/\/jnksport.com\/en\/product\/zapatilla-skechers-court-high-310187l-ltpk-ninas\/","title":{"rendered":"Zapatilla Skechers Court High 310187L-LTPK Ni\u00f1as"},"content":{"rendered":"<div>\n<div>Disfruta de estar activo con un estilo divertido y colorido con estas zapatillas Skechers Court High para ni\u00f1as. Estas zapatillas est\u00e1n dise\u00f1adas para un d\u00eda en\u00e9rgico y favorecen la libertad de movimiento de los ni\u00f1os. Ofrece una experiencia de caminata c\u00f3moda gracias a su plantilla acolchada y c\u00f3moda; Asegura que los pies no se sientan cansados \u200b\u200bincluso despu\u00e9s de largos per\u00edodos de uso. Su suela flexible maximiza el agarre y te permite correr y jugar con seguridad en diferentes superficies. Adem\u00e1s, la innovadora funci\u00f3n de cierre adaptable de Skechers ayuda a los ni\u00f1os a ponerse y quitarse los zapatos f\u00e1cilmente y al mismo tiempo proporciona un ajuste personalizado. La parte superior del zapato est\u00e1 construida con malla multicolor y materiales superpuestos con impresi\u00f3n t\u00e1ctil con cordones el\u00e1sticos y una correa de empeine ajustable. Este dise\u00f1o combina elegancia y funcionalidad, enriqueciendo el estilo de ropa infantil. Adem\u00e1s, ofrece una soluci\u00f3n pr\u00e1ctica contra la suciedad que puede producirse con el uso activo diario y proporciona facilidad de limpieza gracias a su funci\u00f3n lavable a m\u00e1quina.<\/div>\n<\/div>\n<ul>\n<li>Marca: Skechers<\/li>\n<li>Codigo: 310187L-LTPK<\/li>\n<li>Modelo: Court High<\/li>\n<li>G\u00e9nero: Ni\u00f1as<\/li>\n<li>Estilo: Urbano<\/li>\n<li>Cierre: Cordones<\/li>\n<li>Material: Sintetico<\/li>\n<li>Color: Rosado<\/li>\n<li>Material de la Suela: Goma<\/li>\n<\/ul>","protected":false},"excerpt":{"rendered":"<p>Disfruta de estar activo con un estilo divertido y colorido con estas zapatillas Skechers Court High para ni\u00f1as. Estas zapatillas est\u00e1n dise\u00f1adas para un d\u00eda&#8230;<\/p>","protected":false},"featured_media":43525,"comment_status":"open","ping_status":"closed","template":"","meta":{"om_disable_all_campaigns":false,"_monsterinsights_skip_tracking":false,"_monsterinsights_sitenote_active":false,"_monsterinsights_sitenote_note":"","_monsterinsights_sitenote_category":0,"_uf_show_specific_survey":0,"_uf_disable_surveys":false,"_joinchat":[]},"etheme_brands":[],"product_brand":[],"product_cat":[573],"product_tag":[],"class_list":{"0":"post-44039","1":"product","2":"type-product","3":"status-publish","4":"has-post-thumbnail","6":"product_cat-ninas-2","7":"product_shipping_class-envio-a-lima-y-provincia","9":"first","10":"instock","11":"sale","12":"featured","13":"shipping-taxable","14":"purchasable","15":"product-type-variable"},"aioseo_notices":[],"_links":{"self":[{"href":"https:\/\/jnksport.com\/en\/wp-json\/wp\/v2\/product\/44039","targetHints":{"allow":["GET"]}}],"collection":[{"href":"https:\/\/jnksport.com\/en\/wp-json\/wp\/v2\/product"}],"about":[{"href":"https:\/\/jnksport.com\/en\/wp-json\/wp\/v2\/types\/product"}],"replies":[{"embeddable":true,"href":"https:\/\/jnksport.com\/en\/wp-json\/wp\/v2\/comments?post=44039"}],"version-history":[{"count":0,"href":"https:\/\/jnksport.com\/en\/wp-json\/wp\/v2\/product\/44039\/revisions"}],"wp:featuredmedia":[{"embeddable":true,"href":"https:\/\/jnksport.com\/en\/wp-json\/wp\/v2\/media\/43525"}],"wp:attachment":[{"href":"https:\/\/jnksport.com\/en\/wp-json\/wp\/v2\/media?parent=44039"}],"wp:term":[{"taxonomy":"brand","embeddable":true,"href":"https:\/\/jnksport.com\/en\/wp-json\/wp\/v2\/etheme_brands?post=44039"},{"taxonomy":"product_brand","embeddable":true,"href":"https:\/\/jnksport.com\/en\/wp-json\/wp\/v2\/product_brand?post=44039"},{"taxonomy":"product_cat","embeddable":true,"href":"https:\/\/jnksport.com\/en\/wp-json\/wp\/v2\/product_cat?post=44039"},{"taxonomy":"product_tag","embeddable":true,"href":"https:\/\/jnksport.com\/en\/wp-json\/wp\/v2\/product_tag?post=44039"}],"curies":[{"name":"wp","href":"https:\/\/api.w.org\/{rel}","templated":true}]}}