{"id":44106,"date":"2025-04-08T16:34:10","date_gmt":"2025-04-08T16:34:10","guid":{"rendered":"https:\/\/jnksport.com\/?post_type=product&#038;p=44106"},"modified":"2025-11-14T22:52:02","modified_gmt":"2025-11-14T22:52:02","slug":"zapatilla-puma-carina-street-389390-46-mujer","status":"publish","type":"product","link":"https:\/\/jnksport.com\/en\/product\/zapatilla-puma-carina-street-389390-46-mujer\/","title":{"rendered":"Zapatilla Puma Carina Street 389390-46 Mujer"},"content":{"rendered":"<div>\n<div>Un dise\u00f1o inspirado en la moda deportiva con una plataforma ligeramente elevada convierte estas Carina en un modelo perfecto para sus conjuntos diarios.<\/p>\n<p>CARACTER\u00cdSTICAS + BENEFICIOS<br \/>\nSOFTFOAM+: plantilla de confort dise\u00f1ada para proporcionar una suave amortiguaci\u00f3n gracias a su tal\u00f3n extragrueso<br \/>\nDETALLES<br \/>\nExterior de piel<br \/>\nEntresuela de goma<br \/>\nSuela de goma<br \/>\nFormstrip de PUMA en el lateral interior y exterior<br \/>\nLogotipo PUMA Cat en el tal\u00f3n<br \/>\nInformaci\u00f3n del material<br \/>\nPlantilla: 100% Textil<br \/>\nSuela: 100% Goma<br \/>\nExterior: 52.81% Piel de vacuno, 47.19% Sint\u00e9tico<br \/>\nForro: 60% Textil, 40% Sint\u00e9tico<\/p><\/div>\n<\/div>\n<ul>\n<li>Marca: Puma<\/li>\n<li>Codigo: 389390-46<\/li>\n<li>Modelo: Carina Street<\/li>\n<li>G\u00e9nero: Mujer<\/li>\n<li>Estilo: Urbano<\/li>\n<li>Cierre: Cordones<\/li>\n<li>Material: Cuero<\/li>\n<li>Color: Blanco<\/li>\n<li>Material de la Suela: Goma<\/li>\n<\/ul>","protected":false},"excerpt":{"rendered":"<p>Un dise\u00f1o inspirado en la moda deportiva con una plataforma ligeramente elevada convierte estas Carina en un modelo perfecto para sus conjuntos diarios. CARACTER\u00cdSTICAS +&#8230;<\/p>","protected":false},"featured_media":43559,"comment_status":"open","ping_status":"closed","template":"","meta":{"om_disable_all_campaigns":false,"_monsterinsights_skip_tracking":false,"_monsterinsights_sitenote_active":false,"_monsterinsights_sitenote_note":"","_monsterinsights_sitenote_category":0,"_uf_show_specific_survey":0,"_uf_disable_surveys":false,"_joinchat":[]},"etheme_brands":[],"product_brand":[],"product_cat":[18],"product_tag":[],"class_list":{"0":"post-44106","1":"product","2":"type-product","3":"status-publish","4":"has-post-thumbnail","6":"product_cat-mujer","7":"product_shipping_class-envio-a-lima-y-provincia","9":"first","10":"instock","11":"sale","12":"featured","13":"shipping-taxable","14":"purchasable","15":"product-type-variable"},"aioseo_notices":[],"_links":{"self":[{"href":"https:\/\/jnksport.com\/en\/wp-json\/wp\/v2\/product\/44106","targetHints":{"allow":["GET"]}}],"collection":[{"href":"https:\/\/jnksport.com\/en\/wp-json\/wp\/v2\/product"}],"about":[{"href":"https:\/\/jnksport.com\/en\/wp-json\/wp\/v2\/types\/product"}],"replies":[{"embeddable":true,"href":"https:\/\/jnksport.com\/en\/wp-json\/wp\/v2\/comments?post=44106"}],"version-history":[{"count":0,"href":"https:\/\/jnksport.com\/en\/wp-json\/wp\/v2\/product\/44106\/revisions"}],"wp:featuredmedia":[{"embeddable":true,"href":"https:\/\/jnksport.com\/en\/wp-json\/wp\/v2\/media\/43559"}],"wp:attachment":[{"href":"https:\/\/jnksport.com\/en\/wp-json\/wp\/v2\/media?parent=44106"}],"wp:term":[{"taxonomy":"brand","embeddable":true,"href":"https:\/\/jnksport.com\/en\/wp-json\/wp\/v2\/etheme_brands?post=44106"},{"taxonomy":"product_brand","embeddable":true,"href":"https:\/\/jnksport.com\/en\/wp-json\/wp\/v2\/product_brand?post=44106"},{"taxonomy":"product_cat","embeddable":true,"href":"https:\/\/jnksport.com\/en\/wp-json\/wp\/v2\/product_cat?post=44106"},{"taxonomy":"product_tag","embeddable":true,"href":"https:\/\/jnksport.com\/en\/wp-json\/wp\/v2\/product_tag?post=44106"}],"curies":[{"name":"wp","href":"https:\/\/api.w.org\/{rel}","templated":true}]}}