{"id":44139,"date":"2025-04-08T16:34:15","date_gmt":"2025-04-08T16:34:15","guid":{"rendered":"https:\/\/jnksport.com\/?post_type=product&#038;p=44139"},"modified":"2025-12-30T08:01:38","modified_gmt":"2025-12-30T08:01:38","slug":"zapatilla-puma-carina-3-0-lux-400365-03-mujer","status":"publish","type":"product","link":"https:\/\/jnksport.com\/en\/product\/zapatilla-puma-carina-3-0-lux-400365-03-mujer\/","title":{"rendered":"Zapatilla Puma Carina 3.0 Lux 400365-03 Mujer"},"content":{"rendered":"<div>\n<div>Presentamos las Carina 3.0. Tomando ejemplos de dise\u00f1o de los a\u00f1os 80, la cl\u00e1sica silueta de estas zapatillas est\u00e1 inspirada en el estilo relajado de la moda playera californiana. Manteni\u00e9ndose fiel a su apreciado look y calce, las Carina 3.0 dan un paso hacia la nueva temporada con algunas novedades.<\/p>\n<p>CARACTER\u00cdSTICAS + BENEFICIOS<br \/>\nEmpeine fabricado con al menos un 30% de materiales reciclados<br \/>\nSOFTFOAM+: Plantilla c\u00f3moda, dise\u00f1ada con un tal\u00f3n extra grueso para proporcionar una amortiguaci\u00f3n suave<br \/>\nDETALLES<br \/>\nCalce regular<br \/>\nCapellada de cuero y mezcla de materiales<br \/>\nCon cordones<br \/>\nSuela de goma<br \/>\nFormstrip PUMA en ambos laterales<br \/>\nDetalles de la marca PUMA<\/p><\/div>\n<\/div>\n<ul>\n<li>Marca: Puma<\/li>\n<li>Codigo: 400365-03<\/li>\n<li>Modelo: Carina 3.0 Lux<\/li>\n<li>G\u00e9nero: Mujer<\/li>\n<li>Estilo: Urbano<\/li>\n<li>Cierre: Cordones<\/li>\n<li>Material: Cuero<\/li>\n<li>Color: Blanco<\/li>\n<li>Material de la Suela: Goma<\/li>\n<\/ul>","protected":false},"excerpt":{"rendered":"<p>Presentamos las Carina 3.0. Tomando ejemplos de dise\u00f1o de los a\u00f1os 80, la cl\u00e1sica silueta de estas zapatillas est\u00e1 inspirada en el estilo relajado de&#8230;<\/p>","protected":false},"featured_media":43577,"comment_status":"open","ping_status":"closed","template":"","meta":{"om_disable_all_campaigns":false,"_monsterinsights_skip_tracking":false,"_monsterinsights_sitenote_active":false,"_monsterinsights_sitenote_note":"","_monsterinsights_sitenote_category":0,"_uf_show_specific_survey":0,"_uf_disable_surveys":false,"_joinchat":[]},"etheme_brands":[],"product_brand":[],"product_cat":[18],"product_tag":[],"class_list":{"0":"post-44139","1":"product","2":"type-product","3":"status-publish","4":"has-post-thumbnail","6":"product_cat-mujer","7":"product_shipping_class-envio-a-lima-y-provincia","9":"first","10":"instock","11":"sale","12":"featured","13":"shipping-taxable","14":"purchasable","15":"product-type-variable"},"aioseo_notices":[],"_links":{"self":[{"href":"https:\/\/jnksport.com\/en\/wp-json\/wp\/v2\/product\/44139","targetHints":{"allow":["GET"]}}],"collection":[{"href":"https:\/\/jnksport.com\/en\/wp-json\/wp\/v2\/product"}],"about":[{"href":"https:\/\/jnksport.com\/en\/wp-json\/wp\/v2\/types\/product"}],"replies":[{"embeddable":true,"href":"https:\/\/jnksport.com\/en\/wp-json\/wp\/v2\/comments?post=44139"}],"version-history":[{"count":0,"href":"https:\/\/jnksport.com\/en\/wp-json\/wp\/v2\/product\/44139\/revisions"}],"wp:featuredmedia":[{"embeddable":true,"href":"https:\/\/jnksport.com\/en\/wp-json\/wp\/v2\/media\/43577"}],"wp:attachment":[{"href":"https:\/\/jnksport.com\/en\/wp-json\/wp\/v2\/media?parent=44139"}],"wp:term":[{"taxonomy":"brand","embeddable":true,"href":"https:\/\/jnksport.com\/en\/wp-json\/wp\/v2\/etheme_brands?post=44139"},{"taxonomy":"product_brand","embeddable":true,"href":"https:\/\/jnksport.com\/en\/wp-json\/wp\/v2\/product_brand?post=44139"},{"taxonomy":"product_cat","embeddable":true,"href":"https:\/\/jnksport.com\/en\/wp-json\/wp\/v2\/product_cat?post=44139"},{"taxonomy":"product_tag","embeddable":true,"href":"https:\/\/jnksport.com\/en\/wp-json\/wp\/v2\/product_tag?post=44139"}],"curies":[{"name":"wp","href":"https:\/\/api.w.org\/{rel}","templated":true}]}}