{"id":44242,"date":"2025-04-08T16:34:32","date_gmt":"2025-04-08T16:34:32","guid":{"rendered":"https:\/\/jnksport.com\/?post_type=product&#038;p=44242"},"modified":"2026-03-21T08:03:16","modified_gmt":"2026-03-21T08:03:16","slug":"zapatilla-converse-pro-blaze-a08750-ninos","status":"publish","type":"product","link":"https:\/\/jnksport.com\/en\/product\/zapatilla-converse-pro-blaze-a08750-ninos\/","title":{"rendered":"Zapatilla Converse Pro Blaze A08750 Ni\u00f1os"},"content":{"rendered":"<div>\n<div>FEN\u00d3MENO DEL JUEGO Las Pro Blaze elevan tu estilo a otro nivel. Vienen en un look monocrom\u00e1tico blanco para lograr un aire deportivo retro insuperable. Son f\u00e1ciles de poner y quitar, as\u00ed que no tardar\u00e1s nada en salir a jugar.<\/p>\n<p>Detalles:<br \/>\nParte superior de piel, como en la versi\u00f3n para adultos, para un look de equipo<br \/>\nAmortiguaci\u00f3n Converse Comfort para ofrecer un juego c\u00f3modo<br \/>\nTira ajustable, cordones el\u00e1sticos y presilla en el tal\u00f3n para pon\u00e9rselas y quit\u00e1rselas f\u00e1cilmente<br \/>\nZona del tobillo y leng\u00fceta acolchadas para una mayor comodidad<br \/>\nLogotipo posterior All Star y estrella y gal\u00f3n atemporales que aportan un toque vintage<br \/>\nCategor\u00eda: Calzado<br \/>\nG\u00e9nero: Ni\u00f1o<br \/>\nEstilo: Urbano<br \/>\nMaterial de suela: Caucho<br \/>\nSuperficie : Asfalto<br \/>\nTipo de Ca\u00f1a: Ca\u00f1a Baja<\/p><\/div>\n<\/div>\n<ul>\n<li>Marca: Converse<\/li>\n<li>Codigo: A08750<\/li>\n<li>Modelo: Pro Blaze<\/li>\n<li>G\u00e9nero: Ni\u00f1os<\/li>\n<li>Estilo: Urbano<\/li>\n<li>Cierre: Cordones<\/li>\n<li>Material: Cuero<\/li>\n<li>Color: Blanco<\/li>\n<li>Material de la Suela: Caucho<\/li>\n<\/ul>","protected":false},"excerpt":{"rendered":"<p>FEN\u00d3MENO DEL JUEGO Las Pro Blaze elevan tu estilo a otro nivel. Vienen en un look monocrom\u00e1tico blanco para lograr un aire deportivo retro insuperable&#8230;.<\/p>","protected":false},"featured_media":43706,"comment_status":"open","ping_status":"closed","template":"","meta":{"om_disable_all_campaigns":false,"_monsterinsights_skip_tracking":false,"_monsterinsights_sitenote_active":false,"_monsterinsights_sitenote_note":"","_monsterinsights_sitenote_category":0,"_uf_show_specific_survey":0,"_uf_disable_surveys":false,"_joinchat":[]},"etheme_brands":[],"product_brand":[],"product_cat":[159],"product_tag":[],"class_list":{"0":"post-44242","1":"product","2":"type-product","3":"status-publish","4":"has-post-thumbnail","6":"product_cat-ninos","7":"product_shipping_class-envio-a-lima-y-provincia","9":"first","10":"instock","11":"sale","12":"featured","13":"shipping-taxable","14":"purchasable","15":"product-type-variable"},"aioseo_notices":[],"_links":{"self":[{"href":"https:\/\/jnksport.com\/en\/wp-json\/wp\/v2\/product\/44242","targetHints":{"allow":["GET"]}}],"collection":[{"href":"https:\/\/jnksport.com\/en\/wp-json\/wp\/v2\/product"}],"about":[{"href":"https:\/\/jnksport.com\/en\/wp-json\/wp\/v2\/types\/product"}],"replies":[{"embeddable":true,"href":"https:\/\/jnksport.com\/en\/wp-json\/wp\/v2\/comments?post=44242"}],"version-history":[{"count":0,"href":"https:\/\/jnksport.com\/en\/wp-json\/wp\/v2\/product\/44242\/revisions"}],"wp:featuredmedia":[{"embeddable":true,"href":"https:\/\/jnksport.com\/en\/wp-json\/wp\/v2\/media\/43706"}],"wp:attachment":[{"href":"https:\/\/jnksport.com\/en\/wp-json\/wp\/v2\/media?parent=44242"}],"wp:term":[{"taxonomy":"brand","embeddable":true,"href":"https:\/\/jnksport.com\/en\/wp-json\/wp\/v2\/etheme_brands?post=44242"},{"taxonomy":"product_brand","embeddable":true,"href":"https:\/\/jnksport.com\/en\/wp-json\/wp\/v2\/product_brand?post=44242"},{"taxonomy":"product_cat","embeddable":true,"href":"https:\/\/jnksport.com\/en\/wp-json\/wp\/v2\/product_cat?post=44242"},{"taxonomy":"product_tag","embeddable":true,"href":"https:\/\/jnksport.com\/en\/wp-json\/wp\/v2\/product_tag?post=44242"}],"curies":[{"name":"wp","href":"https:\/\/api.w.org\/{rel}","templated":true}]}}