{"id":44274,"date":"2025-04-08T16:34:37","date_gmt":"2025-04-08T16:34:37","guid":{"rendered":"https:\/\/jnksport.com\/?post_type=product&#038;p=44274"},"modified":"2026-03-06T08:18:57","modified_gmt":"2026-03-06T08:18:57","slug":"zapatilla-converse-chuck-taylor-all-star-a10761-ninos","status":"publish","type":"product","link":"https:\/\/jnksport.com\/en\/product\/zapatilla-converse-chuck-taylor-all-star-a10761-ninos\/","title":{"rendered":"Zapatilla Converse Chuck Taylor All Star A10761 Ni\u00f1os"},"content":{"rendered":"<div>\n<div>COLORES Y DIVERSI\u00d3N Nuevas tonalidades, m\u00e1s formas de captar su estilo. Estas zapatillas acolchadas de corte medio est\u00e1n disponibles en nuevos colores para adaptarse a cada estado de \u00e1nimo.<\/p>\n<p>Detalles:<br \/>\nParte superior de lona con el look exclusivo de Converse<br \/>\nAmortiguaci\u00f3n de espuma suave bajo el pie que permite jugar con comodidad<br \/>\nCordones el\u00e1sticos, correa regulable y tira en el tal\u00f3n para pon\u00e9rselas y quit\u00e1rselas f\u00e1cilmente<br \/>\nLeng\u00fceta y zona del tobillo acolchadas que ayudan a conseguir m\u00e1s comodidad<br \/>\nParche Chuck Taylor ic\u00f3nico en el tobillo y logotipo posterior All Star<br \/>\nCategor\u00eda: Calzado<br \/>\nG\u00e9nero: Ni\u00f1o<br \/>\nEstilo: Urbano<br \/>\nMaterial de suela: Caucho<br \/>\nSuperficie : Asfalto<br \/>\nTipo de Ca\u00f1a: Ca\u00f1a Media<\/p><\/div>\n<\/div>\n<ul>\n<li>Marca: Converse<\/li>\n<li>Codigo: A10761<\/li>\n<li>Modelo: Chuck Taylor All Star<\/li>\n<li>G\u00e9nero: Ni\u00f1os<\/li>\n<li>Estilo: Urbano<\/li>\n<li>Cierre: Cordones<\/li>\n<li>Material: Textil<\/li>\n<li>Color: Verde<\/li>\n<li>Material de la Suela: Caucho<\/li>\n<\/ul>","protected":false},"excerpt":{"rendered":"<p>COLORES Y DIVERSI\u00d3N Nuevas tonalidades, m\u00e1s formas de captar su estilo. Estas zapatillas acolchadas de corte medio est\u00e1n disponibles en nuevos colores para adaptarse a&#8230;<\/p>","protected":false},"featured_media":43718,"comment_status":"open","ping_status":"closed","template":"","meta":{"om_disable_all_campaigns":false,"_monsterinsights_skip_tracking":false,"_monsterinsights_sitenote_active":false,"_monsterinsights_sitenote_note":"","_monsterinsights_sitenote_category":0,"_uf_show_specific_survey":0,"_uf_disable_surveys":false,"_joinchat":[]},"etheme_brands":[],"product_brand":[],"product_cat":[159],"product_tag":[],"class_list":{"0":"post-44274","1":"product","2":"type-product","3":"status-publish","4":"has-post-thumbnail","6":"product_cat-ninos","7":"product_shipping_class-envio-a-lima-y-provincia","9":"first","10":"instock","11":"sale","12":"featured","13":"shipping-taxable","14":"purchasable","15":"product-type-variable"},"aioseo_notices":[],"_links":{"self":[{"href":"https:\/\/jnksport.com\/en\/wp-json\/wp\/v2\/product\/44274","targetHints":{"allow":["GET"]}}],"collection":[{"href":"https:\/\/jnksport.com\/en\/wp-json\/wp\/v2\/product"}],"about":[{"href":"https:\/\/jnksport.com\/en\/wp-json\/wp\/v2\/types\/product"}],"replies":[{"embeddable":true,"href":"https:\/\/jnksport.com\/en\/wp-json\/wp\/v2\/comments?post=44274"}],"version-history":[{"count":0,"href":"https:\/\/jnksport.com\/en\/wp-json\/wp\/v2\/product\/44274\/revisions"}],"wp:featuredmedia":[{"embeddable":true,"href":"https:\/\/jnksport.com\/en\/wp-json\/wp\/v2\/media\/43718"}],"wp:attachment":[{"href":"https:\/\/jnksport.com\/en\/wp-json\/wp\/v2\/media?parent=44274"}],"wp:term":[{"taxonomy":"brand","embeddable":true,"href":"https:\/\/jnksport.com\/en\/wp-json\/wp\/v2\/etheme_brands?post=44274"},{"taxonomy":"product_brand","embeddable":true,"href":"https:\/\/jnksport.com\/en\/wp-json\/wp\/v2\/product_brand?post=44274"},{"taxonomy":"product_cat","embeddable":true,"href":"https:\/\/jnksport.com\/en\/wp-json\/wp\/v2\/product_cat?post=44274"},{"taxonomy":"product_tag","embeddable":true,"href":"https:\/\/jnksport.com\/en\/wp-json\/wp\/v2\/product_tag?post=44274"}],"curies":[{"name":"wp","href":"https:\/\/api.w.org\/{rel}","templated":true}]}}