{"id":44306,"date":"2025-04-08T16:34:43","date_gmt":"2025-04-08T16:34:43","guid":{"rendered":"https:\/\/jnksport.com\/?post_type=product&#038;p=44306"},"modified":"2026-04-29T22:32:03","modified_gmt":"2026-04-29T22:32:03","slug":"zapatilla-converse-star-player-76-a11509-hombre","status":"publish","type":"product","link":"https:\/\/jnksport.com\/en\/product\/zapatilla-converse-star-player-76-a11509-hombre\/","title":{"rendered":"Zapatilla Converse Star Player 76 A11509 Hombre"},"content":{"rendered":"<div>\n<div>CL\u00c1SICO ETERNO Versatilidad y durabilidad, \u00bfsin volumen? No busque m\u00e1s que el Star Player 76. Est\u00e1 dise\u00f1ado para durar (con costuras que lo demuestran) y en colores que lo hacen infinitamente usable.<\/p>\n<p>Detalles:<br \/>\nParte superior de lona duradera con detalles de costura inspirados en los estilos deportivos vintage de Converse.<br \/>\nLa amortiguaci\u00f3n OrthoLite ayuda a proporcionar una comodidad \u00f3ptima.<br \/>\nUn cuello acolchado y m\u00e1s espacio que las Chuck cl\u00e1sicas ayudan a ofrecer comodidad diaria.<br \/>\nLos colores atemporales te brindan un estilo vers\u00e1til.<br \/>\nLeather Star Chevron representa el legado de deporte y estilo urbano de Converse<br \/>\nCategor\u00eda: Calzado<br \/>\nG\u00e9nero: Hombre<br \/>\nEstilo: Urbano<br \/>\nMaterial de suela: Caucho<br \/>\nSuperficie : Asfalto<br \/>\nTipo de Ca\u00f1a: Ca\u00f1a Baja<\/p><\/div>\n<\/div>\n<ul>\n<li>Marca: Converse<\/li>\n<li>Codigo: A11509<\/li>\n<li>Modelo: Star Player 76<\/li>\n<li>G\u00e9nero: Hombre<\/li>\n<li>Estilo: Urbano<\/li>\n<li>Cierre: Cordones<\/li>\n<li>Material: Textil<\/li>\n<li>Color: Gris<\/li>\n<li>Material de la Suela: Caucho<\/li>\n<\/ul>","protected":false},"excerpt":{"rendered":"<p>CL\u00c1SICO ETERNO Versatilidad y durabilidad, \u00bfsin volumen? No busque m\u00e1s que el Star Player 76. Est\u00e1 dise\u00f1ado para durar (con costuras que lo demuestran) y&#8230;<\/p>","protected":false},"featured_media":43730,"comment_status":"open","ping_status":"closed","template":"","meta":{"om_disable_all_campaigns":false,"_monsterinsights_skip_tracking":false,"_monsterinsights_sitenote_active":false,"_monsterinsights_sitenote_note":"","_monsterinsights_sitenote_category":0,"_uf_show_specific_survey":0,"_uf_disable_surveys":false,"_joinchat":[]},"etheme_brands":[],"product_brand":[],"product_cat":[19],"product_tag":[],"class_list":{"0":"post-44306","1":"product","2":"type-product","3":"status-publish","4":"has-post-thumbnail","6":"product_cat-hombre","7":"product_shipping_class-envio-a-lima-y-provincia","9":"first","10":"instock","11":"sale","12":"featured","13":"shipping-taxable","14":"purchasable","15":"product-type-variable"},"aioseo_notices":[],"_links":{"self":[{"href":"https:\/\/jnksport.com\/en\/wp-json\/wp\/v2\/product\/44306","targetHints":{"allow":["GET"]}}],"collection":[{"href":"https:\/\/jnksport.com\/en\/wp-json\/wp\/v2\/product"}],"about":[{"href":"https:\/\/jnksport.com\/en\/wp-json\/wp\/v2\/types\/product"}],"replies":[{"embeddable":true,"href":"https:\/\/jnksport.com\/en\/wp-json\/wp\/v2\/comments?post=44306"}],"version-history":[{"count":0,"href":"https:\/\/jnksport.com\/en\/wp-json\/wp\/v2\/product\/44306\/revisions"}],"wp:featuredmedia":[{"embeddable":true,"href":"https:\/\/jnksport.com\/en\/wp-json\/wp\/v2\/media\/43730"}],"wp:attachment":[{"href":"https:\/\/jnksport.com\/en\/wp-json\/wp\/v2\/media?parent=44306"}],"wp:term":[{"taxonomy":"brand","embeddable":true,"href":"https:\/\/jnksport.com\/en\/wp-json\/wp\/v2\/etheme_brands?post=44306"},{"taxonomy":"product_brand","embeddable":true,"href":"https:\/\/jnksport.com\/en\/wp-json\/wp\/v2\/product_brand?post=44306"},{"taxonomy":"product_cat","embeddable":true,"href":"https:\/\/jnksport.com\/en\/wp-json\/wp\/v2\/product_cat?post=44306"},{"taxonomy":"product_tag","embeddable":true,"href":"https:\/\/jnksport.com\/en\/wp-json\/wp\/v2\/product_tag?post=44306"}],"curies":[{"name":"wp","href":"https:\/\/api.w.org\/{rel}","templated":true}]}}