{"id":44308,"date":"2025-04-08T16:34:43","date_gmt":"2025-04-08T16:34:43","guid":{"rendered":"https:\/\/jnksport.com\/?post_type=product&#038;p=44308"},"modified":"2026-03-06T08:19:00","modified_gmt":"2026-03-06T08:19:00","slug":"zapatilla-converse-chuck-taylor-all-star-a12582-mujer","status":"publish","type":"product","link":"https:\/\/jnksport.com\/en\/product\/zapatilla-converse-chuck-taylor-all-star-a12582-mujer\/","title":{"rendered":"Zapatilla Converse Chuck Taylor All Star A12582 Mujer"},"content":{"rendered":"<div>\n<div>FAVORITO INFLADO Es el modelo que tu armario necesita. Las cl\u00e1sicas Chuck se combinan con el estilo retro de skate, con elementos abullonados y colores nost\u00e1lgicos que enorgullecer\u00edan a los a\u00f1os 90.<\/p>\n<p>Detalles:<br \/>\nParte superior de lona polivin\u00edlica con leng\u00fceta y tal\u00f3n de gamuza para una versi\u00f3n duradera del cl\u00e1sico.<br \/>\nLa amortiguaci\u00f3n OrthoLite ayuda a proporcionar una comodidad \u00f3ptima.<br \/>\nLos cordones exagerados y la leng\u00fceta acolchada con espuma brindan un aspecto inflado que deja una impresi\u00f3n.<br \/>\nLogotipo ic\u00f3nico de All Star en la leng\u00fceta y placa de matr\u00edcula<br \/>\nCategor\u00eda: Calzado<br \/>\nG\u00e9nero: Mujer<br \/>\nEstilo: Urbano<br \/>\nMaterial de suela: Caucho<br \/>\nSuperficie : Asfalto<br \/>\nTipo de Ca\u00f1a: Ca\u00f1a Baja<\/p><\/div>\n<\/div>\n<ul>\n<li>Marca: Converse<\/li>\n<li>Codigo: A12582<\/li>\n<li>Modelo: Chuck Taylor All Star<\/li>\n<li>G\u00e9nero: Mujer<\/li>\n<li>Estilo: Urbano<\/li>\n<li>Cierre: Cordones<\/li>\n<li>Material: Textil<\/li>\n<li>Color: Celeste<\/li>\n<li>Material de la Suela: Caucho<\/li>\n<\/ul>","protected":false},"excerpt":{"rendered":"<p>FAVORITO INFLADO Es el modelo que tu armario necesita. Las cl\u00e1sicas Chuck se combinan con el estilo retro de skate, con elementos abullonados y colores&#8230;<\/p>","protected":false},"featured_media":43742,"comment_status":"open","ping_status":"closed","template":"","meta":{"om_disable_all_campaigns":false,"_monsterinsights_skip_tracking":false,"_monsterinsights_sitenote_active":false,"_monsterinsights_sitenote_note":"","_monsterinsights_sitenote_category":0,"_uf_show_specific_survey":0,"_uf_disable_surveys":false,"_joinchat":[]},"etheme_brands":[],"product_brand":[],"product_cat":[18],"product_tag":[],"class_list":{"0":"post-44308","1":"product","2":"type-product","3":"status-publish","4":"has-post-thumbnail","6":"product_cat-mujer","7":"product_shipping_class-envio-a-lima-y-provincia","9":"first","10":"instock","11":"sale","12":"featured","13":"shipping-taxable","14":"purchasable","15":"product-type-variable"},"aioseo_notices":[],"_links":{"self":[{"href":"https:\/\/jnksport.com\/en\/wp-json\/wp\/v2\/product\/44308","targetHints":{"allow":["GET"]}}],"collection":[{"href":"https:\/\/jnksport.com\/en\/wp-json\/wp\/v2\/product"}],"about":[{"href":"https:\/\/jnksport.com\/en\/wp-json\/wp\/v2\/types\/product"}],"replies":[{"embeddable":true,"href":"https:\/\/jnksport.com\/en\/wp-json\/wp\/v2\/comments?post=44308"}],"version-history":[{"count":0,"href":"https:\/\/jnksport.com\/en\/wp-json\/wp\/v2\/product\/44308\/revisions"}],"wp:featuredmedia":[{"embeddable":true,"href":"https:\/\/jnksport.com\/en\/wp-json\/wp\/v2\/media\/43742"}],"wp:attachment":[{"href":"https:\/\/jnksport.com\/en\/wp-json\/wp\/v2\/media?parent=44308"}],"wp:term":[{"taxonomy":"brand","embeddable":true,"href":"https:\/\/jnksport.com\/en\/wp-json\/wp\/v2\/etheme_brands?post=44308"},{"taxonomy":"product_brand","embeddable":true,"href":"https:\/\/jnksport.com\/en\/wp-json\/wp\/v2\/product_brand?post=44308"},{"taxonomy":"product_cat","embeddable":true,"href":"https:\/\/jnksport.com\/en\/wp-json\/wp\/v2\/product_cat?post=44308"},{"taxonomy":"product_tag","embeddable":true,"href":"https:\/\/jnksport.com\/en\/wp-json\/wp\/v2\/product_tag?post=44308"}],"curies":[{"name":"wp","href":"https:\/\/api.w.org\/{rel}","templated":true}]}}