{"id":44479,"date":"2025-05-01T08:16:12","date_gmt":"2025-05-01T08:16:12","guid":{"rendered":"https:\/\/jnksport.com\/?post_type=product&#038;p=44479"},"modified":"2026-03-26T21:48:59","modified_gmt":"2026-03-26T21:48:59","slug":"zapatilla-nike-impact-4-dm1124-103-hombre","status":"publish","type":"product","link":"https:\/\/jnksport.com\/en\/product\/zapatilla-nike-impact-4-dm1124-103-hombre\/","title":{"rendered":"Zapatilla Nike Impact 4 DM1124-103 Hombre"},"content":{"rendered":"<p>Mejora tu juego y tu estilo de b\u00e1squetbol. Cargados con amortiguaci\u00f3n Max Air en el tal\u00f3n, estos tenis ligeros y seguros te ayudan a despegar del suelo con confianza y a aterrizar con comodidad. Adem\u00e1s, la goma envuelve los laterales para brindar soporte y estabilidad adicionales.<\/p>\n<p>Comodidad y amortiguaci\u00f3n<\/p>\n<p>Una unidad Max Air en el tal\u00f3n brinda amortiguaci\u00f3n donde se necesita. El acolchado en el tal\u00f3n y en la leng\u00fceta contribuye a la sensaci\u00f3n de suavidad.<\/p>\n<p>Tracci\u00f3n duradera<\/p>\n<p>La tracci\u00f3n con espiga en la suela te permite controlar el movimiento y mantenerte firme. Los recortes con forma de diamante exponen la espuma y reducen el peso. La tela de la punta agrega durabilidad.<\/p>\n<p>Seguridad integral para tus pies<\/p>\n<p>La entresuela de espuma esculpida trepa a ambos lados del tal\u00f3n para aumentar la estabilidad. Las alas de goma moldeada hacen lo mismo en el antepi\u00e9.<\/p>\n<p>M\u00e1s beneficios<\/p>\n<p>El revestimiento del antepi\u00e9 agrega estabilidad.<br \/>\nLa malla es ligera y semitransparente.<\/p>","protected":false},"excerpt":{"rendered":"<p>Mejora tu juego y tu estilo de b\u00e1squetbol. Cargados con amortiguaci\u00f3n Max Air en el tal\u00f3n, estos tenis ligeros y seguros te ayudan a despegar&#8230;<\/p>","protected":false},"featured_media":54993,"comment_status":"open","ping_status":"closed","template":"","meta":{"om_disable_all_campaigns":false,"_monsterinsights_skip_tracking":false,"_monsterinsights_sitenote_active":false,"_monsterinsights_sitenote_note":"","_monsterinsights_sitenote_category":0,"_uf_show_specific_survey":0,"_uf_disable_surveys":false,"_joinchat":[]},"etheme_brands":[],"product_brand":[],"product_cat":[19],"product_tag":[],"class_list":{"0":"post-44479","1":"product","2":"type-product","3":"status-publish","4":"has-post-thumbnail","6":"product_cat-hombre","7":"product_shipping_class-envio-a-lima-y-provincia","9":"first","10":"instock","11":"sale","12":"featured","13":"shipping-taxable","14":"purchasable","15":"product-type-variable"},"aioseo_notices":[],"_links":{"self":[{"href":"https:\/\/jnksport.com\/en\/wp-json\/wp\/v2\/product\/44479","targetHints":{"allow":["GET"]}}],"collection":[{"href":"https:\/\/jnksport.com\/en\/wp-json\/wp\/v2\/product"}],"about":[{"href":"https:\/\/jnksport.com\/en\/wp-json\/wp\/v2\/types\/product"}],"replies":[{"embeddable":true,"href":"https:\/\/jnksport.com\/en\/wp-json\/wp\/v2\/comments?post=44479"}],"version-history":[{"count":0,"href":"https:\/\/jnksport.com\/en\/wp-json\/wp\/v2\/product\/44479\/revisions"}],"wp:featuredmedia":[{"embeddable":true,"href":"https:\/\/jnksport.com\/en\/wp-json\/wp\/v2\/media\/54993"}],"wp:attachment":[{"href":"https:\/\/jnksport.com\/en\/wp-json\/wp\/v2\/media?parent=44479"}],"wp:term":[{"taxonomy":"brand","embeddable":true,"href":"https:\/\/jnksport.com\/en\/wp-json\/wp\/v2\/etheme_brands?post=44479"},{"taxonomy":"product_brand","embeddable":true,"href":"https:\/\/jnksport.com\/en\/wp-json\/wp\/v2\/product_brand?post=44479"},{"taxonomy":"product_cat","embeddable":true,"href":"https:\/\/jnksport.com\/en\/wp-json\/wp\/v2\/product_cat?post=44479"},{"taxonomy":"product_tag","embeddable":true,"href":"https:\/\/jnksport.com\/en\/wp-json\/wp\/v2\/product_tag?post=44479"}],"curies":[{"name":"wp","href":"https:\/\/api.w.org\/{rel}","templated":true}]}}