{"id":44514,"date":"2025-05-01T08:16:17","date_gmt":"2025-05-01T08:16:17","guid":{"rendered":"https:\/\/jnksport.com\/?post_type=product&#038;p=44514"},"modified":"2026-04-29T22:32:03","modified_gmt":"2026-04-29T22:32:03","slug":"zapatilla-nike-court-vision-low-hm9862-001-hombre","status":"publish","type":"product","link":"https:\/\/jnksport.com\/en\/product\/zapatilla-nike-court-vision-low-hm9862-001-hombre\/","title":{"rendered":"Zapatilla Nike Court Vision Low HM9862-001 Hombre"},"content":{"rendered":"<p>\u00bfAmas el look cl\u00e1sico del b\u00e1squetbol de los a\u00f1os 80, pero te atrae la cultura acelerada del deporte actual? Te presentamos los Court Vision Low. Este modelo mantiene el alma de las originales con cuero sint\u00e9tico impecable y revestimientos cosidos, y la zona del tobillo con sensaci\u00f3n de suavidad mantiene la elegancia y la comodidad.<\/p>\n<p>Beneficios<\/p>\n<p>La parte superior de cuero sint\u00e9tico se suaviza y adquiere un car\u00e1cter vintage con el uso.<br \/>\nLas perforaciones en la punta y los costados ofrecen una mayor transpirabilidad.<br \/>\nLa suela de goma ofrece una tracci\u00f3n duradera.<br \/>\nEl cuello acolchado de corte low luce elegante y se siente extraordinariamente bien.<\/p>","protected":false},"excerpt":{"rendered":"<p>\u00bfAmas el look cl\u00e1sico del b\u00e1squetbol de los a\u00f1os 80, pero te atrae la cultura acelerada del deporte actual? Te presentamos los Court Vision Low&#8230;.<\/p>","protected":false},"featured_media":54963,"comment_status":"open","ping_status":"closed","template":"","meta":{"om_disable_all_campaigns":false,"_monsterinsights_skip_tracking":false,"_monsterinsights_sitenote_active":false,"_monsterinsights_sitenote_note":"","_monsterinsights_sitenote_category":0,"_uf_show_specific_survey":0,"_uf_disable_surveys":false,"_joinchat":[]},"etheme_brands":[],"product_brand":[],"product_cat":[19],"product_tag":[],"class_list":{"0":"post-44514","1":"product","2":"type-product","3":"status-publish","4":"has-post-thumbnail","6":"product_cat-hombre","7":"product_shipping_class-envio-a-lima-y-provincia","9":"first","10":"instock","11":"sale","12":"featured","13":"shipping-taxable","14":"purchasable","15":"product-type-variable"},"aioseo_notices":[],"_links":{"self":[{"href":"https:\/\/jnksport.com\/en\/wp-json\/wp\/v2\/product\/44514","targetHints":{"allow":["GET"]}}],"collection":[{"href":"https:\/\/jnksport.com\/en\/wp-json\/wp\/v2\/product"}],"about":[{"href":"https:\/\/jnksport.com\/en\/wp-json\/wp\/v2\/types\/product"}],"replies":[{"embeddable":true,"href":"https:\/\/jnksport.com\/en\/wp-json\/wp\/v2\/comments?post=44514"}],"version-history":[{"count":0,"href":"https:\/\/jnksport.com\/en\/wp-json\/wp\/v2\/product\/44514\/revisions"}],"wp:featuredmedia":[{"embeddable":true,"href":"https:\/\/jnksport.com\/en\/wp-json\/wp\/v2\/media\/54963"}],"wp:attachment":[{"href":"https:\/\/jnksport.com\/en\/wp-json\/wp\/v2\/media?parent=44514"}],"wp:term":[{"taxonomy":"brand","embeddable":true,"href":"https:\/\/jnksport.com\/en\/wp-json\/wp\/v2\/etheme_brands?post=44514"},{"taxonomy":"product_brand","embeddable":true,"href":"https:\/\/jnksport.com\/en\/wp-json\/wp\/v2\/product_brand?post=44514"},{"taxonomy":"product_cat","embeddable":true,"href":"https:\/\/jnksport.com\/en\/wp-json\/wp\/v2\/product_cat?post=44514"},{"taxonomy":"product_tag","embeddable":true,"href":"https:\/\/jnksport.com\/en\/wp-json\/wp\/v2\/product_tag?post=44514"}],"curies":[{"name":"wp","href":"https:\/\/api.w.org\/{rel}","templated":true}]}}