{"id":44934,"date":"2025-05-05T19:10:40","date_gmt":"2025-05-05T19:10:40","guid":{"rendered":"https:\/\/jnksport.com\/?post_type=product&#038;p=44934"},"modified":"2025-12-12T07:57:45","modified_gmt":"2025-12-12T07:57:45","slug":"zapatilla-asics-gel-excite-10-1011b600-008-hombre","status":"publish","type":"product","link":"https:\/\/jnksport.com\/en\/product\/zapatilla-asics-gel-excite-10-1011b600-008-hombre\/","title":{"rendered":"Zapatilla Asics Gel-Excite 10 1011B600-008 Hombre"},"content":{"rendered":"<div>\n<div>El calzado GEL-EXCITE\u2122 10 tiene un dise\u00f1o m\u00e1s ligero que la versi\u00f3n anterior. Dise\u00f1ado para una mayor comodidad bajo los pies en la rutina de carrera y fitness. ?Este calzado tiene m\u00e1s altura de apilado con la capa de tecnolog\u00eda AMPLIFOAM\u2122 PLUS en la mediasuela, que ofrece una amortiguaci\u00f3n m\u00e1s c\u00f3moda.<\/p>\n<p>Tipo de pie<br \/>\nArcos de tama\u00f1o normal<\/p>\n<p>Empuje<br \/>\nHay una distribuci\u00f3n uniforme desde la parte delantera del pie.<\/p>\n<p>Como tu pie toca el suelo<br \/>\nEl pie aterriza sobre la parte exterior del tal\u00f3n y se desplaza hacia dentro (pronaci\u00f3n) para absorber los impactos y soportar el peso corporal.<\/p>\n<p>Caracter\u00edsticas del producto<br \/>\nParte superior de la malla jacquard t\u00e9cnica Crea una sensaci\u00f3n m\u00e1s suave alrededor del pie y m\u00e1s transpirabilidad<br \/>\nAmortiguaci\u00f3n AMPLIFOAM\u2122 PLUS<br \/>\nMejora la durabilidad, crea una sensaci\u00f3n de mayor comodidad y suavidad en la pisada<br \/>\nTecnolog\u00eda GEL\u2122 en el retropi\u00e9 Mejora la absorci\u00f3n de impactos y suaviza la pisada<br \/>\nPlantilla ORTHOLITE\u2122 Permite introducir el pie m\u00e1s f\u00e1cilmente<br \/>\nTecnolog\u00eda GUIDANCE LINE\u2122 Garantiza una zancada m\u00e1s uniforme<br \/>\nRespetuoso con el veganismo: no se han utilizado materiales de origen animal en las fases de dise\u00f1o y selecci\u00f3n de materiales, incluidos los hilos, los pegamentos u otros adhesivos aplicados en el producto<br \/>\nEste art\u00edculo no incluye un certificado independiente de producto vegano<\/p><\/div>\n<\/div>\n<ul>\n<li>Marca: Asics<\/li>\n<li>Codigo: 1011B600-008<\/li>\n<li>Modelo: Gel-Excite 10<\/li>\n<li>G\u00e9nero: Hombre<\/li>\n<li>Estilo: Deportivo<\/li>\n<li>Cierre: Cordones<\/li>\n<li>Material: Textil<\/li>\n<li>Color: Negro<\/li>\n<li>Material de la Suela: Caucho<\/li>\n<\/ul>","protected":false},"excerpt":{"rendered":"<p>El calzado GEL-EXCITE\u2122 10 tiene un dise\u00f1o m\u00e1s ligero que la versi\u00f3n anterior. Dise\u00f1ado para una mayor comodidad bajo los pies en la rutina de&#8230;<\/p>","protected":false},"featured_media":44748,"comment_status":"open","ping_status":"closed","template":"","meta":{"om_disable_all_campaigns":false,"_monsterinsights_skip_tracking":false,"_monsterinsights_sitenote_active":false,"_monsterinsights_sitenote_note":"","_monsterinsights_sitenote_category":0,"_uf_show_specific_survey":0,"_uf_disable_surveys":false,"_joinchat":[]},"etheme_brands":[],"product_brand":[],"product_cat":[19],"product_tag":[],"class_list":{"0":"post-44934","1":"product","2":"type-product","3":"status-publish","4":"has-post-thumbnail","6":"product_cat-hombre","7":"product_shipping_class-envio-a-lima-y-provincia","9":"first","10":"instock","11":"sale","12":"featured","13":"shipping-taxable","14":"purchasable","15":"product-type-variable"},"aioseo_notices":[],"_links":{"self":[{"href":"https:\/\/jnksport.com\/en\/wp-json\/wp\/v2\/product\/44934","targetHints":{"allow":["GET"]}}],"collection":[{"href":"https:\/\/jnksport.com\/en\/wp-json\/wp\/v2\/product"}],"about":[{"href":"https:\/\/jnksport.com\/en\/wp-json\/wp\/v2\/types\/product"}],"replies":[{"embeddable":true,"href":"https:\/\/jnksport.com\/en\/wp-json\/wp\/v2\/comments?post=44934"}],"version-history":[{"count":0,"href":"https:\/\/jnksport.com\/en\/wp-json\/wp\/v2\/product\/44934\/revisions"}],"wp:featuredmedia":[{"embeddable":true,"href":"https:\/\/jnksport.com\/en\/wp-json\/wp\/v2\/media\/44748"}],"wp:attachment":[{"href":"https:\/\/jnksport.com\/en\/wp-json\/wp\/v2\/media?parent=44934"}],"wp:term":[{"taxonomy":"brand","embeddable":true,"href":"https:\/\/jnksport.com\/en\/wp-json\/wp\/v2\/etheme_brands?post=44934"},{"taxonomy":"product_brand","embeddable":true,"href":"https:\/\/jnksport.com\/en\/wp-json\/wp\/v2\/product_brand?post=44934"},{"taxonomy":"product_cat","embeddable":true,"href":"https:\/\/jnksport.com\/en\/wp-json\/wp\/v2\/product_cat?post=44934"},{"taxonomy":"product_tag","embeddable":true,"href":"https:\/\/jnksport.com\/en\/wp-json\/wp\/v2\/product_tag?post=44934"}],"curies":[{"name":"wp","href":"https:\/\/api.w.org\/{rel}","templated":true}]}}