{"id":44935,"date":"2025-05-05T19:10:40","date_gmt":"2025-05-05T19:10:40","guid":{"rendered":"https:\/\/jnksport.com\/?post_type=product&#038;p=44935"},"modified":"2026-01-13T18:54:49","modified_gmt":"2026-01-13T18:54:49","slug":"zapatilla-asics-gel-excite-10-1012b418-005-mujer","status":"publish","type":"product","link":"https:\/\/jnksport.com\/en\/product\/zapatilla-asics-gel-excite-10-1012b418-005-mujer\/","title":{"rendered":"Zapatilla Asics Gel-Excite 10 1012B418-005 Mujer"},"content":{"rendered":"<div>\n<div>El calzado GEL-EXCITE\u2122 10 garantiza m\u00e1s comodidad bajo los pies en la rutina de carrera y fitnes. ?Este calzado tiene m\u00e1s altura de apilado con la capa de tecnolog\u00eda AMPLIFOAM\u2122 PLUS en la mediasuela, que ofrece una amortiguaci\u00f3n m\u00e1s c\u00f3moda.<\/p>\n<p>Tipo de pie<br \/>\nArcos de tama\u00f1o normal<\/p>\n<p>Empuje<br \/>\nHay una distribuci\u00f3n uniforme desde la parte delantera del pie.<\/p>\n<p>Como tu pie toca el suelo<br \/>\nEl pie aterriza sobre la parte exterior del tal\u00f3n y se desplaza hacia dentro (pronaci\u00f3n) para absorber los impactos y soportar el peso corporal.<\/p>\n<p>Caracter\u00edsticas del producto<br \/>\nEmpeine de malla jacquard t\u00e9cnica Crea una sensaci\u00f3n m\u00e1s suave alrededor del pie a la vez que mejora la transpirabilidad<br \/>\nAmortiguaci\u00f3n AMPLIFOAM\u2122 PLUS Ayuda a mejorar la durabilidad al crear una sensaci\u00f3n de mayor comodidad y suavidad en cada paso<br \/>\nTecnolog\u00eda GEL\u2122 en la parte posterior Mejora la absorci\u00f3n de impactos y crea una sensaci\u00f3n m\u00e1s suave en la pisada<br \/>\nPlantilla ORTHOLITE\u2122 Proporciona la comodidad de una pisada suave<br \/>\nTecnolog\u00eda GUIDANCE LINE\u2122Proporciona una zancada m\u00e1s uniforme<br \/>\nRespetuoso con el veganismo: no hemos usado materiales de origen animal en las fases de dise\u00f1o y selecci\u00f3n de materialesincluidos los hilos los pegamentos u otros adhesivos aplicados en el producto<\/p><\/div>\n<\/div>\n<ul>\n<li>Marca: Asics<\/li>\n<li>Codigo: 1012B418-005<\/li>\n<li>Modelo: Gel-Excite 10<\/li>\n<li>G\u00e9nero: Mujer<\/li>\n<li>Estilo: Deportivo<\/li>\n<li>Cierre: Cordones<\/li>\n<li>Material: Textil<\/li>\n<li>Color: Negro<\/li>\n<li>Material de la Suela: Caucho<\/li>\n<\/ul>","protected":false},"excerpt":{"rendered":"<p>El calzado GEL-EXCITE\u2122 10 garantiza m\u00e1s comodidad bajo los pies en la rutina de carrera y fitnes. ?Este calzado tiene m\u00e1s altura de apilado con&#8230;<\/p>","protected":false},"featured_media":44754,"comment_status":"open","ping_status":"closed","template":"","meta":{"om_disable_all_campaigns":false,"_monsterinsights_skip_tracking":false,"_monsterinsights_sitenote_active":false,"_monsterinsights_sitenote_note":"","_monsterinsights_sitenote_category":0,"_uf_show_specific_survey":0,"_uf_disable_surveys":false,"_joinchat":[]},"etheme_brands":[],"product_brand":[],"product_cat":[18],"product_tag":[],"class_list":{"0":"post-44935","1":"product","2":"type-product","3":"status-publish","4":"has-post-thumbnail","6":"product_cat-mujer","7":"product_shipping_class-envio-a-lima-y-provincia","9":"first","10":"instock","11":"sale","12":"featured","13":"shipping-taxable","14":"purchasable","15":"product-type-variable"},"aioseo_notices":[],"_links":{"self":[{"href":"https:\/\/jnksport.com\/en\/wp-json\/wp\/v2\/product\/44935","targetHints":{"allow":["GET"]}}],"collection":[{"href":"https:\/\/jnksport.com\/en\/wp-json\/wp\/v2\/product"}],"about":[{"href":"https:\/\/jnksport.com\/en\/wp-json\/wp\/v2\/types\/product"}],"replies":[{"embeddable":true,"href":"https:\/\/jnksport.com\/en\/wp-json\/wp\/v2\/comments?post=44935"}],"version-history":[{"count":0,"href":"https:\/\/jnksport.com\/en\/wp-json\/wp\/v2\/product\/44935\/revisions"}],"wp:featuredmedia":[{"embeddable":true,"href":"https:\/\/jnksport.com\/en\/wp-json\/wp\/v2\/media\/44754"}],"wp:attachment":[{"href":"https:\/\/jnksport.com\/en\/wp-json\/wp\/v2\/media?parent=44935"}],"wp:term":[{"taxonomy":"brand","embeddable":true,"href":"https:\/\/jnksport.com\/en\/wp-json\/wp\/v2\/etheme_brands?post=44935"},{"taxonomy":"product_brand","embeddable":true,"href":"https:\/\/jnksport.com\/en\/wp-json\/wp\/v2\/product_brand?post=44935"},{"taxonomy":"product_cat","embeddable":true,"href":"https:\/\/jnksport.com\/en\/wp-json\/wp\/v2\/product_cat?post=44935"},{"taxonomy":"product_tag","embeddable":true,"href":"https:\/\/jnksport.com\/en\/wp-json\/wp\/v2\/product_tag?post=44935"}],"curies":[{"name":"wp","href":"https:\/\/api.w.org\/{rel}","templated":true}]}}