{"id":44936,"date":"2025-05-05T19:10:40","date_gmt":"2025-05-05T19:10:40","guid":{"rendered":"https:\/\/jnksport.com\/?post_type=product&#038;p=44936"},"modified":"2026-04-11T17:02:56","modified_gmt":"2026-04-11T17:02:56","slug":"zapatilla-asics-gel-dedicate-8-1041a448-001-hombre","status":"publish","type":"product","link":"https:\/\/jnksport.com\/en\/product\/zapatilla-asics-gel-dedicate-8-1041a448-001-hombre\/","title":{"rendered":"Zapatilla Asics GEL-Dedicate 8 1041A448-001 Hombre"},"content":{"rendered":"<div>\n<div>La GEL-DEDICATE\u2122 8 CLAY ofrece una buena estabilidad y una sensaci\u00f3n de flexibilidad para mantener la mente en el juego.<\/p>\n<p>La parte superior del ZAPATILLA est\u00e1 construida con superposiciones de material sint\u00e9tico para mayor soporte. Mantiene los pies bien conectados a tierra en movimientos r\u00e1pidos en las pelotas m\u00e1s dif\u00edciles.<\/p>\n<p>El soporte TRUSSTIC\u2122 y la suela exterior que se adapta al calzado mejoran la estabilidad y permiten que tus pies se muevan libremente. Esto le permite cambiar de direcci\u00f3n con m\u00e1s confianza, especialmente en los movimientos laterales.<\/p><\/div>\n<\/div>\n<ul>\n<li>Marca: Asics<\/li>\n<li>Codigo: 1041A448-001<\/li>\n<li>Modelo: GEL-Dedicate 8<\/li>\n<li>G\u00e9nero: Hombre<\/li>\n<li>Estilo: Deportivo<\/li>\n<li>Cierre: Cordones<\/li>\n<li>Material: Textil<\/li>\n<li>Color: Negro<\/li>\n<li>Material de la Suela: Caucho<\/li>\n<\/ul>","protected":false},"excerpt":{"rendered":"<p>La GEL-DEDICATE\u2122 8 CLAY ofrece una buena estabilidad y una sensaci\u00f3n de flexibilidad para mantener la mente en el juego. La parte superior del ZAPATILLA&#8230;<\/p>","protected":false},"featured_media":44760,"comment_status":"open","ping_status":"closed","template":"","meta":{"om_disable_all_campaigns":false,"_monsterinsights_skip_tracking":false,"_monsterinsights_sitenote_active":false,"_monsterinsights_sitenote_note":"","_monsterinsights_sitenote_category":0,"_uf_show_specific_survey":0,"_uf_disable_surveys":false,"_joinchat":[]},"etheme_brands":[],"product_brand":[],"product_cat":[19],"product_tag":[],"class_list":{"0":"post-44936","1":"product","2":"type-product","3":"status-publish","4":"has-post-thumbnail","6":"product_cat-hombre","7":"product_shipping_class-envio-a-lima-y-provincia","9":"first","10":"instock","11":"featured","12":"shipping-taxable","13":"purchasable","14":"product-type-variable"},"aioseo_notices":[],"_links":{"self":[{"href":"https:\/\/jnksport.com\/en\/wp-json\/wp\/v2\/product\/44936","targetHints":{"allow":["GET"]}}],"collection":[{"href":"https:\/\/jnksport.com\/en\/wp-json\/wp\/v2\/product"}],"about":[{"href":"https:\/\/jnksport.com\/en\/wp-json\/wp\/v2\/types\/product"}],"replies":[{"embeddable":true,"href":"https:\/\/jnksport.com\/en\/wp-json\/wp\/v2\/comments?post=44936"}],"version-history":[{"count":0,"href":"https:\/\/jnksport.com\/en\/wp-json\/wp\/v2\/product\/44936\/revisions"}],"wp:featuredmedia":[{"embeddable":true,"href":"https:\/\/jnksport.com\/en\/wp-json\/wp\/v2\/media\/44760"}],"wp:attachment":[{"href":"https:\/\/jnksport.com\/en\/wp-json\/wp\/v2\/media?parent=44936"}],"wp:term":[{"taxonomy":"brand","embeddable":true,"href":"https:\/\/jnksport.com\/en\/wp-json\/wp\/v2\/etheme_brands?post=44936"},{"taxonomy":"product_brand","embeddable":true,"href":"https:\/\/jnksport.com\/en\/wp-json\/wp\/v2\/product_brand?post=44936"},{"taxonomy":"product_cat","embeddable":true,"href":"https:\/\/jnksport.com\/en\/wp-json\/wp\/v2\/product_cat?post=44936"},{"taxonomy":"product_tag","embeddable":true,"href":"https:\/\/jnksport.com\/en\/wp-json\/wp\/v2\/product_tag?post=44936"}],"curies":[{"name":"wp","href":"https:\/\/api.w.org\/{rel}","templated":true}]}}