{"id":44959,"date":"2025-05-05T19:10:45","date_gmt":"2025-05-05T19:10:45","guid":{"rendered":"https:\/\/jnksport.com\/?post_type=product&#038;p=44959"},"modified":"2026-03-29T20:21:14","modified_gmt":"2026-03-29T20:21:14","slug":"zapatilla-asics-gel-dedicate-8-1041a448-401-hombre","status":"publish","type":"product","link":"https:\/\/jnksport.com\/en\/product\/zapatilla-asics-gel-dedicate-8-1041a448-401-hombre\/","title":{"rendered":"Zapatilla Asics GEL-Dedicate 8 1041A448-401 Hombre"},"content":{"rendered":"<div>\n<div>La zapatilla de tenis GEL-DEDICATE 8 ofrece una buena estabilidad y una sensaci\u00f3n flexible para mantener la mente centrada durante el partido.<\/p>\n<p>La parte superior de este calzado est\u00e1 confeccionada con capas de cuero sint\u00e9tico para mejorar la sujeci\u00f3n. Mantienen el pie firme al cambiar de direcci\u00f3n y perseguir tiros dif\u00edciles.<\/p>\n<p>La unidad de soporte TRUSSTIC y la suela envolvente mejoran la estabilidad y permiten que tus pies se muevan con libertad. Esto te permite cambiar de direcci\u00f3n con mayor confianza, especialmente al moverte de lado a lado.<\/p><\/div>\n<\/div>\n<ul>\n<li>Marca: Asics<\/li>\n<li>Codigo: 1041A448-401<\/li>\n<li>Modelo: GEL-Dedicate 8<\/li>\n<li>G\u00e9nero: Hombre<\/li>\n<li>Estilo: Deportivo<\/li>\n<li>Cierre: Cordones<\/li>\n<li>Material: Cuero<\/li>\n<li>Color: Azul<\/li>\n<li>Material de la Suela: Caucho<\/li>\n<\/ul>","protected":false},"excerpt":{"rendered":"<p>La zapatilla de tenis GEL-DEDICATE 8 ofrece una buena estabilidad y una sensaci\u00f3n flexible para mantener la mente centrada durante el partido. La parte superior&#8230;<\/p>","protected":false},"featured_media":44766,"comment_status":"open","ping_status":"closed","template":"","meta":{"om_disable_all_campaigns":false,"_monsterinsights_skip_tracking":false,"_monsterinsights_sitenote_active":false,"_monsterinsights_sitenote_note":"","_monsterinsights_sitenote_category":0,"_uf_show_specific_survey":0,"_uf_disable_surveys":false,"_joinchat":[]},"etheme_brands":[],"product_brand":[],"product_cat":[19],"product_tag":[],"class_list":{"0":"post-44959","1":"product","2":"type-product","3":"status-publish","4":"has-post-thumbnail","6":"product_cat-hombre","7":"product_shipping_class-envio-a-lima-y-provincia","9":"first","10":"instock","11":"featured","12":"shipping-taxable","13":"purchasable","14":"product-type-variable"},"aioseo_notices":[],"_links":{"self":[{"href":"https:\/\/jnksport.com\/en\/wp-json\/wp\/v2\/product\/44959","targetHints":{"allow":["GET"]}}],"collection":[{"href":"https:\/\/jnksport.com\/en\/wp-json\/wp\/v2\/product"}],"about":[{"href":"https:\/\/jnksport.com\/en\/wp-json\/wp\/v2\/types\/product"}],"replies":[{"embeddable":true,"href":"https:\/\/jnksport.com\/en\/wp-json\/wp\/v2\/comments?post=44959"}],"version-history":[{"count":0,"href":"https:\/\/jnksport.com\/en\/wp-json\/wp\/v2\/product\/44959\/revisions"}],"wp:featuredmedia":[{"embeddable":true,"href":"https:\/\/jnksport.com\/en\/wp-json\/wp\/v2\/media\/44766"}],"wp:attachment":[{"href":"https:\/\/jnksport.com\/en\/wp-json\/wp\/v2\/media?parent=44959"}],"wp:term":[{"taxonomy":"brand","embeddable":true,"href":"https:\/\/jnksport.com\/en\/wp-json\/wp\/v2\/etheme_brands?post=44959"},{"taxonomy":"product_brand","embeddable":true,"href":"https:\/\/jnksport.com\/en\/wp-json\/wp\/v2\/product_brand?post=44959"},{"taxonomy":"product_cat","embeddable":true,"href":"https:\/\/jnksport.com\/en\/wp-json\/wp\/v2\/product_cat?post=44959"},{"taxonomy":"product_tag","embeddable":true,"href":"https:\/\/jnksport.com\/en\/wp-json\/wp\/v2\/product_tag?post=44959"}],"curies":[{"name":"wp","href":"https:\/\/api.w.org\/{rel}","templated":true}]}}