{"id":44964,"date":"2025-05-05T19:10:45","date_gmt":"2025-05-05T19:10:45","guid":{"rendered":"https:\/\/jnksport.com\/?post_type=product&#038;p=44964"},"modified":"2026-03-13T12:48:43","modified_gmt":"2026-03-13T12:48:43","slug":"zapatilla-asics-tiger-runner-ii-1202a400-002-mujer","status":"publish","type":"product","link":"https:\/\/jnksport.com\/en\/product\/zapatilla-asics-tiger-runner-ii-1202a400-002-mujer\/","title":{"rendered":"Zapatilla Asics Tiger Runner II 1202A400-002 Mujer"},"content":{"rendered":"<div>\n<div>La zapatilla TIGER RUNNER\u2122 II se inspira en el movimiento de jogging de los a\u00f1os 80. Su est\u00e9tica nost\u00e1lgica incorpora detalles modernos, como materiales y amortiguaci\u00f3n actualizados.<\/p>\n<p>La est\u00e9tica cl\u00e1sica de las zapatillas de carreras planas toma prestados varios matices de las siluetas OHAIO\u2122 y X-CALIBER\u2122. Su parte superior tambi\u00e9n presenta un dise\u00f1o de horma mejorado y una plantilla EZFOAM\u2122 para mayor comodidad.<\/p>\n<p>Fabricada con una entresuela de espuma EVA m\u00e1s gruesa, esta zapatilla est\u00e1 dise\u00f1ada para ofrecer mayor comodidad al caminar. Adem\u00e1s, el patr\u00f3n de la suela exterior redise\u00f1ado presenta una banda de rodadura ondulada para un efecto visual m\u00e1s din\u00e1mico.<\/p><\/div>\n<\/div>\n<ul>\n<li>Marca: Asics<\/li>\n<li>Codigo: 1202A400-002<\/li>\n<li>Modelo: Tiger Runner II<\/li>\n<li>G\u00e9nero: Mujer<\/li>\n<li>Estilo: Deportivo<\/li>\n<li>Cierre: Cordones<\/li>\n<li>Material: Textil<\/li>\n<li>Color: Negro<\/li>\n<li>Material de la Suela: Caucho<\/li>\n<\/ul>","protected":false},"excerpt":{"rendered":"<p>La zapatilla TIGER RUNNER\u2122 II se inspira en el movimiento de jogging de los a\u00f1os 80. Su est\u00e9tica nost\u00e1lgica incorpora detalles modernos, como materiales y&#8230;<\/p>","protected":false},"featured_media":44796,"comment_status":"open","ping_status":"closed","template":"","meta":{"om_disable_all_campaigns":false,"_monsterinsights_skip_tracking":false,"_monsterinsights_sitenote_active":false,"_monsterinsights_sitenote_note":"","_monsterinsights_sitenote_category":0,"_uf_show_specific_survey":0,"_uf_disable_surveys":false,"_joinchat":[]},"etheme_brands":[],"product_brand":[],"product_cat":[18],"product_tag":[],"class_list":{"0":"post-44964","1":"product","2":"type-product","3":"status-publish","4":"has-post-thumbnail","6":"product_cat-mujer","7":"product_shipping_class-envio-a-lima-y-provincia","9":"first","10":"instock","11":"featured","12":"shipping-taxable","13":"purchasable","14":"product-type-variable"},"aioseo_notices":[],"_links":{"self":[{"href":"https:\/\/jnksport.com\/en\/wp-json\/wp\/v2\/product\/44964","targetHints":{"allow":["GET"]}}],"collection":[{"href":"https:\/\/jnksport.com\/en\/wp-json\/wp\/v2\/product"}],"about":[{"href":"https:\/\/jnksport.com\/en\/wp-json\/wp\/v2\/types\/product"}],"replies":[{"embeddable":true,"href":"https:\/\/jnksport.com\/en\/wp-json\/wp\/v2\/comments?post=44964"}],"version-history":[{"count":0,"href":"https:\/\/jnksport.com\/en\/wp-json\/wp\/v2\/product\/44964\/revisions"}],"wp:featuredmedia":[{"embeddable":true,"href":"https:\/\/jnksport.com\/en\/wp-json\/wp\/v2\/media\/44796"}],"wp:attachment":[{"href":"https:\/\/jnksport.com\/en\/wp-json\/wp\/v2\/media?parent=44964"}],"wp:term":[{"taxonomy":"brand","embeddable":true,"href":"https:\/\/jnksport.com\/en\/wp-json\/wp\/v2\/etheme_brands?post=44964"},{"taxonomy":"product_brand","embeddable":true,"href":"https:\/\/jnksport.com\/en\/wp-json\/wp\/v2\/product_brand?post=44964"},{"taxonomy":"product_cat","embeddable":true,"href":"https:\/\/jnksport.com\/en\/wp-json\/wp\/v2\/product_cat?post=44964"},{"taxonomy":"product_tag","embeddable":true,"href":"https:\/\/jnksport.com\/en\/wp-json\/wp\/v2\/product_tag?post=44964"}],"curies":[{"name":"wp","href":"https:\/\/api.w.org\/{rel}","templated":true}]}}