{"id":44991,"date":"2025-05-05T19:10:52","date_gmt":"2025-05-05T19:10:52","guid":{"rendered":"https:\/\/jnksport.com\/?post_type=product&#038;p=44991"},"modified":"2026-03-21T08:03:16","modified_gmt":"2026-03-21T08:03:16","slug":"zapatilla-skechers-dynamatic-302629l-bbk-mujer","status":"publish","type":"product","link":"https:\/\/jnksport.com\/en\/product\/zapatilla-skechers-dynamatic-302629l-bbk-mujer\/","title":{"rendered":"Zapatilla Skechers Dynamatic 302629L-BBK Mujer"},"content":{"rendered":"<div>\n<div>Prepara a tus hijos para el nuevo semestre con comodidad y estilo con los Skechers Dynamatic. Este dise\u00f1o con cordones el\u00e1sticos presenta una parte superior sint\u00e9tica con correa en el empeine, plantilla c\u00f3moda y entresuela ligera con amortiguaci\u00f3n.<\/p>\n<p>Caracter\u00edsticas:<br \/>\n&#8211; Plantilla c\u00f3moda y acolchada<br \/>\n&#8211; Dise\u00f1o limpio y suave de un solo color ideal para usar en uniforme escolar<br \/>\n&#8211; Parte superior sint\u00e9tica con cordones el\u00e1sticos y correa de empeine ajustable<br \/>\n&#8211; Entresuela que absorbe los impactos<br \/>\n&#8211; Suela de tracci\u00f3n flexible<br \/>\n&#8211; Tac\u00f3n de 1 pulgada<br \/>\n&#8211; Detalle del logotipo de Skechers\u00ae<\/p><\/div>\n<\/div>\n<ul>\n<li>Marca: Skechers<\/li>\n<li>Codigo: 302629L-BBK<\/li>\n<li>Modelo: Dynamatic<\/li>\n<li>G\u00e9nero: Mujer<\/li>\n<li>Estilo: Urbano<\/li>\n<li>Cierre: Cordones<\/li>\n<li>Material: Cuero<\/li>\n<li>Color: Negro<\/li>\n<li>Material de la Suela: Goma<\/li>\n<\/ul>","protected":false},"excerpt":{"rendered":"<p>Prepara a tus hijos para el nuevo semestre con comodidad y estilo con los Skechers Dynamatic. Este dise\u00f1o con cordones el\u00e1sticos presenta una parte superior&#8230;<\/p>","protected":false},"featured_media":44808,"comment_status":"open","ping_status":"closed","template":"","meta":{"om_disable_all_campaigns":false,"_monsterinsights_skip_tracking":false,"_monsterinsights_sitenote_active":false,"_monsterinsights_sitenote_note":"","_monsterinsights_sitenote_category":0,"_uf_show_specific_survey":0,"_uf_disable_surveys":false,"_joinchat":[]},"etheme_brands":[],"product_brand":[],"product_cat":[18],"product_tag":[],"class_list":{"0":"post-44991","1":"product","2":"type-product","3":"status-publish","4":"has-post-thumbnail","6":"product_cat-mujer","7":"product_shipping_class-envio-a-lima-y-provincia","9":"first","10":"instock","11":"sale","12":"featured","13":"shipping-taxable","14":"purchasable","15":"product-type-variable"},"aioseo_notices":[],"_links":{"self":[{"href":"https:\/\/jnksport.com\/en\/wp-json\/wp\/v2\/product\/44991","targetHints":{"allow":["GET"]}}],"collection":[{"href":"https:\/\/jnksport.com\/en\/wp-json\/wp\/v2\/product"}],"about":[{"href":"https:\/\/jnksport.com\/en\/wp-json\/wp\/v2\/types\/product"}],"replies":[{"embeddable":true,"href":"https:\/\/jnksport.com\/en\/wp-json\/wp\/v2\/comments?post=44991"}],"version-history":[{"count":0,"href":"https:\/\/jnksport.com\/en\/wp-json\/wp\/v2\/product\/44991\/revisions"}],"wp:featuredmedia":[{"embeddable":true,"href":"https:\/\/jnksport.com\/en\/wp-json\/wp\/v2\/media\/44808"}],"wp:attachment":[{"href":"https:\/\/jnksport.com\/en\/wp-json\/wp\/v2\/media?parent=44991"}],"wp:term":[{"taxonomy":"brand","embeddable":true,"href":"https:\/\/jnksport.com\/en\/wp-json\/wp\/v2\/etheme_brands?post=44991"},{"taxonomy":"product_brand","embeddable":true,"href":"https:\/\/jnksport.com\/en\/wp-json\/wp\/v2\/product_brand?post=44991"},{"taxonomy":"product_cat","embeddable":true,"href":"https:\/\/jnksport.com\/en\/wp-json\/wp\/v2\/product_cat?post=44991"},{"taxonomy":"product_tag","embeddable":true,"href":"https:\/\/jnksport.com\/en\/wp-json\/wp\/v2\/product_tag?post=44991"}],"curies":[{"name":"wp","href":"https:\/\/api.w.org\/{rel}","templated":true}]}}