{"id":45025,"date":"2025-05-05T19:10:58","date_gmt":"2025-05-05T19:10:58","guid":{"rendered":"https:\/\/jnksport.com\/?post_type=product&#038;p=45025"},"modified":"2026-03-13T12:48:43","modified_gmt":"2026-03-13T12:48:43","slug":"zapatilla-puma-court-lally-400367-03-mujer","status":"publish","type":"product","link":"https:\/\/jnksport.com\/en\/product\/zapatilla-puma-court-lally-400367-03-mujer\/","title":{"rendered":"Zapatilla Puma Court Lally 400367-03 Mujer"},"content":{"rendered":"<div>\n<div>Eleva tu estilo urbano con las Puma Court Lally para mujer. Dise\u00f1o moderno y c\u00f3modo, perfecto para el d\u00eda a d\u00eda. Fabricadas con materiales de alta calidad para durabilidad y confort. \u00a1Destaca con un look casual y deportivo!<\/p>\n<p>Caracter\u00edsticas:<br \/>\nDise\u00f1o urbano moderno<br \/>\nComodidad para el d\u00eda a d\u00eda<br \/>\nMateriales de alta calidad<br \/>\nSuela resistente<br \/>\nEstilo casual y deportivo<\/p><\/div>\n<\/div>\n<ul>\n<li>Marca: Puma<\/li>\n<li>Codigo: 400367-03<\/li>\n<li>Modelo: Court Lally<\/li>\n<li>G\u00e9nero: Mujer<\/li>\n<li>Estilo: Urbano<\/li>\n<li>Cierre: Cordones<\/li>\n<li>Material: Cuero<\/li>\n<li>Color: Blanco<\/li>\n<li>Material de la Suela: Caucho<\/li>\n<\/ul>","protected":false},"excerpt":{"rendered":"<p>Eleva tu estilo urbano con las Puma Court Lally para mujer. Dise\u00f1o moderno y c\u00f3modo, perfecto para el d\u00eda a d\u00eda. Fabricadas con materiales de&#8230;<\/p>","protected":false},"featured_media":44831,"comment_status":"open","ping_status":"closed","template":"","meta":{"om_disable_all_campaigns":false,"_monsterinsights_skip_tracking":false,"_monsterinsights_sitenote_active":false,"_monsterinsights_sitenote_note":"","_monsterinsights_sitenote_category":0,"_uf_show_specific_survey":0,"_uf_disable_surveys":false,"_joinchat":[]},"etheme_brands":[],"product_brand":[],"product_cat":[18],"product_tag":[],"class_list":{"0":"post-45025","1":"product","2":"type-product","3":"status-publish","4":"has-post-thumbnail","6":"product_cat-mujer","7":"product_shipping_class-envio-a-lima-y-provincia","9":"first","10":"instock","11":"sale","12":"featured","13":"shipping-taxable","14":"purchasable","15":"product-type-variable"},"aioseo_notices":[],"_links":{"self":[{"href":"https:\/\/jnksport.com\/en\/wp-json\/wp\/v2\/product\/45025","targetHints":{"allow":["GET"]}}],"collection":[{"href":"https:\/\/jnksport.com\/en\/wp-json\/wp\/v2\/product"}],"about":[{"href":"https:\/\/jnksport.com\/en\/wp-json\/wp\/v2\/types\/product"}],"replies":[{"embeddable":true,"href":"https:\/\/jnksport.com\/en\/wp-json\/wp\/v2\/comments?post=45025"}],"version-history":[{"count":0,"href":"https:\/\/jnksport.com\/en\/wp-json\/wp\/v2\/product\/45025\/revisions"}],"wp:featuredmedia":[{"embeddable":true,"href":"https:\/\/jnksport.com\/en\/wp-json\/wp\/v2\/media\/44831"}],"wp:attachment":[{"href":"https:\/\/jnksport.com\/en\/wp-json\/wp\/v2\/media?parent=45025"}],"wp:term":[{"taxonomy":"brand","embeddable":true,"href":"https:\/\/jnksport.com\/en\/wp-json\/wp\/v2\/etheme_brands?post=45025"},{"taxonomy":"product_brand","embeddable":true,"href":"https:\/\/jnksport.com\/en\/wp-json\/wp\/v2\/product_brand?post=45025"},{"taxonomy":"product_cat","embeddable":true,"href":"https:\/\/jnksport.com\/en\/wp-json\/wp\/v2\/product_cat?post=45025"},{"taxonomy":"product_tag","embeddable":true,"href":"https:\/\/jnksport.com\/en\/wp-json\/wp\/v2\/product_tag?post=45025"}],"curies":[{"name":"wp","href":"https:\/\/api.w.org\/{rel}","templated":true}]}}