{"id":45081,"date":"2025-05-05T19:11:13","date_gmt":"2025-05-05T19:11:13","guid":{"rendered":"https:\/\/jnksport.com\/?post_type=product&#038;p=45081"},"modified":"2026-04-25T19:59:31","modified_gmt":"2026-04-25T19:59:31","slug":"zapatilla-nike-court-legacy-da5381-127-ninos","status":"publish","type":"product","link":"https:\/\/jnksport.com\/en\/product\/zapatilla-nike-court-legacy-da5381-127-ninos\/","title":{"rendered":"Zapatilla Nike Court Legacy DA5381-127 Ni\u00f1os"},"content":{"rendered":"<div>\n<div>El legado de Nike Court ofrece un estilo cl\u00e1sico de tenis para ni\u00f1os. Es duradero y c\u00f3modo, adem\u00e1s de contar con costuras de herencia y un Swoosh retro. Cuando tu peque\u00f1o se lo pone, comienza el juego, set, partido.<\/p>\n<p>Beneficios<\/p>\n<p>El cuero duradero representa un estilo de tenis cl\u00e1sico.<br \/>\nLas agujetas el\u00e1sticas y la correa con cierre por contacto les permiten ponerse y quitarse las zapatillas con facilidad.<br \/>\nLa suela de goma con patr\u00f3n gr\u00e1fico de espiguilla proporciona tracci\u00f3n y un estilo de herencia.<br \/>\nLa amortiguaci\u00f3n de espuma suave proporciona comodidad ligera.<\/p><\/div>\n<\/div>\n<ul>\n<li>Marca: Nike<\/li>\n<li>Codigo: DA5381-127<\/li>\n<li>Modelo: Court Legacy<\/li>\n<li>G\u00e9nero: Ni\u00f1os<\/li>\n<li>Estilo: Urbano<\/li>\n<li>Cierre: Cordones<\/li>\n<li>Material: Cuero<\/li>\n<li>Color: Blanco<\/li>\n<li>Material de la Suela: Goma<\/li>\n<\/ul>","protected":false},"excerpt":{"rendered":"<p>El legado de Nike Court ofrece un estilo cl\u00e1sico de tenis para ni\u00f1os. Es duradero y c\u00f3modo, adem\u00e1s de contar con costuras de herencia y&#8230;<\/p>","protected":false},"featured_media":54973,"comment_status":"open","ping_status":"closed","template":"","meta":{"om_disable_all_campaigns":false,"_monsterinsights_skip_tracking":false,"_monsterinsights_sitenote_active":false,"_monsterinsights_sitenote_note":"","_monsterinsights_sitenote_category":0,"_uf_show_specific_survey":0,"_uf_disable_surveys":false,"_joinchat":[]},"etheme_brands":[],"product_brand":[],"product_cat":[159],"product_tag":[],"class_list":{"0":"post-45081","1":"product","2":"type-product","3":"status-publish","4":"has-post-thumbnail","6":"product_cat-ninos","7":"product_shipping_class-envio-a-lima-y-provincia","9":"first","10":"instock","11":"sale","12":"featured","13":"shipping-taxable","14":"purchasable","15":"product-type-variable"},"aioseo_notices":[],"_links":{"self":[{"href":"https:\/\/jnksport.com\/en\/wp-json\/wp\/v2\/product\/45081","targetHints":{"allow":["GET"]}}],"collection":[{"href":"https:\/\/jnksport.com\/en\/wp-json\/wp\/v2\/product"}],"about":[{"href":"https:\/\/jnksport.com\/en\/wp-json\/wp\/v2\/types\/product"}],"replies":[{"embeddable":true,"href":"https:\/\/jnksport.com\/en\/wp-json\/wp\/v2\/comments?post=45081"}],"version-history":[{"count":0,"href":"https:\/\/jnksport.com\/en\/wp-json\/wp\/v2\/product\/45081\/revisions"}],"wp:featuredmedia":[{"embeddable":true,"href":"https:\/\/jnksport.com\/en\/wp-json\/wp\/v2\/media\/54973"}],"wp:attachment":[{"href":"https:\/\/jnksport.com\/en\/wp-json\/wp\/v2\/media?parent=45081"}],"wp:term":[{"taxonomy":"brand","embeddable":true,"href":"https:\/\/jnksport.com\/en\/wp-json\/wp\/v2\/etheme_brands?post=45081"},{"taxonomy":"product_brand","embeddable":true,"href":"https:\/\/jnksport.com\/en\/wp-json\/wp\/v2\/product_brand?post=45081"},{"taxonomy":"product_cat","embeddable":true,"href":"https:\/\/jnksport.com\/en\/wp-json\/wp\/v2\/product_cat?post=45081"},{"taxonomy":"product_tag","embeddable":true,"href":"https:\/\/jnksport.com\/en\/wp-json\/wp\/v2\/product_tag?post=45081"}],"curies":[{"name":"wp","href":"https:\/\/api.w.org\/{rel}","templated":true}]}}