{"id":45179,"date":"2025-05-05T19:11:34","date_gmt":"2025-05-05T19:11:34","guid":{"rendered":"https:\/\/jnksport.com\/?post_type=product&#038;p=45179"},"modified":"2026-04-29T22:32:06","modified_gmt":"2026-04-29T22:32:06","slug":"zapatilla-nike-revolution-7-fb2207-005-hombre","status":"publish","type":"product","link":"https:\/\/jnksport.com\/en\/product\/zapatilla-nike-revolution-7-fb2207-005-hombre\/","title":{"rendered":"Zapatilla Nike Revolution 7 FB2207-005 Hombre"},"content":{"rendered":"<div>\n<div>Cargamos el Revolution 7 con el tipo de amortiguaci\u00f3n suave y soporte que podr\u00eda cambiar tu mundo del running. Elegante como siempre, c\u00f3modo cuando la goma se encuentra con la carretera y con alto rendimiento para el ritmo deseado, es una evoluci\u00f3n de un favorito de los fan\u00e1ticos que ofrece una conducci\u00f3n suave y tersa.<\/p>\n<p>Pisada con espuma<\/p>\n<p>Una entresuela de espuma brinda una pisada suave y fluida. Tambi\u00e9n hay un poco m\u00e1s de espacio en el antepi\u00e9 en comparaci\u00f3n con el 6, por lo que los dedos de los pies no se sienten apretados ni pellizcados.<\/p>\n<p>Suave al tacto<\/p>\n<p>Agregamos almohadillas en el tal\u00f3n que son visibles en el exterior del calzado. Son suaves al tacto y ayudan a agregar comodidad a tu tend\u00f3n de Aquiles. Los puntos de contacto en la leng\u00fceta crean una sensaci\u00f3n natural cuando haces un despegue.<\/p>\n<p>Agarre firme<\/p>\n<p>La suela tiene un patr\u00f3n de tracci\u00f3n generativa que se combina con resaltes de goma para brindarte agarre al subir o bajar una pendiente.<\/p><\/div>\n<\/div>\n<ul>\n<li>Marca: Nike<\/li>\n<li>Codigo: FB2207-005<\/li>\n<li>Modelo: Revolution 7<\/li>\n<li>G\u00e9nero: Hombre<\/li>\n<li>Estilo: Deportivo<\/li>\n<li>Cierre: Cordones<\/li>\n<li>Material: Textil<\/li>\n<li>Color: Negro<\/li>\n<li>Material de la Suela: Goma<\/li>\n<\/ul>","protected":false},"excerpt":{"rendered":"<p>Cargamos el Revolution 7 con el tipo de amortiguaci\u00f3n suave y soporte que podr\u00eda cambiar tu mundo del running. Elegante como siempre, c\u00f3modo cuando la&#8230;<\/p>","protected":false},"featured_media":54981,"comment_status":"open","ping_status":"closed","template":"","meta":{"om_disable_all_campaigns":false,"_monsterinsights_skip_tracking":false,"_monsterinsights_sitenote_active":false,"_monsterinsights_sitenote_note":"","_monsterinsights_sitenote_category":0,"_uf_show_specific_survey":0,"_uf_disable_surveys":false,"_joinchat":[]},"etheme_brands":[],"product_brand":[],"product_cat":[19],"product_tag":[],"class_list":{"0":"post-45179","1":"product","2":"type-product","3":"status-publish","4":"has-post-thumbnail","6":"product_cat-hombre","7":"product_shipping_class-envio-a-lima-y-provincia","9":"first","10":"instock","11":"sale","12":"featured","13":"shipping-taxable","14":"purchasable","15":"product-type-variable"},"aioseo_notices":[],"_links":{"self":[{"href":"https:\/\/jnksport.com\/en\/wp-json\/wp\/v2\/product\/45179","targetHints":{"allow":["GET"]}}],"collection":[{"href":"https:\/\/jnksport.com\/en\/wp-json\/wp\/v2\/product"}],"about":[{"href":"https:\/\/jnksport.com\/en\/wp-json\/wp\/v2\/types\/product"}],"replies":[{"embeddable":true,"href":"https:\/\/jnksport.com\/en\/wp-json\/wp\/v2\/comments?post=45179"}],"version-history":[{"count":0,"href":"https:\/\/jnksport.com\/en\/wp-json\/wp\/v2\/product\/45179\/revisions"}],"wp:featuredmedia":[{"embeddable":true,"href":"https:\/\/jnksport.com\/en\/wp-json\/wp\/v2\/media\/54981"}],"wp:attachment":[{"href":"https:\/\/jnksport.com\/en\/wp-json\/wp\/v2\/media?parent=45179"}],"wp:term":[{"taxonomy":"brand","embeddable":true,"href":"https:\/\/jnksport.com\/en\/wp-json\/wp\/v2\/etheme_brands?post=45179"},{"taxonomy":"product_brand","embeddable":true,"href":"https:\/\/jnksport.com\/en\/wp-json\/wp\/v2\/product_brand?post=45179"},{"taxonomy":"product_cat","embeddable":true,"href":"https:\/\/jnksport.com\/en\/wp-json\/wp\/v2\/product_cat?post=45179"},{"taxonomy":"product_tag","embeddable":true,"href":"https:\/\/jnksport.com\/en\/wp-json\/wp\/v2\/product_tag?post=45179"}],"curies":[{"name":"wp","href":"https:\/\/api.w.org\/{rel}","templated":true}]}}