{"id":45279,"date":"2025-05-05T19:11:53","date_gmt":"2025-05-05T19:11:53","guid":{"rendered":"https:\/\/jnksport.com\/?post_type=product&#038;p=45279"},"modified":"2026-04-20T15:30:20","modified_gmt":"2026-04-20T15:30:20","slug":"zapatilla-adidas-deportivo-ii-hp2514-hombre","status":"publish","type":"product","link":"https:\/\/jnksport.com\/en\/product\/zapatilla-adidas-deportivo-ii-hp2514-hombre\/","title":{"rendered":"Zapatilla Adidas Deportivo II HP2514 Hombre"},"content":{"rendered":"<div>\n<div>Chimpunes c\u00f3modos para desatar tus habilidades en canchas cubiertas<br \/>\nEstos chimpunes adidas son perfectos para tu juego y est\u00e1n dise\u00f1ados para canchas cubiertas. Presentan una leng\u00fceta perforada para una mayor transpirabilidad durante los movimientos intensos y un tal\u00f3n anat\u00f3mico para un ajuste c\u00f3modo. El exterior sint\u00e9tico resistente tiene costuras de control en el antepi\u00e9 para ayudarte a mantener el bal\u00f3n cerca y pasadores asim\u00e9tricos para asegurar golpes limpios.<br \/>\nHorma cl\u00e1sica<br \/>\nSistema de amarre de pasadores<br \/>\nExterior sint\u00e9tico<br \/>\nLeng\u00fceta perforada transpirable<br \/>\nForro interno textil<br \/>\nSuela de caucho que no marca las superficies<br \/>\nColor del art\u00edculo: Core Black \/ Bright Royal \/ Bright Royal<\/div>\n<\/div>\n<ul>\n<li>Marca: Adidas<\/li>\n<li>Codigo: HP2514<\/li>\n<li>Modelo: Deportivo II<\/li>\n<li>G\u00e9nero: Hombre<\/li>\n<li>Estilo: Deportivo<\/li>\n<li>Cierre: Cordones<\/li>\n<li>Material: Cuero<\/li>\n<li>Color: Negro<\/li>\n<li>Material de la Suela: Caucho<\/li>\n<\/ul>","protected":false},"excerpt":{"rendered":"<p>Chimpunes c\u00f3modos para desatar tus habilidades en canchas cubiertas Estos chimpunes adidas son perfectos para tu juego y est\u00e1n dise\u00f1ados para canchas cubiertas. Presentan una&#8230;<\/p>","protected":false},"featured_media":44677,"comment_status":"open","ping_status":"closed","template":"","meta":{"om_disable_all_campaigns":false,"_monsterinsights_skip_tracking":false,"_monsterinsights_sitenote_active":false,"_monsterinsights_sitenote_note":"","_monsterinsights_sitenote_category":0,"_uf_show_specific_survey":0,"_uf_disable_surveys":false,"_joinchat":[]},"etheme_brands":[],"product_brand":[],"product_cat":[19],"product_tag":[],"class_list":{"0":"post-45279","1":"product","2":"type-product","3":"status-publish","4":"has-post-thumbnail","6":"product_cat-hombre","7":"product_shipping_class-envio-a-lima-y-provincia","9":"first","10":"instock","11":"featured","12":"shipping-taxable","13":"purchasable","14":"product-type-variable"},"aioseo_notices":[],"_links":{"self":[{"href":"https:\/\/jnksport.com\/en\/wp-json\/wp\/v2\/product\/45279","targetHints":{"allow":["GET"]}}],"collection":[{"href":"https:\/\/jnksport.com\/en\/wp-json\/wp\/v2\/product"}],"about":[{"href":"https:\/\/jnksport.com\/en\/wp-json\/wp\/v2\/types\/product"}],"replies":[{"embeddable":true,"href":"https:\/\/jnksport.com\/en\/wp-json\/wp\/v2\/comments?post=45279"}],"version-history":[{"count":0,"href":"https:\/\/jnksport.com\/en\/wp-json\/wp\/v2\/product\/45279\/revisions"}],"wp:featuredmedia":[{"embeddable":true,"href":"https:\/\/jnksport.com\/en\/wp-json\/wp\/v2\/media\/44677"}],"wp:attachment":[{"href":"https:\/\/jnksport.com\/en\/wp-json\/wp\/v2\/media?parent=45279"}],"wp:term":[{"taxonomy":"brand","embeddable":true,"href":"https:\/\/jnksport.com\/en\/wp-json\/wp\/v2\/etheme_brands?post=45279"},{"taxonomy":"product_brand","embeddable":true,"href":"https:\/\/jnksport.com\/en\/wp-json\/wp\/v2\/product_brand?post=45279"},{"taxonomy":"product_cat","embeddable":true,"href":"https:\/\/jnksport.com\/en\/wp-json\/wp\/v2\/product_cat?post=45279"},{"taxonomy":"product_tag","embeddable":true,"href":"https:\/\/jnksport.com\/en\/wp-json\/wp\/v2\/product_tag?post=45279"}],"curies":[{"name":"wp","href":"https:\/\/api.w.org\/{rel}","templated":true}]}}