{"id":45307,"date":"2025-05-05T19:11:58","date_gmt":"2025-05-05T19:11:58","guid":{"rendered":"https:\/\/jnksport.com\/?post_type=product&#038;p=45307"},"modified":"2026-03-27T23:13:09","modified_gmt":"2026-03-27T23:13:09","slug":"zapatilla-adidas-goletto-viii-hq4484-hombre","status":"publish","type":"product","link":"https:\/\/jnksport.com\/en\/product\/zapatilla-adidas-goletto-viii-hq4484-hombre\/","title":{"rendered":"Zapatilla Adidas Goletto VIII HQ4484 Hombre"},"content":{"rendered":"<div>\n<div>Chimpunes para pasto sint\u00e9tico hechos parcialmente con contenido reciclado<br \/>\nNo importa si los est\u00e1s anotando o parando, el deporte rey se trata de goles. Estos chimpunes adidas Goletto VIII lucen un exterior sint\u00e9tico moderno que incorpora puntadas en antepi\u00e9 para un mayor control y un c\u00f3modo acolchado en el tal\u00f3n. La suela de caucho con toperoles se adhiere al pasto sint\u00e9tico para ayudarte a brillar.<\/p>\n<p>Hechos parcialmente con contenido reciclado generado a partir de desechos de producci\u00f3n, tales como recortes de tela y desechos dom\u00e9sticos postconsumo, para evitar un mayor impacto ambiental al producir contenido virgen.<\/p>\n<p>&#8211; Horma cl\u00e1sica<br \/>\n&#8211; Sistema de amarre de pasadores<br \/>\n&#8211; Exterior sint\u00e9tico suave<br \/>\n&#8211; Suela de caucho optimizada para pasto sint\u00e9tico<br \/>\n&#8211; El 25% de los componentes utilizados para fabricar el exterior est\u00e1n hechos con al menos un 50% de contenido reciclado<\/p><\/div>\n<\/div>\n<ul>\n<li>Marca: Adidas<\/li>\n<li>Codigo: HQ4484<\/li>\n<li>Modelo: Goletto VIII<\/li>\n<li>G\u00e9nero: Hombre<\/li>\n<li>Estilo: Deportivo<\/li>\n<li>Cierre: Cordones<\/li>\n<li>Material: Cuero<\/li>\n<li>Color: Blanco<\/li>\n<li>Material de la Suela: Caucho<\/li>\n<\/ul>","protected":false},"excerpt":{"rendered":"<p>Chimpunes para pasto sint\u00e9tico hechos parcialmente con contenido reciclado No importa si los est\u00e1s anotando o parando, el deporte rey se trata de goles. Estos&#8230;<\/p>","protected":false},"featured_media":55009,"comment_status":"open","ping_status":"closed","template":"","meta":{"om_disable_all_campaigns":false,"_monsterinsights_skip_tracking":false,"_monsterinsights_sitenote_active":false,"_monsterinsights_sitenote_note":"","_monsterinsights_sitenote_category":0,"_uf_show_specific_survey":0,"_uf_disable_surveys":false,"_joinchat":[]},"etheme_brands":[],"product_brand":[],"product_cat":[19],"product_tag":[],"class_list":{"0":"post-45307","1":"product","2":"type-product","3":"status-publish","4":"has-post-thumbnail","6":"product_cat-hombre","7":"product_shipping_class-envio-a-lima-y-provincia","9":"first","10":"instock","11":"featured","12":"shipping-taxable","13":"purchasable","14":"product-type-variable"},"aioseo_notices":[],"_links":{"self":[{"href":"https:\/\/jnksport.com\/en\/wp-json\/wp\/v2\/product\/45307","targetHints":{"allow":["GET"]}}],"collection":[{"href":"https:\/\/jnksport.com\/en\/wp-json\/wp\/v2\/product"}],"about":[{"href":"https:\/\/jnksport.com\/en\/wp-json\/wp\/v2\/types\/product"}],"replies":[{"embeddable":true,"href":"https:\/\/jnksport.com\/en\/wp-json\/wp\/v2\/comments?post=45307"}],"version-history":[{"count":0,"href":"https:\/\/jnksport.com\/en\/wp-json\/wp\/v2\/product\/45307\/revisions"}],"wp:featuredmedia":[{"embeddable":true,"href":"https:\/\/jnksport.com\/en\/wp-json\/wp\/v2\/media\/55009"}],"wp:attachment":[{"href":"https:\/\/jnksport.com\/en\/wp-json\/wp\/v2\/media?parent=45307"}],"wp:term":[{"taxonomy":"brand","embeddable":true,"href":"https:\/\/jnksport.com\/en\/wp-json\/wp\/v2\/etheme_brands?post=45307"},{"taxonomy":"product_brand","embeddable":true,"href":"https:\/\/jnksport.com\/en\/wp-json\/wp\/v2\/product_brand?post=45307"},{"taxonomy":"product_cat","embeddable":true,"href":"https:\/\/jnksport.com\/en\/wp-json\/wp\/v2\/product_cat?post=45307"},{"taxonomy":"product_tag","embeddable":true,"href":"https:\/\/jnksport.com\/en\/wp-json\/wp\/v2\/product_tag?post=45307"}],"curies":[{"name":"wp","href":"https:\/\/api.w.org\/{rel}","templated":true}]}}