{"id":45308,"date":"2025-05-05T19:11:58","date_gmt":"2025-05-05T19:11:58","guid":{"rendered":"https:\/\/jnksport.com\/?post_type=product&#038;p=45308"},"modified":"2026-04-25T19:59:31","modified_gmt":"2026-04-25T19:59:31","slug":"zapatilla-adidas-predator-club-id3785-hombre","status":"publish","type":"product","link":"https:\/\/jnksport.com\/en\/product\/zapatilla-adidas-predator-club-id3785-hombre\/","title":{"rendered":"Zapatilla Adidas Predator Club ID3785 Hombre"},"content":{"rendered":"<div>\n<div>Comienza cada partido sabiendo que anotar\u00e1s con estos chimpunes de f\u00fatbol adidas Predator Club creados para marcar goles. Presentan un exterior sint\u00e9tico con un forro textil muy c\u00f3modo y suave al tacto. La suela de caucho estriada aporta precisi\u00f3n a tu juego en canchas de pasto sint\u00e9tico.<\/p>\n<p>Este producto contiene al menos un 20 % de material reciclado. Utilizando materiales reciclados disminuimos los residuos, nuestra dependencia de los recursos finitos y la huella que generan los productos que fabricamos.<br \/>\nAjuste cl\u00e1sico<br \/>\nCierre de pasadores<br \/>\nExterior sint\u00e9tico<br \/>\nForro textil<br \/>\nSuela de caucho para canchas de pasto sint\u00e9tico<br \/>\nContienen al menos un 20 % de material reciclado<br \/>\nColor del art\u00edculo: Cloud White \/ Lucid Pink \/ Lucid Lemon<\/p><\/div>\n<\/div>\n<ul>\n<li>Marca: Adidas<\/li>\n<li>Codigo: ID3785<\/li>\n<li>Modelo: Predator Club<\/li>\n<li>G\u00e9nero: Hombre<\/li>\n<li>Estilo: Deportivo<\/li>\n<li>Cierre: Cordones<\/li>\n<li>Material: Cuero<\/li>\n<li>Color: Blanco<\/li>\n<li>Material de la Suela: Caucho<\/li>\n<\/ul>","protected":false},"excerpt":{"rendered":"<p>Comienza cada partido sabiendo que anotar\u00e1s con estos chimpunes de f\u00fatbol adidas Predator Club creados para marcar goles. Presentan un exterior sint\u00e9tico con un forro&#8230;<\/p>","protected":false},"featured_media":55010,"comment_status":"open","ping_status":"closed","template":"","meta":{"om_disable_all_campaigns":false,"_monsterinsights_skip_tracking":false,"_monsterinsights_sitenote_active":false,"_monsterinsights_sitenote_note":"","_monsterinsights_sitenote_category":0,"_uf_show_specific_survey":0,"_uf_disable_surveys":false,"_joinchat":[]},"etheme_brands":[],"product_brand":[],"product_cat":[19],"product_tag":[],"class_list":{"0":"post-45308","1":"product","2":"type-product","3":"status-publish","4":"has-post-thumbnail","6":"product_cat-hombre","7":"product_shipping_class-envio-a-lima-y-provincia","9":"first","10":"instock","11":"sale","12":"featured","13":"shipping-taxable","14":"purchasable","15":"product-type-variable"},"aioseo_notices":[],"_links":{"self":[{"href":"https:\/\/jnksport.com\/en\/wp-json\/wp\/v2\/product\/45308","targetHints":{"allow":["GET"]}}],"collection":[{"href":"https:\/\/jnksport.com\/en\/wp-json\/wp\/v2\/product"}],"about":[{"href":"https:\/\/jnksport.com\/en\/wp-json\/wp\/v2\/types\/product"}],"replies":[{"embeddable":true,"href":"https:\/\/jnksport.com\/en\/wp-json\/wp\/v2\/comments?post=45308"}],"version-history":[{"count":0,"href":"https:\/\/jnksport.com\/en\/wp-json\/wp\/v2\/product\/45308\/revisions"}],"wp:featuredmedia":[{"embeddable":true,"href":"https:\/\/jnksport.com\/en\/wp-json\/wp\/v2\/media\/55010"}],"wp:attachment":[{"href":"https:\/\/jnksport.com\/en\/wp-json\/wp\/v2\/media?parent=45308"}],"wp:term":[{"taxonomy":"brand","embeddable":true,"href":"https:\/\/jnksport.com\/en\/wp-json\/wp\/v2\/etheme_brands?post=45308"},{"taxonomy":"product_brand","embeddable":true,"href":"https:\/\/jnksport.com\/en\/wp-json\/wp\/v2\/product_brand?post=45308"},{"taxonomy":"product_cat","embeddable":true,"href":"https:\/\/jnksport.com\/en\/wp-json\/wp\/v2\/product_cat?post=45308"},{"taxonomy":"product_tag","embeddable":true,"href":"https:\/\/jnksport.com\/en\/wp-json\/wp\/v2\/product_tag?post=45308"}],"curies":[{"name":"wp","href":"https:\/\/api.w.org\/{rel}","templated":true}]}}