{"id":46655,"date":"2025-05-29T08:20:10","date_gmt":"2025-05-29T08:20:10","guid":{"rendered":"https:\/\/jnksport.com\/?post_type=product&#038;p=46655"},"modified":"2026-04-29T22:32:06","modified_gmt":"2026-04-29T22:32:06","slug":"zapatilla-skechers-bobs-b-love-true-117617-blk-mujer","status":"publish","type":"product","link":"https:\/\/jnksport.com\/en\/product\/zapatilla-skechers-bobs-b-love-true-117617-blk-mujer\/","title":{"rendered":"Zapatilla Skechers Bobs B Love-true 117617-BLK Mujer"},"content":{"rendered":"<div>\n<div>Las zapatillas deportivas Skechers SLIP-INS: BOBS SPORT B \u200b\u200bLOVE &#8211; TRUE DELIGHT para mujer ofrecen comodidad y estilo durante todo el d\u00eda. La tecnolog\u00eda Skechers Memory Foam acolchada en la plantilla est\u00e1 especialmente dise\u00f1ada para aumentar la comodidad de tus pies. Elaborado con ingredientes veganos, es una excelente opci\u00f3n para quienes buscan una opci\u00f3n ecol\u00f3gica. La parte superior de tejido de ingenier\u00eda transpirable del producto mantiene tus pies frescos, mientras que el dise\u00f1o especial Heel Pillow\u2122 brinda mayor comodidad al sostener tus pies de manera segura. Este modelo, que se puede poner y quitar f\u00e1cilmente gracias a su suela, es una opci\u00f3n ideal para mujeres con un estilo de vida activo. Captura comodidad y estilo con BOBS Sport\u2122 B Love &#8211; True Delight, que refleja las \u00faltimas innovaciones tecnol\u00f3gicas de Skechers. Al igual que con cada compra de Skechers BOBs, apoyas a los ni\u00f1os y a los animales callejeros cuando compras zapatillas para mujer Skechers SLIP-INS: BOBS SPORT B \u200b\u200bLOVE &#8211; TRUE DELIGHT.<br \/>\nLa plantilla est\u00e1 fabricada con tecnolog\u00eda Skechers Memory Foam, que proporciona amortiguaci\u00f3n y comodidad.<br \/>\nParte de la colecci\u00f3n Skechers Hands Free Slip-ins f\u00e1ciles de usar.<br \/>\nLa almohadilla especial para el tal\u00f3n sostiene el pie de forma segura.<br \/>\nTiene una parte superior de punto especialmente dise\u00f1ada con cordones ajustables.<br \/>\nElaborado con ingredientes 100% veganos.<br \/>\nLa altura del tac\u00f3n es de 3,81 cm.<\/div>\n<\/div>\n<ul>\n<li>Marca: Skechers<\/li>\n<li>Codigo: 117617-BLK<\/li>\n<li>Modelo: Bobs B Love-true<\/li>\n<li>G\u00e9nero: Mujer<\/li>\n<li>Estilo: Urbano<\/li>\n<li>Cierre: Cordones<\/li>\n<li>Material: Textil<\/li>\n<li>Color: Negro<\/li>\n<li>Material de la Suela: Goma<\/li>\n<\/ul>","protected":false},"excerpt":{"rendered":"<p>Las zapatillas deportivas Skechers SLIP-INS: BOBS SPORT B \u200b\u200bLOVE &#8211; TRUE DELIGHT para mujer ofrecen comodidad y estilo durante todo el d\u00eda. La tecnolog\u00eda Skechers&#8230;<\/p>","protected":false},"featured_media":45989,"comment_status":"open","ping_status":"closed","template":"","meta":{"om_disable_all_campaigns":false,"_monsterinsights_skip_tracking":false,"_monsterinsights_sitenote_active":false,"_monsterinsights_sitenote_note":"","_monsterinsights_sitenote_category":0,"_uf_show_specific_survey":0,"_uf_disable_surveys":false,"_joinchat":[]},"etheme_brands":[],"product_brand":[],"product_cat":[18],"product_tag":[],"class_list":{"0":"post-46655","1":"product","2":"type-product","3":"status-publish","4":"has-post-thumbnail","6":"product_cat-mujer","7":"product_shipping_class-envio-a-lima-y-provincia","9":"first","10":"instock","11":"sale","12":"featured","13":"shipping-taxable","14":"purchasable","15":"product-type-variable"},"aioseo_notices":[],"_links":{"self":[{"href":"https:\/\/jnksport.com\/en\/wp-json\/wp\/v2\/product\/46655","targetHints":{"allow":["GET"]}}],"collection":[{"href":"https:\/\/jnksport.com\/en\/wp-json\/wp\/v2\/product"}],"about":[{"href":"https:\/\/jnksport.com\/en\/wp-json\/wp\/v2\/types\/product"}],"replies":[{"embeddable":true,"href":"https:\/\/jnksport.com\/en\/wp-json\/wp\/v2\/comments?post=46655"}],"version-history":[{"count":0,"href":"https:\/\/jnksport.com\/en\/wp-json\/wp\/v2\/product\/46655\/revisions"}],"wp:featuredmedia":[{"embeddable":true,"href":"https:\/\/jnksport.com\/en\/wp-json\/wp\/v2\/media\/45989"}],"wp:attachment":[{"href":"https:\/\/jnksport.com\/en\/wp-json\/wp\/v2\/media?parent=46655"}],"wp:term":[{"taxonomy":"brand","embeddable":true,"href":"https:\/\/jnksport.com\/en\/wp-json\/wp\/v2\/etheme_brands?post=46655"},{"taxonomy":"product_brand","embeddable":true,"href":"https:\/\/jnksport.com\/en\/wp-json\/wp\/v2\/product_brand?post=46655"},{"taxonomy":"product_cat","embeddable":true,"href":"https:\/\/jnksport.com\/en\/wp-json\/wp\/v2\/product_cat?post=46655"},{"taxonomy":"product_tag","embeddable":true,"href":"https:\/\/jnksport.com\/en\/wp-json\/wp\/v2\/product_tag?post=46655"}],"curies":[{"name":"wp","href":"https:\/\/api.w.org\/{rel}","templated":true}]}}