{"id":46690,"date":"2025-05-29T08:20:18","date_gmt":"2025-05-29T08:20:18","guid":{"rendered":"https:\/\/jnksport.com\/?post_type=product&#038;p=46690"},"modified":"2026-04-30T23:46:58","modified_gmt":"2026-04-30T23:46:58","slug":"zapatilla-skechers-dlites-5-0-150520-owbr-mujer","status":"publish","type":"product","link":"https:\/\/jnksport.com\/en\/product\/zapatilla-skechers-dlites-5-0-150520-owbr-mujer\/","title":{"rendered":"Zapatilla Skechers D&#8217;Lites 5.0 150520-OWBR Mujer"},"content":{"rendered":"<div>\n<div>Skechers D&#8217;lites 5.0: las zapatillas deportivas mejoradas para mujer ofrecen una opci\u00f3n ideal para las usuarias con su dise\u00f1o moderno y tecnolog\u00edas avanzadas. Las incre\u00edbles zapatillas est\u00e1n equipadas con tecnolog\u00eda de amortiguaci\u00f3n Air Cooled Memory Foam; De esta forma, se asegura que los pies se sientan c\u00f3modos durante todo el d\u00eda y ofrece un excelente soporte con su caracter\u00edstica de amortiguaci\u00f3n. Mientras que su c\u00f3moda plantilla protege la salud del pie, su entresuela amortiguadora minimiza la interacci\u00f3n con el suelo y brinda protecci\u00f3n contra los impactos mientras te mueves. Adem\u00e1s, la estructura flexible de la suela proporciona un rendimiento de agarre eficaz en diversas superficies, proporcionando una experiencia segura en cada paso. Disfruta de pasos con estilo con Skechers D&#8217;lites 5.0: zapatillas deportivas mejoradas para mujer.<br \/>\nFabricado en piel, materiales sint\u00e9ticos y poli\u00e9ster.<br \/>\nDise\u00f1ada como una zapatilla deportiva con cordones e ic\u00f3nica.<br \/>\nSe utiliza tecnolog\u00eda de plantilla acolchada, c\u00f3moda y transpirable con espuma viscoel\u00e1stica refrigerada por aire.<br \/>\nSe utiliza una entresuela c\u00f3moda y que absorbe los impactos.<br \/>\nTiene una suela flexible que proporciona agarre al suelo.<\/div>\n<\/div>\n<ul>\n<li>Marca: Skechers<\/li>\n<li>Codigo: 150520-OWBR<\/li>\n<li>Modelo: D&#8217;Lites 5.0<\/li>\n<li>G\u00e9nero: Mujer<\/li>\n<li>Estilo: Urbano<\/li>\n<li>Cierre: Cordones<\/li>\n<li>Material: Textil<\/li>\n<li>Color: Beige<\/li>\n<li>Material de la Suela: Goma<\/li>\n<\/ul>","protected":false},"excerpt":{"rendered":"<p>Skechers D&#8217;lites 5.0: las zapatillas deportivas mejoradas para mujer ofrecen una opci\u00f3n ideal para las usuarias con su dise\u00f1o moderno y tecnolog\u00edas avanzadas. Las incre\u00edbles&#8230;<\/p>","protected":false},"featured_media":59751,"comment_status":"open","ping_status":"closed","template":"","meta":{"om_disable_all_campaigns":false,"_monsterinsights_skip_tracking":false,"_monsterinsights_sitenote_active":false,"_monsterinsights_sitenote_note":"","_monsterinsights_sitenote_category":0,"_uf_show_specific_survey":0,"_uf_disable_surveys":false,"_joinchat":[]},"etheme_brands":[],"product_brand":[],"product_cat":[18],"product_tag":[],"class_list":{"0":"post-46690","1":"product","2":"type-product","3":"status-publish","4":"has-post-thumbnail","6":"product_cat-mujer","7":"product_shipping_class-envio-a-lima-y-provincia","9":"first","10":"instock","11":"sale","12":"featured","13":"shipping-taxable","14":"purchasable","15":"product-type-variable"},"aioseo_notices":[],"_links":{"self":[{"href":"https:\/\/jnksport.com\/en\/wp-json\/wp\/v2\/product\/46690","targetHints":{"allow":["GET"]}}],"collection":[{"href":"https:\/\/jnksport.com\/en\/wp-json\/wp\/v2\/product"}],"about":[{"href":"https:\/\/jnksport.com\/en\/wp-json\/wp\/v2\/types\/product"}],"replies":[{"embeddable":true,"href":"https:\/\/jnksport.com\/en\/wp-json\/wp\/v2\/comments?post=46690"}],"version-history":[{"count":1,"href":"https:\/\/jnksport.com\/en\/wp-json\/wp\/v2\/product\/46690\/revisions"}],"predecessor-version":[{"id":59752,"href":"https:\/\/jnksport.com\/en\/wp-json\/wp\/v2\/product\/46690\/revisions\/59752"}],"wp:featuredmedia":[{"embeddable":true,"href":"https:\/\/jnksport.com\/en\/wp-json\/wp\/v2\/media\/59751"}],"wp:attachment":[{"href":"https:\/\/jnksport.com\/en\/wp-json\/wp\/v2\/media?parent=46690"}],"wp:term":[{"taxonomy":"brand","embeddable":true,"href":"https:\/\/jnksport.com\/en\/wp-json\/wp\/v2\/etheme_brands?post=46690"},{"taxonomy":"product_brand","embeddable":true,"href":"https:\/\/jnksport.com\/en\/wp-json\/wp\/v2\/product_brand?post=46690"},{"taxonomy":"product_cat","embeddable":true,"href":"https:\/\/jnksport.com\/en\/wp-json\/wp\/v2\/product_cat?post=46690"},{"taxonomy":"product_tag","embeddable":true,"href":"https:\/\/jnksport.com\/en\/wp-json\/wp\/v2\/product_tag?post=46690"}],"curies":[{"name":"wp","href":"https:\/\/api.w.org\/{rel}","templated":true}]}}