{"id":46723,"date":"2025-05-29T08:20:23","date_gmt":"2025-05-29T08:20:23","guid":{"rendered":"https:\/\/jnksport.com\/?post_type=product&#038;p=46723"},"modified":"2026-04-30T23:52:26","modified_gmt":"2026-04-30T23:52:26","slug":"zapatilla-skechers-billion-2-177345-ofwt-mujer","status":"publish","type":"product","link":"https:\/\/jnksport.com\/en\/product\/zapatilla-skechers-billion-2-177345-ofwt-mujer\/","title":{"rendered":"Zapatilla Skechers Billion 2 177345-OFWT Mujer"},"content":{"rendered":"<div>\n<div>Se utiliza tecnolog\u00eda de plantilla acolchada con espuma viscoel\u00e1stica, c\u00f3moda y transpirable.<br \/>\nSe utiliza una entresuela flexible, ligera y que absorbe los impactos.<br \/>\nEl zapato casual para mujer Skechers Billion 2 &#8211; Fine Shine es una opci\u00f3n \u00fanica que ofrece comodidad y elegancia en la vida diaria. Este dise\u00f1o especial proporciona ligereza a tus pies con comodidad y soporte durante todo el d\u00eda gracias a la tecnolog\u00eda de plantilla acolchada Memory Foam. Adem\u00e1s, la tecnolog\u00eda de transpirabilidad permite que tus pies respiren, evitando problemas como la sudoraci\u00f3n y el mal olor. Su estructura flexible y liviana maximiza tu libertad de movimiento, mientras que la entresuela que absorbe los impactos hace que tus caminatas sean m\u00e1s c\u00f3modas con su funci\u00f3n de absorci\u00f3n de impactos. Skechers ofrece un uso duradero con los materiales de calidad y duraderos que utiliza en su producci\u00f3n. Con un dise\u00f1o moderno y elegante para mujer, Billion 2 &#8211; Fine Shine es un zapato que puedes usar c\u00f3modamente sin comprometer tu estilo. Gracias a todas estas caracter\u00edsticas superiores, Skechers Billion 2 &#8211; Fine Shine es un candidato para convertirse en una parte indispensable de tu vida diaria.<\/div>\n<\/div>\n<ul>\n<li>Marca: Skechers<\/li>\n<li>Codigo: 177345-OFWT<\/li>\n<li>Modelo: Billion 2<\/li>\n<li>G\u00e9nero: Mujer<\/li>\n<li>Estilo: Urbano<\/li>\n<li>Cierre: Cordones<\/li>\n<li>Material: Cuero<\/li>\n<li>Color: Gris<\/li>\n<li>Material de la Suela: Goma<\/li>\n<\/ul>","protected":false},"excerpt":{"rendered":"<p>Se utiliza tecnolog\u00eda de plantilla acolchada con espuma viscoel\u00e1stica, c\u00f3moda y transpirable. Se utiliza una entresuela flexible, ligera y que absorbe los impactos. El zapato&#8230;<\/p>","protected":false},"featured_media":59755,"comment_status":"open","ping_status":"closed","template":"","meta":{"om_disable_all_campaigns":false,"_monsterinsights_skip_tracking":false,"_monsterinsights_sitenote_active":false,"_monsterinsights_sitenote_note":"","_monsterinsights_sitenote_category":0,"_uf_show_specific_survey":0,"_uf_disable_surveys":false,"_joinchat":[]},"etheme_brands":[],"product_brand":[],"product_cat":[18],"product_tag":[],"class_list":{"0":"post-46723","1":"product","2":"type-product","3":"status-publish","4":"has-post-thumbnail","6":"product_cat-mujer","7":"product_shipping_class-envio-a-lima-y-provincia","9":"first","10":"instock","11":"featured","12":"shipping-taxable","13":"purchasable","14":"product-type-variable"},"aioseo_notices":[],"_links":{"self":[{"href":"https:\/\/jnksport.com\/en\/wp-json\/wp\/v2\/product\/46723","targetHints":{"allow":["GET"]}}],"collection":[{"href":"https:\/\/jnksport.com\/en\/wp-json\/wp\/v2\/product"}],"about":[{"href":"https:\/\/jnksport.com\/en\/wp-json\/wp\/v2\/types\/product"}],"replies":[{"embeddable":true,"href":"https:\/\/jnksport.com\/en\/wp-json\/wp\/v2\/comments?post=46723"}],"version-history":[{"count":1,"href":"https:\/\/jnksport.com\/en\/wp-json\/wp\/v2\/product\/46723\/revisions"}],"predecessor-version":[{"id":59756,"href":"https:\/\/jnksport.com\/en\/wp-json\/wp\/v2\/product\/46723\/revisions\/59756"}],"wp:featuredmedia":[{"embeddable":true,"href":"https:\/\/jnksport.com\/en\/wp-json\/wp\/v2\/media\/59755"}],"wp:attachment":[{"href":"https:\/\/jnksport.com\/en\/wp-json\/wp\/v2\/media?parent=46723"}],"wp:term":[{"taxonomy":"brand","embeddable":true,"href":"https:\/\/jnksport.com\/en\/wp-json\/wp\/v2\/etheme_brands?post=46723"},{"taxonomy":"product_brand","embeddable":true,"href":"https:\/\/jnksport.com\/en\/wp-json\/wp\/v2\/product_brand?post=46723"},{"taxonomy":"product_cat","embeddable":true,"href":"https:\/\/jnksport.com\/en\/wp-json\/wp\/v2\/product_cat?post=46723"},{"taxonomy":"product_tag","embeddable":true,"href":"https:\/\/jnksport.com\/en\/wp-json\/wp\/v2\/product_tag?post=46723"}],"curies":[{"name":"wp","href":"https:\/\/api.w.org\/{rel}","templated":true}]}}