{"id":46754,"date":"2025-05-29T08:20:27","date_gmt":"2025-05-29T08:20:27","guid":{"rendered":"https:\/\/jnksport.com\/?post_type=product&#038;p=46754"},"modified":"2026-05-01T00:09:47","modified_gmt":"2026-05-01T00:09:47","slug":"zapatilla-skechers-love-all-around-177917-wmlt-mujer","status":"publish","type":"product","link":"https:\/\/jnksport.com\/en\/product\/zapatilla-skechers-love-all-around-177917-wmlt-mujer\/","title":{"rendered":"Zapatilla Skechers Love All Around 177917-WMLT Mujer"},"content":{"rendered":"<div>\n<div>El muralista de renombre internacional James Goldcrown trae sus ic\u00f3nicos dise\u00f1os de corazones #Lovewall a Skechers en esta inspiradora colaboraci\u00f3n. Luce tu estilo creativo con Skechers Street\u2122 x JGoldcrown: Uno &#8211; Love All Around. Estas zapatillas de moda con cordones presentan un estampado del dise\u00f1o de coraz\u00f3n caracter\u00edstico del artista, parte superior sint\u00e9tica de durabuck, plantilla Skechers Air-Cooled Memory Foam\u00ae y una entresuela visible con airbag Skech-Air\u00ae.<\/p>\n<p>Espuma viscoel\u00e1stica refrigerada por aire<br \/>\nSkechers Air-Cooled Memory Foam\u00ae puede brindar alivio de presi\u00f3n, comodidad instant\u00e1nea y transpirabilidad.<\/p>\n<p>Skech-Air<br \/>\nNuestras incre\u00edbles entresuelas con infusi\u00f3n de aire te brindan la sensaci\u00f3n de caminar sobre las nubes, dondequiera que vayas.<\/p>\n<p>Caracter\u00edsticas principales<br \/>\nDe la colaboraci\u00f3n Skechers x JGoldcrown que presenta el ic\u00f3nico dise\u00f1o #Lovewall del muralista<br \/>\nPlantilla c\u00f3moda Skechers Air-Cooled Memory Foam\u00ae<br \/>\nEntresuela con airbag visible Skech-Air\u00ae<br \/>\nDetalles de dise\u00f1o<br \/>\nParte superior sint\u00e9tica de durabuck con cordones en la parte delantera.<br \/>\nSuela de tracci\u00f3n flexible<br \/>\nAltura del tac\u00f3n: 1 1\/2 pulgada<br \/>\nDetalle del logotipo de Skechers\u00ae<br \/>\nMateriales<br \/>\nSuela: SINT\u00c9TICA<br \/>\nParte superior: SINT\u00c9TICO, TEXTIL<br \/>\nPlantilla de forro: TEXTIL<\/p><\/div>\n<\/div>\n<ul>\n<li>Marca: Skechers<\/li>\n<li>Codigo: 177917-WMLT<\/li>\n<li>Modelo: Love All Around<\/li>\n<li>G\u00e9nero: Mujer<\/li>\n<li>Estilo: Urbano<\/li>\n<li>Cierre: Cordones<\/li>\n<li>Material: Cuero<\/li>\n<li>Color: Blanco<\/li>\n<li>Material de la Suela: Goma<\/li>\n<\/ul>","protected":false},"excerpt":{"rendered":"<p>El muralista de renombre internacional James Goldcrown trae sus ic\u00f3nicos dise\u00f1os de corazones #Lovewall a Skechers en esta inspiradora colaboraci\u00f3n. Luce tu estilo creativo con&#8230;<\/p>","protected":false},"featured_media":59761,"comment_status":"open","ping_status":"closed","template":"","meta":{"om_disable_all_campaigns":false,"_monsterinsights_skip_tracking":false,"_monsterinsights_sitenote_active":false,"_monsterinsights_sitenote_note":"","_monsterinsights_sitenote_category":0,"_uf_show_specific_survey":0,"_uf_disable_surveys":false,"_joinchat":[]},"etheme_brands":[],"product_brand":[],"product_cat":[18],"product_tag":[],"class_list":{"0":"post-46754","1":"product","2":"type-product","3":"status-publish","4":"has-post-thumbnail","6":"product_cat-mujer","7":"product_shipping_class-envio-a-lima-y-provincia","9":"first","10":"instock","11":"sale","12":"featured","13":"shipping-taxable","14":"purchasable","15":"product-type-variable"},"aioseo_notices":[],"_links":{"self":[{"href":"https:\/\/jnksport.com\/en\/wp-json\/wp\/v2\/product\/46754","targetHints":{"allow":["GET"]}}],"collection":[{"href":"https:\/\/jnksport.com\/en\/wp-json\/wp\/v2\/product"}],"about":[{"href":"https:\/\/jnksport.com\/en\/wp-json\/wp\/v2\/types\/product"}],"replies":[{"embeddable":true,"href":"https:\/\/jnksport.com\/en\/wp-json\/wp\/v2\/comments?post=46754"}],"version-history":[{"count":1,"href":"https:\/\/jnksport.com\/en\/wp-json\/wp\/v2\/product\/46754\/revisions"}],"predecessor-version":[{"id":59762,"href":"https:\/\/jnksport.com\/en\/wp-json\/wp\/v2\/product\/46754\/revisions\/59762"}],"wp:featuredmedia":[{"embeddable":true,"href":"https:\/\/jnksport.com\/en\/wp-json\/wp\/v2\/media\/59761"}],"wp:attachment":[{"href":"https:\/\/jnksport.com\/en\/wp-json\/wp\/v2\/media?parent=46754"}],"wp:term":[{"taxonomy":"brand","embeddable":true,"href":"https:\/\/jnksport.com\/en\/wp-json\/wp\/v2\/etheme_brands?post=46754"},{"taxonomy":"product_brand","embeddable":true,"href":"https:\/\/jnksport.com\/en\/wp-json\/wp\/v2\/product_brand?post=46754"},{"taxonomy":"product_cat","embeddable":true,"href":"https:\/\/jnksport.com\/en\/wp-json\/wp\/v2\/product_cat?post=46754"},{"taxonomy":"product_tag","embeddable":true,"href":"https:\/\/jnksport.com\/en\/wp-json\/wp\/v2\/product_tag?post=46754"}],"curies":[{"name":"wp","href":"https:\/\/api.w.org\/{rel}","templated":true}]}}