{"id":46755,"date":"2025-05-29T08:20:27","date_gmt":"2025-05-29T08:20:27","guid":{"rendered":"https:\/\/jnksport.com\/?post_type=product&#038;p=46755"},"modified":"2026-05-01T00:00:34","modified_gmt":"2026-05-01T00:00:34","slug":"zapatilla-skechers-jgoldcrown-185129-bkmt-mujer","status":"publish","type":"product","link":"https:\/\/jnksport.com\/en\/product\/zapatilla-skechers-jgoldcrown-185129-bkmt-mujer\/","title":{"rendered":"Zapatilla Skechers Jgoldcrown 185129-BKMT Mujer"},"content":{"rendered":"<div>\n<div>El muralista de renombre internacional James Goldcrown trae sus ic\u00f3nicos dise\u00f1os de corazones #Lovewall a Skechers en esta inspiradora colaboraci\u00f3n. Siluetas cl\u00e1sicas y acabados brillantes se combinan con Skechers x JGoldcrown Eden LX &#8211; Gleaming Hearts. Este modelo de corte bajo con cordones presenta una parte superior de duraleather suave con estampado de corazones met\u00e1licos y detalles bordados, una entresuela de plataforma y una plantilla acolchada y c\u00f3moda Skechers Air-Cooled Memory Foam\u00ae.<\/p>\n<p>Caracter\u00edsticas:<br \/>\n&#8211; De la colaboraci\u00f3n Skechers x JGoldcrown que presenta el ic\u00f3nico dise\u00f1o #Lovewall del muralista<br \/>\n&#8211; Plantilla c\u00f3moda y acolchada Skechers Air-Cooled Memory Foam\u00ae<br \/>\n&#8211; Parte superior de duraleather suave con estampado met\u00e1lico de coraz\u00f3n caracter\u00edstico y detalle de bordado met\u00e1lico<br \/>\n&#8211; Cordones de moda estilo cancha<br \/>\n&#8211; Suela de tracci\u00f3n flexible<br \/>\n&#8211; Altura del tac\u00f3n de plataforma de 1 1\/4 pulgadas<br \/>\n&#8211; Detalles del logotipo de Skechers\u00ae x JGoldcrown<\/p><\/div>\n<\/div>\n<ul>\n<li>Marca: Skechers<\/li>\n<li>Codigo: 185129-BKMT<\/li>\n<li>Modelo: Jgoldcrown<\/li>\n<li>G\u00e9nero: Mujer<\/li>\n<li>Estilo: Urbano<\/li>\n<li>Cierre: Cordones<\/li>\n<li>Material: Cuero<\/li>\n<li>Color: Negro<\/li>\n<li>Material de la Suela: Goma<\/li>\n<\/ul>","protected":false},"excerpt":{"rendered":"<p>El muralista de renombre internacional James Goldcrown trae sus ic\u00f3nicos dise\u00f1os de corazones #Lovewall a Skechers en esta inspiradora colaboraci\u00f3n. Siluetas cl\u00e1sicas y acabados brillantes&#8230;<\/p>","protected":false},"featured_media":59759,"comment_status":"open","ping_status":"closed","template":"","meta":{"om_disable_all_campaigns":false,"_monsterinsights_skip_tracking":false,"_monsterinsights_sitenote_active":false,"_monsterinsights_sitenote_note":"","_monsterinsights_sitenote_category":0,"_uf_show_specific_survey":0,"_uf_disable_surveys":false,"_joinchat":[]},"etheme_brands":[],"product_brand":[],"product_cat":[18],"product_tag":[],"class_list":{"0":"post-46755","1":"product","2":"type-product","3":"status-publish","4":"has-post-thumbnail","6":"product_cat-mujer","7":"product_shipping_class-envio-a-lima-y-provincia","9":"first","10":"instock","11":"sale","12":"featured","13":"shipping-taxable","14":"purchasable","15":"product-type-variable"},"aioseo_notices":[],"_links":{"self":[{"href":"https:\/\/jnksport.com\/en\/wp-json\/wp\/v2\/product\/46755","targetHints":{"allow":["GET"]}}],"collection":[{"href":"https:\/\/jnksport.com\/en\/wp-json\/wp\/v2\/product"}],"about":[{"href":"https:\/\/jnksport.com\/en\/wp-json\/wp\/v2\/types\/product"}],"replies":[{"embeddable":true,"href":"https:\/\/jnksport.com\/en\/wp-json\/wp\/v2\/comments?post=46755"}],"version-history":[{"count":1,"href":"https:\/\/jnksport.com\/en\/wp-json\/wp\/v2\/product\/46755\/revisions"}],"predecessor-version":[{"id":59760,"href":"https:\/\/jnksport.com\/en\/wp-json\/wp\/v2\/product\/46755\/revisions\/59760"}],"wp:featuredmedia":[{"embeddable":true,"href":"https:\/\/jnksport.com\/en\/wp-json\/wp\/v2\/media\/59759"}],"wp:attachment":[{"href":"https:\/\/jnksport.com\/en\/wp-json\/wp\/v2\/media?parent=46755"}],"wp:term":[{"taxonomy":"brand","embeddable":true,"href":"https:\/\/jnksport.com\/en\/wp-json\/wp\/v2\/etheme_brands?post=46755"},{"taxonomy":"product_brand","embeddable":true,"href":"https:\/\/jnksport.com\/en\/wp-json\/wp\/v2\/product_brand?post=46755"},{"taxonomy":"product_cat","embeddable":true,"href":"https:\/\/jnksport.com\/en\/wp-json\/wp\/v2\/product_cat?post=46755"},{"taxonomy":"product_tag","embeddable":true,"href":"https:\/\/jnksport.com\/en\/wp-json\/wp\/v2\/product_tag?post=46755"}],"curies":[{"name":"wp","href":"https:\/\/api.w.org\/{rel}","templated":true}]}}