{"id":46788,"date":"2025-05-29T08:20:32","date_gmt":"2025-05-29T08:20:32","guid":{"rendered":"https:\/\/jnksport.com\/?post_type=product&#038;p=46788"},"modified":"2026-05-01T21:13:09","modified_gmt":"2026-05-01T21:13:09","slug":"zapatilla-skechers-play-scene-303158n-pkmt-ninas","status":"publish","type":"product","link":"https:\/\/jnksport.com\/en\/product\/zapatilla-skechers-play-scene-303158n-pkmt-ninas\/","title":{"rendered":"Zapatilla Skechers Play Scene 303158N-PKMT Ni\u00f1as"},"content":{"rendered":"<div>\n<div>Tiene una c\u00f3moda plantilla acolchada.<br \/>\nCuenta con una entresuela bien acolchada con gr\u00e1ficos tem\u00e1ticos divertidos.<br \/>\nTiene una suela flexible que proporciona agarre al suelo.<br \/>\nEl cierre adaptable f\u00e1cil de poner y quitar de Skechers proporciona un ajuste personalizado.<br \/>\nTiene cordones el\u00e1sticos con tiras de velcro ajustables.<br \/>\nTiene una parte superior de malla y tejido brillante.<br \/>\nLavable en la lavadora.<br \/>\nLas zapatillas para ni\u00f1as Skechers Play Scene &#8211; Fun Squad aportan felicidad y alegr\u00eda a cada paso de tu hija. Ver\u00e1s que estar\u00e1 radiante de sonrisas todo el d\u00eda cuando se ponga estas zapatillas especialmente dise\u00f1adas para los pies de los m\u00e1s peque\u00f1os. Gracias a la plantilla acolchada y c\u00f3moda, los ni\u00f1os pueden jugar c\u00f3modamente durante horas. Su entresuela bien acolchada proporciona soporte adicional en cada paso y aumenta la comodidad mientras est\u00e1s en movimiento. La suela flexible, que proporciona agarre, permite que su hijo corra y juegue de forma segura con su caracter\u00edstica antideslizante. La parte superior de malla y tejido brillante del calzado deportivo para ni\u00f1as Skechers Play Scene &#8211; Fun Squad ofrece un aspecto est\u00e9tico y permite a los ni\u00f1os seguir la moda.<\/div>\n<\/div>\n<ul>\n<li>Marca: Skechers<\/li>\n<li>Codigo: 303158N-PKMT<\/li>\n<li>Modelo: Play Scene<\/li>\n<li>G\u00e9nero: Ni\u00f1as<\/li>\n<li>Estilo: Urbano<\/li>\n<li>Cierre: Cordones<\/li>\n<li>Material: Textil<\/li>\n<li>Color: Rosado<\/li>\n<li>Material de la Suela: Goma<\/li>\n<\/ul>","protected":false},"excerpt":{"rendered":"<p>Tiene una c\u00f3moda plantilla acolchada. Cuenta con una entresuela bien acolchada con gr\u00e1ficos tem\u00e1ticos divertidos. Tiene una suela flexible que proporciona agarre al suelo. El&#8230;<\/p>","protected":false},"featured_media":59844,"comment_status":"open","ping_status":"closed","template":"","meta":{"om_disable_all_campaigns":false,"_monsterinsights_skip_tracking":false,"_monsterinsights_sitenote_active":false,"_monsterinsights_sitenote_note":"","_monsterinsights_sitenote_category":0,"_uf_show_specific_survey":0,"_uf_disable_surveys":false,"_joinchat":[]},"etheme_brands":[],"product_brand":[],"product_cat":[159],"product_tag":[],"class_list":{"0":"post-46788","1":"product","2":"type-product","3":"status-publish","4":"has-post-thumbnail","6":"product_cat-ninos","7":"product_shipping_class-envio-a-lima-y-provincia","9":"first","10":"instock","11":"featured","12":"shipping-taxable","13":"purchasable","14":"product-type-variable"},"aioseo_notices":[],"_links":{"self":[{"href":"https:\/\/jnksport.com\/en\/wp-json\/wp\/v2\/product\/46788","targetHints":{"allow":["GET"]}}],"collection":[{"href":"https:\/\/jnksport.com\/en\/wp-json\/wp\/v2\/product"}],"about":[{"href":"https:\/\/jnksport.com\/en\/wp-json\/wp\/v2\/types\/product"}],"replies":[{"embeddable":true,"href":"https:\/\/jnksport.com\/en\/wp-json\/wp\/v2\/comments?post=46788"}],"version-history":[{"count":1,"href":"https:\/\/jnksport.com\/en\/wp-json\/wp\/v2\/product\/46788\/revisions"}],"predecessor-version":[{"id":59845,"href":"https:\/\/jnksport.com\/en\/wp-json\/wp\/v2\/product\/46788\/revisions\/59845"}],"wp:featuredmedia":[{"embeddable":true,"href":"https:\/\/jnksport.com\/en\/wp-json\/wp\/v2\/media\/59844"}],"wp:attachment":[{"href":"https:\/\/jnksport.com\/en\/wp-json\/wp\/v2\/media?parent=46788"}],"wp:term":[{"taxonomy":"brand","embeddable":true,"href":"https:\/\/jnksport.com\/en\/wp-json\/wp\/v2\/etheme_brands?post=46788"},{"taxonomy":"product_brand","embeddable":true,"href":"https:\/\/jnksport.com\/en\/wp-json\/wp\/v2\/product_brand?post=46788"},{"taxonomy":"product_cat","embeddable":true,"href":"https:\/\/jnksport.com\/en\/wp-json\/wp\/v2\/product_cat?post=46788"},{"taxonomy":"product_tag","embeddable":true,"href":"https:\/\/jnksport.com\/en\/wp-json\/wp\/v2\/product_tag?post=46788"}],"curies":[{"name":"wp","href":"https:\/\/api.w.org\/{rel}","templated":true}]}}