{"id":46791,"date":"2025-05-29T08:20:32","date_gmt":"2025-05-29T08:20:32","guid":{"rendered":"https:\/\/jnksport.com\/?post_type=product&#038;p=46791"},"modified":"2026-05-01T21:12:20","modified_gmt":"2026-05-01T21:12:20","slug":"zapatilla-skechers-gorun-400-v2-303580l-lav-ninas","status":"publish","type":"product","link":"https:\/\/jnksport.com\/en\/product\/zapatilla-skechers-gorun-400-v2-303580l-lav-ninas\/","title":{"rendered":"Zapatilla Skechers GOrun 400 V2 303580L-LAV Ni\u00f1as"},"content":{"rendered":"<div>\n<div>Disfruta de la comodidad y versatilidad ligeras con las GOrun 400 V2 &#8211; Fuel 200. Dise\u00f1adas con una parte superior sint\u00e9tica suave y un ajuste transpirable, estas zapatillas presentan un dise\u00f1o de banda y correa mejorado con innovadores detalles impresos en 3D que les dan un toque moderno. Con su dise\u00f1o f\u00e1cil de poner, estas zapatillas ofrecen comodidad y estilo.<\/p>\n<p>Caracter\u00edsticas:<br \/>\n&#8211; Dise\u00f1o de banda y correa combinado con innovadores detalles de impresi\u00f3n 3D<br \/>\n&#8211; Parte superior sint\u00e9tica suave para un ajuste transpirable<br \/>\n&#8211; Entresuela sensible para mayor comodidad<br \/>\n&#8211; Suela de goma flexible para una mejor tracci\u00f3n<br \/>\n&#8211; Dise\u00f1o f\u00e1cil de poner para mayor comodidad<br \/>\n&#8211; Detalles del logotipo de Skechers\u00ae y Arch Fit\u00ae<\/p><\/div>\n<\/div>\n<ul>\n<li>Marca: Skechers<\/li>\n<li>Codigo: 303580L-LAV<\/li>\n<li>Modelo: GOrun 400 V2<\/li>\n<li>G\u00e9nero: Ni\u00f1as<\/li>\n<li>Estilo: Urbano<\/li>\n<li>Cierre: Cordones<\/li>\n<li>Material: Textil<\/li>\n<li>Color: Gris<\/li>\n<li>Material de la Suela: Goma<\/li>\n<\/ul>","protected":false},"excerpt":{"rendered":"<p>Disfruta de la comodidad y versatilidad ligeras con las GOrun 400 V2 &#8211; Fuel 200. Dise\u00f1adas con una parte superior sint\u00e9tica suave y un ajuste&#8230;<\/p>","protected":false},"featured_media":59842,"comment_status":"open","ping_status":"closed","template":"","meta":{"om_disable_all_campaigns":false,"_monsterinsights_skip_tracking":false,"_monsterinsights_sitenote_active":false,"_monsterinsights_sitenote_note":"","_monsterinsights_sitenote_category":0,"_uf_show_specific_survey":0,"_uf_disable_surveys":false,"_joinchat":[]},"etheme_brands":[],"product_brand":[],"product_cat":[159],"product_tag":[],"class_list":{"0":"post-46791","1":"product","2":"type-product","3":"status-publish","4":"has-post-thumbnail","6":"product_cat-ninos","7":"product_shipping_class-envio-a-lima-y-provincia","9":"first","10":"instock","11":"featured","12":"shipping-taxable","13":"purchasable","14":"product-type-variable"},"aioseo_notices":[],"_links":{"self":[{"href":"https:\/\/jnksport.com\/en\/wp-json\/wp\/v2\/product\/46791","targetHints":{"allow":["GET"]}}],"collection":[{"href":"https:\/\/jnksport.com\/en\/wp-json\/wp\/v2\/product"}],"about":[{"href":"https:\/\/jnksport.com\/en\/wp-json\/wp\/v2\/types\/product"}],"replies":[{"embeddable":true,"href":"https:\/\/jnksport.com\/en\/wp-json\/wp\/v2\/comments?post=46791"}],"version-history":[{"count":1,"href":"https:\/\/jnksport.com\/en\/wp-json\/wp\/v2\/product\/46791\/revisions"}],"predecessor-version":[{"id":59843,"href":"https:\/\/jnksport.com\/en\/wp-json\/wp\/v2\/product\/46791\/revisions\/59843"}],"wp:featuredmedia":[{"embeddable":true,"href":"https:\/\/jnksport.com\/en\/wp-json\/wp\/v2\/media\/59842"}],"wp:attachment":[{"href":"https:\/\/jnksport.com\/en\/wp-json\/wp\/v2\/media?parent=46791"}],"wp:term":[{"taxonomy":"brand","embeddable":true,"href":"https:\/\/jnksport.com\/en\/wp-json\/wp\/v2\/etheme_brands?post=46791"},{"taxonomy":"product_brand","embeddable":true,"href":"https:\/\/jnksport.com\/en\/wp-json\/wp\/v2\/product_brand?post=46791"},{"taxonomy":"product_cat","embeddable":true,"href":"https:\/\/jnksport.com\/en\/wp-json\/wp\/v2\/product_cat?post=46791"},{"taxonomy":"product_tag","embeddable":true,"href":"https:\/\/jnksport.com\/en\/wp-json\/wp\/v2\/product_tag?post=46791"}],"curies":[{"name":"wp","href":"https:\/\/api.w.org\/{rel}","templated":true}]}}