{"id":46823,"date":"2025-05-29T08:20:37","date_gmt":"2025-05-29T08:20:37","guid":{"rendered":"https:\/\/jnksport.com\/?post_type=product&#038;p=46823"},"modified":"2026-04-25T19:59:37","modified_gmt":"2026-04-25T19:59:37","slug":"zapatilla-puma-bmw-m-motorsport-308641-02-mujer","status":"publish","type":"product","link":"https:\/\/jnksport.com\/en\/product\/zapatilla-puma-bmw-m-motorsport-308641-02-mujer\/","title":{"rendered":"Zapatilla Puma BMW M Motorsport 308641-02 Mujer"},"content":{"rendered":"<div>\n<div>Revoluciona tu estilo con esta colaboraci\u00f3n de PUMA y BMW M Motorsport. Estos tenis cuentan con una cubierta sint\u00e9tica, detalle de perforaciones en la empeine y una entresuela alta. Perfectos para quienes aman lo retro-futur\u00edstico. \u00a1\u00c1tate los cordones y sal!<\/p>\n<p>CARACTER\u00cdSTICAS Y BENEFICIOS<br \/>\nCubierta fabricada con al menos un 20% de materiales reciclados<br \/>\nDETALLES<br \/>\nCalce regular<br \/>\nCubierta de material sint\u00e9tico<br \/>\nCon cordones<br \/>\nDetalle de perforaciones en empeine<br \/>\nCon la marca PUMA en la leng\u00fceta, lateral y tal\u00f3n<br \/>\nEntresuela alta<br \/>\nPUMA Juvenil: Producto recomendado para ni\u00f1os y adolescentes de 8 a 16 a\u00f1os<br \/>\nMaterial de informaci\u00f3n<br \/>\nSuela: 100% Goma<br \/>\nExterior: 97.33% Sint\u00e9tico, 2.67% Textil<br \/>\nForro: 100% Textil<\/p><\/div>\n<\/div>\n<ul>\n<li>Marca: Puma<\/li>\n<li>Codigo: 308641-02<\/li>\n<li>Modelo: BMW M Motorsport<\/li>\n<li>G\u00e9nero: Mujer<\/li>\n<li>Estilo: Urbano<\/li>\n<li>Cierre: Cordones<\/li>\n<li>Material: Cuero<\/li>\n<li>Color: Blanco<\/li>\n<li>Material de la Suela: Goma<\/li>\n<\/ul>","protected":false},"excerpt":{"rendered":"<p>Revoluciona tu estilo con esta colaboraci\u00f3n de PUMA y BMW M Motorsport. Estos tenis cuentan con una cubierta sint\u00e9tica, detalle de perforaciones en la empeine&#8230;<\/p>","protected":false},"featured_media":45582,"comment_status":"open","ping_status":"closed","template":"","meta":{"om_disable_all_campaigns":false,"_monsterinsights_skip_tracking":false,"_monsterinsights_sitenote_active":false,"_monsterinsights_sitenote_note":"","_monsterinsights_sitenote_category":0,"_uf_show_specific_survey":0,"_uf_disable_surveys":false,"_joinchat":[]},"etheme_brands":[],"product_brand":[],"product_cat":[18],"product_tag":[],"class_list":{"0":"post-46823","1":"product","2":"type-product","3":"status-publish","4":"has-post-thumbnail","6":"product_cat-mujer","7":"product_shipping_class-envio-a-lima-y-provincia","9":"first","10":"instock","11":"sale","12":"featured","13":"shipping-taxable","14":"purchasable","15":"product-type-variable"},"aioseo_notices":[],"_links":{"self":[{"href":"https:\/\/jnksport.com\/en\/wp-json\/wp\/v2\/product\/46823","targetHints":{"allow":["GET"]}}],"collection":[{"href":"https:\/\/jnksport.com\/en\/wp-json\/wp\/v2\/product"}],"about":[{"href":"https:\/\/jnksport.com\/en\/wp-json\/wp\/v2\/types\/product"}],"replies":[{"embeddable":true,"href":"https:\/\/jnksport.com\/en\/wp-json\/wp\/v2\/comments?post=46823"}],"version-history":[{"count":0,"href":"https:\/\/jnksport.com\/en\/wp-json\/wp\/v2\/product\/46823\/revisions"}],"wp:featuredmedia":[{"embeddable":true,"href":"https:\/\/jnksport.com\/en\/wp-json\/wp\/v2\/media\/45582"}],"wp:attachment":[{"href":"https:\/\/jnksport.com\/en\/wp-json\/wp\/v2\/media?parent=46823"}],"wp:term":[{"taxonomy":"brand","embeddable":true,"href":"https:\/\/jnksport.com\/en\/wp-json\/wp\/v2\/etheme_brands?post=46823"},{"taxonomy":"product_brand","embeddable":true,"href":"https:\/\/jnksport.com\/en\/wp-json\/wp\/v2\/product_brand?post=46823"},{"taxonomy":"product_cat","embeddable":true,"href":"https:\/\/jnksport.com\/en\/wp-json\/wp\/v2\/product_cat?post=46823"},{"taxonomy":"product_tag","embeddable":true,"href":"https:\/\/jnksport.com\/en\/wp-json\/wp\/v2\/product_tag?post=46823"}],"curies":[{"name":"wp","href":"https:\/\/api.w.org\/{rel}","templated":true}]}}