{"id":46824,"date":"2025-05-29T08:20:37","date_gmt":"2025-05-29T08:20:37","guid":{"rendered":"https:\/\/jnksport.com\/?post_type=product&#038;p=46824"},"modified":"2026-05-01T00:30:46","modified_gmt":"2026-05-01T00:30:46","slug":"zapatilla-skechers-skx-228-310230l-wmlt-ninas","status":"publish","type":"product","link":"https:\/\/jnksport.com\/en\/product\/zapatilla-skechers-skx-228-310230l-wmlt-ninas\/","title":{"rendered":"Zapatilla Skechers SKX-228 310230L-WMLT Ni\u00f1as"},"content":{"rendered":"<div>\n<div>Cuenta con plantilla acolchada de confort.<br \/>\nTiene una suela de tracci\u00f3n duradera.<br \/>\nTiene una parte superior con cordones en la parte delantera, cubierta de malla, cuero y gamuza.<br \/>\n\u00a1Los zapatos para ni\u00f1as Skechers SKX-228 ofrecen tanto la comodidad como la elegancia que los ni\u00f1os necesitan cuando salen al patio de juegos! Favorece la salud de los pies proporcionando un uso c\u00f3modo durante todo el d\u00eda con su plantilla acolchada y confortable. Gracias a su suela de tracci\u00f3n duradera, pueden moverse con seguridad en todo tipo de superficies. El revestimiento de malla con cordones, cuero y gamuza con un dise\u00f1o elegante y funcional ofrece una apariencia est\u00e9tica y aumenta la durabilidad. La comodidad que proporciona el tejido con cordones permite que los ni\u00f1os se sientan libres mientras juegan. Los zapatos para ni\u00f1as Skechers SKX-228 se destacan como una opci\u00f3n perfecta para los ni\u00f1os por su comodidad deportiva y su atractivo dise\u00f1o.<\/div>\n<\/div>\n<ul>\n<li>Marca: Skechers<\/li>\n<li>Codigo: 310230L-WMLT<\/li>\n<li>Modelo: SKX-228<\/li>\n<li>G\u00e9nero: Ni\u00f1as<\/li>\n<li>Estilo: Urbano<\/li>\n<li>Cierre: Cordones<\/li>\n<li>Material: Cuero<\/li>\n<li>Color: Multicolor<\/li>\n<li>Material de la Suela: Goma<\/li>\n<\/ul>","protected":false},"excerpt":{"rendered":"<p>Cuenta con plantilla acolchada de confort. Tiene una suela de tracci\u00f3n duradera. Tiene una parte superior con cordones en la parte delantera, cubierta de malla,&#8230;<\/p>","protected":false},"featured_media":59769,"comment_status":"open","ping_status":"closed","template":"","meta":{"om_disable_all_campaigns":false,"_monsterinsights_skip_tracking":false,"_monsterinsights_sitenote_active":false,"_monsterinsights_sitenote_note":"","_monsterinsights_sitenote_category":0,"_uf_show_specific_survey":0,"_uf_disable_surveys":false,"_joinchat":[]},"etheme_brands":[],"product_brand":[],"product_cat":[159],"product_tag":[],"class_list":{"0":"post-46824","1":"product","2":"type-product","3":"status-publish","4":"has-post-thumbnail","6":"product_cat-ninos","7":"product_shipping_class-envio-a-lima-y-provincia","9":"first","10":"instock","11":"sale","12":"featured","13":"shipping-taxable","14":"purchasable","15":"product-type-variable"},"aioseo_notices":[],"_links":{"self":[{"href":"https:\/\/jnksport.com\/en\/wp-json\/wp\/v2\/product\/46824","targetHints":{"allow":["GET"]}}],"collection":[{"href":"https:\/\/jnksport.com\/en\/wp-json\/wp\/v2\/product"}],"about":[{"href":"https:\/\/jnksport.com\/en\/wp-json\/wp\/v2\/types\/product"}],"replies":[{"embeddable":true,"href":"https:\/\/jnksport.com\/en\/wp-json\/wp\/v2\/comments?post=46824"}],"version-history":[{"count":1,"href":"https:\/\/jnksport.com\/en\/wp-json\/wp\/v2\/product\/46824\/revisions"}],"predecessor-version":[{"id":59770,"href":"https:\/\/jnksport.com\/en\/wp-json\/wp\/v2\/product\/46824\/revisions\/59770"}],"wp:featuredmedia":[{"embeddable":true,"href":"https:\/\/jnksport.com\/en\/wp-json\/wp\/v2\/media\/59769"}],"wp:attachment":[{"href":"https:\/\/jnksport.com\/en\/wp-json\/wp\/v2\/media?parent=46824"}],"wp:term":[{"taxonomy":"brand","embeddable":true,"href":"https:\/\/jnksport.com\/en\/wp-json\/wp\/v2\/etheme_brands?post=46824"},{"taxonomy":"product_brand","embeddable":true,"href":"https:\/\/jnksport.com\/en\/wp-json\/wp\/v2\/product_brand?post=46824"},{"taxonomy":"product_cat","embeddable":true,"href":"https:\/\/jnksport.com\/en\/wp-json\/wp\/v2\/product_cat?post=46824"},{"taxonomy":"product_tag","embeddable":true,"href":"https:\/\/jnksport.com\/en\/wp-json\/wp\/v2\/product_tag?post=46824"}],"curies":[{"name":"wp","href":"https:\/\/api.w.org\/{rel}","templated":true}]}}