{"id":46825,"date":"2025-05-29T08:20:37","date_gmt":"2025-05-29T08:20:37","guid":{"rendered":"https:\/\/jnksport.com\/?post_type=product&#038;p=46825"},"modified":"2026-04-29T22:32:06","modified_gmt":"2026-04-29T22:32:06","slug":"zapatilla-puma-cali-369155-01-mujer","status":"publish","type":"product","link":"https:\/\/jnksport.com\/en\/product\/zapatilla-puma-cali-369155-01-mujer\/","title":{"rendered":"Zapatilla Puma Cali 369155-01 Mujer"},"content":{"rendered":"<div>\n<div>Puma Cali<br \/>\nLas zapatillas urbanas Puma Cali, para mujer, son una mezcla perfecta de estilo cl\u00e1sico e innovaci\u00f3n. Altas y con detalles modernos, presentan un empeine de cuero con superposici\u00f3n de ante y detalles de puntadas enzigzag.<\/p>\n<p>Beneficios del producto<br \/>\nEmpeine de cuero.<br \/>\nCa\u00f1a baja.<br \/>\nEntresuela de goma.<br \/>\nSuela de goma.<\/p><\/div>\n<\/div>\n<ul>\n<li>Marca: Puma<\/li>\n<li>Codigo: 369155-01<\/li>\n<li>Modelo: Cali<\/li>\n<li>G\u00e9nero: Mujer<\/li>\n<li>Estilo: Urbano<\/li>\n<li>Cierre: Cordones<\/li>\n<li>Material: Cuero<\/li>\n<li>Color: Blanco<\/li>\n<li>Material de la Suela: Goma<\/li>\n<\/ul>","protected":false},"excerpt":{"rendered":"<p>Puma Cali Las zapatillas urbanas Puma Cali, para mujer, son una mezcla perfecta de estilo cl\u00e1sico e innovaci\u00f3n. Altas y con detalles modernos, presentan un&#8230;<\/p>","protected":false},"featured_media":45593,"comment_status":"open","ping_status":"closed","template":"","meta":{"om_disable_all_campaigns":false,"_monsterinsights_skip_tracking":false,"_monsterinsights_sitenote_active":false,"_monsterinsights_sitenote_note":"","_monsterinsights_sitenote_category":0,"_uf_show_specific_survey":0,"_uf_disable_surveys":false,"_joinchat":[]},"etheme_brands":[],"product_brand":[],"product_cat":[18],"product_tag":[],"class_list":{"0":"post-46825","1":"product","2":"type-product","3":"status-publish","4":"has-post-thumbnail","6":"product_cat-mujer","7":"product_shipping_class-envio-a-lima-y-provincia","9":"first","10":"instock","11":"sale","12":"featured","13":"shipping-taxable","14":"purchasable","15":"product-type-variable"},"aioseo_notices":[],"_links":{"self":[{"href":"https:\/\/jnksport.com\/en\/wp-json\/wp\/v2\/product\/46825","targetHints":{"allow":["GET"]}}],"collection":[{"href":"https:\/\/jnksport.com\/en\/wp-json\/wp\/v2\/product"}],"about":[{"href":"https:\/\/jnksport.com\/en\/wp-json\/wp\/v2\/types\/product"}],"replies":[{"embeddable":true,"href":"https:\/\/jnksport.com\/en\/wp-json\/wp\/v2\/comments?post=46825"}],"version-history":[{"count":0,"href":"https:\/\/jnksport.com\/en\/wp-json\/wp\/v2\/product\/46825\/revisions"}],"wp:featuredmedia":[{"embeddable":true,"href":"https:\/\/jnksport.com\/en\/wp-json\/wp\/v2\/media\/45593"}],"wp:attachment":[{"href":"https:\/\/jnksport.com\/en\/wp-json\/wp\/v2\/media?parent=46825"}],"wp:term":[{"taxonomy":"brand","embeddable":true,"href":"https:\/\/jnksport.com\/en\/wp-json\/wp\/v2\/etheme_brands?post=46825"},{"taxonomy":"product_brand","embeddable":true,"href":"https:\/\/jnksport.com\/en\/wp-json\/wp\/v2\/product_brand?post=46825"},{"taxonomy":"product_cat","embeddable":true,"href":"https:\/\/jnksport.com\/en\/wp-json\/wp\/v2\/product_cat?post=46825"},{"taxonomy":"product_tag","embeddable":true,"href":"https:\/\/jnksport.com\/en\/wp-json\/wp\/v2\/product_tag?post=46825"}],"curies":[{"name":"wp","href":"https:\/\/api.w.org\/{rel}","templated":true}]}}