{"id":46890,"date":"2025-05-29T08:20:47","date_gmt":"2025-05-29T08:20:47","guid":{"rendered":"https:\/\/jnksport.com\/?post_type=product&#038;p=46890"},"modified":"2026-04-11T17:02:56","modified_gmt":"2026-04-11T17:02:56","slug":"zapatilla-puma-jada-classic-400217-03-mujer","status":"publish","type":"product","link":"https:\/\/jnksport.com\/en\/product\/zapatilla-puma-jada-classic-400217-03-mujer\/","title":{"rendered":"Zapatilla Puma Jada classic 400217-03 Mujer"},"content":{"rendered":"<div>\n<div>Las zapatillas Jada Renew, inspiradas en el tenis, se dise\u00f1aron pensando en el estilo y la comodidad. Presentan una elegante parte superior sint\u00e9tica, una suela de copa elevada y una pieza de TPU en el tal\u00f3n. Disfruta de comodidad durante todo el d\u00eda con la amortiguaci\u00f3n SOFTFOAM+, que hace que cada paso sea una declaraci\u00f3n de estilo.<\/p>\n<p>CARACTER\u00cdSTICAS Y BENEFICIOS<br \/>\nLa parte superior de los zapatos est\u00e1 hecha con al menos un 30% de materiales reciclados.<br \/>\nSOFTFOAM+: Plantilla c\u00f3moda de pisar dise\u00f1ada para proporcionar una amortiguaci\u00f3n suave gracias a su tal\u00f3n extra grueso<br \/>\nDETALLES<br \/>\nAncho regular<br \/>\nMaterial sint\u00e9tico<br \/>\nCierre de encaje<br \/>\nSuela de goma<br \/>\nFranja caracter\u00edstica de PUMA en los laterales<br \/>\nLogotipo de PUMA n.\u00ba 1 en la leng\u00fceta<br \/>\n57,62% Cuero &#8211; vacuno, 39,32% Sint\u00e9tico, 3,06% Textil<\/p><\/div>\n<\/div>\n<ul>\n<li>Marca: Puma<\/li>\n<li>Codigo: 400217-03<\/li>\n<li>Modelo: Jada classic<\/li>\n<li>G\u00e9nero: Mujer<\/li>\n<li>Estilo: Urbano<\/li>\n<li>Cierre: Cordones<\/li>\n<li>Material: Cuero<\/li>\n<li>Color: Blanco<\/li>\n<li>Material de la Suela: Goma<\/li>\n<\/ul>","protected":false},"excerpt":{"rendered":"<p>Las zapatillas Jada Renew, inspiradas en el tenis, se dise\u00f1aron pensando en el estilo y la comodidad. Presentan una elegante parte superior sint\u00e9tica, una suela&#8230;<\/p>","protected":false},"featured_media":45623,"comment_status":"open","ping_status":"closed","template":"","meta":{"om_disable_all_campaigns":false,"_monsterinsights_skip_tracking":false,"_monsterinsights_sitenote_active":false,"_monsterinsights_sitenote_note":"","_monsterinsights_sitenote_category":0,"_uf_show_specific_survey":0,"_uf_disable_surveys":false,"_joinchat":[]},"etheme_brands":[],"product_brand":[],"product_cat":[18],"product_tag":[],"class_list":{"0":"post-46890","1":"product","2":"type-product","3":"status-publish","4":"has-post-thumbnail","6":"product_cat-mujer","7":"product_shipping_class-envio-a-lima-y-provincia","9":"first","10":"instock","11":"sale","12":"featured","13":"shipping-taxable","14":"purchasable","15":"product-type-variable"},"aioseo_notices":[],"_links":{"self":[{"href":"https:\/\/jnksport.com\/en\/wp-json\/wp\/v2\/product\/46890","targetHints":{"allow":["GET"]}}],"collection":[{"href":"https:\/\/jnksport.com\/en\/wp-json\/wp\/v2\/product"}],"about":[{"href":"https:\/\/jnksport.com\/en\/wp-json\/wp\/v2\/types\/product"}],"replies":[{"embeddable":true,"href":"https:\/\/jnksport.com\/en\/wp-json\/wp\/v2\/comments?post=46890"}],"version-history":[{"count":0,"href":"https:\/\/jnksport.com\/en\/wp-json\/wp\/v2\/product\/46890\/revisions"}],"wp:featuredmedia":[{"embeddable":true,"href":"https:\/\/jnksport.com\/en\/wp-json\/wp\/v2\/media\/45623"}],"wp:attachment":[{"href":"https:\/\/jnksport.com\/en\/wp-json\/wp\/v2\/media?parent=46890"}],"wp:term":[{"taxonomy":"brand","embeddable":true,"href":"https:\/\/jnksport.com\/en\/wp-json\/wp\/v2\/etheme_brands?post=46890"},{"taxonomy":"product_brand","embeddable":true,"href":"https:\/\/jnksport.com\/en\/wp-json\/wp\/v2\/product_brand?post=46890"},{"taxonomy":"product_cat","embeddable":true,"href":"https:\/\/jnksport.com\/en\/wp-json\/wp\/v2\/product_cat?post=46890"},{"taxonomy":"product_tag","embeddable":true,"href":"https:\/\/jnksport.com\/en\/wp-json\/wp\/v2\/product_tag?post=46890"}],"curies":[{"name":"wp","href":"https:\/\/api.w.org\/{rel}","templated":true}]}}