{"id":46892,"date":"2025-05-29T08:20:48","date_gmt":"2025-05-29T08:20:48","guid":{"rendered":"https:\/\/jnksport.com\/?post_type=product&#038;p=46892"},"modified":"2026-05-01T00:39:20","modified_gmt":"2026-05-01T00:39:20","slug":"zapatilla-skechers-vortex-2-0-400604l-bksl-ninos","status":"publish","type":"product","link":"https:\/\/jnksport.com\/en\/product\/zapatilla-skechers-vortex-2-0-400604l-bksl-ninos\/","title":{"rendered":"Zapatilla Skechers Vortex 2.0 400604L-BKSL Ni\u00f1os"},"content":{"rendered":"<div>\n<div>Tiene una c\u00f3moda plantilla acolchada.<br \/>\nTiene una suela flexible que proporciona agarre al suelo.<br \/>\nEl cierre adaptable f\u00e1cil de poner y quitar de Skechers proporciona un ajuste personalizado.<br \/>\nTiene cordones flexibles, cuello de tobillo ajustable y una parte superior de malla y material sint\u00e9tico.<br \/>\nHay un interruptor de encendido y apagado para las luces.<br \/>\nLas zapatillas luminosas Skechers Vortex 2.0 &#8211; Quantroid para ni\u00f1os est\u00e1n dise\u00f1adas para adaptarse al estilo de vida activo de los ni\u00f1os. Sus divertidas luces proporcionan energ\u00eda en cada paso y mantienen tu energ\u00eda alta mientras juegas, sales con amigos o practicas deportes. Ofrece comodidad incluso en uso prolongado gracias a su c\u00f3moda plantilla acolchada. La amortiguaci\u00f3n proporcionada en el interior del zapato ayuda a los ni\u00f1os a estar activos durante todo el d\u00eda sin cansar sus pies. Durante actividades activas como saltar y correr, los pies de los ni\u00f1os reciben el apoyo adecuado. Adem\u00e1s, la suela flexible que proporciona agarre garantiza una pisada segura incluso en terrenos dif\u00edciles. Esta caracter\u00edstica permite que los ni\u00f1os corran y jueguen c\u00f3modamente sin riesgo de resbalarse. Las zapatillas con luces para ni\u00f1o Skechers Vortex 2.0 &#8211; Quantroid destacan como una opci\u00f3n ideal.<\/div>\n<\/div>\n<ul>\n<li>Marca: Skechers<\/li>\n<li>Codigo: 400604L-BKSL<\/li>\n<li>Modelo: Vortex 2.0<\/li>\n<li>G\u00e9nero: Ni\u00f1os<\/li>\n<li>Estilo: Urbano<\/li>\n<li>Cierre: Cordones<\/li>\n<li>Material: Textil<\/li>\n<li>Color: Negro<\/li>\n<li>Material de la Suela: Goma<\/li>\n<\/ul>","protected":false},"excerpt":{"rendered":"<p>Tiene una c\u00f3moda plantilla acolchada. Tiene una suela flexible que proporciona agarre al suelo. El cierre adaptable f\u00e1cil de poner y quitar de Skechers proporciona&#8230;<\/p>","protected":false},"featured_media":59777,"comment_status":"open","ping_status":"closed","template":"","meta":{"om_disable_all_campaigns":false,"_monsterinsights_skip_tracking":false,"_monsterinsights_sitenote_active":false,"_monsterinsights_sitenote_note":"","_monsterinsights_sitenote_category":0,"_uf_show_specific_survey":0,"_uf_disable_surveys":false,"_joinchat":[]},"etheme_brands":[],"product_brand":[],"product_cat":[159],"product_tag":[],"class_list":{"0":"post-46892","1":"product","2":"type-product","3":"status-publish","4":"has-post-thumbnail","6":"product_cat-ninos","7":"product_shipping_class-envio-a-lima-y-provincia","9":"first","10":"instock","11":"sale","12":"featured","13":"shipping-taxable","14":"purchasable","15":"product-type-variable"},"aioseo_notices":[],"_links":{"self":[{"href":"https:\/\/jnksport.com\/en\/wp-json\/wp\/v2\/product\/46892","targetHints":{"allow":["GET"]}}],"collection":[{"href":"https:\/\/jnksport.com\/en\/wp-json\/wp\/v2\/product"}],"about":[{"href":"https:\/\/jnksport.com\/en\/wp-json\/wp\/v2\/types\/product"}],"replies":[{"embeddable":true,"href":"https:\/\/jnksport.com\/en\/wp-json\/wp\/v2\/comments?post=46892"}],"version-history":[{"count":1,"href":"https:\/\/jnksport.com\/en\/wp-json\/wp\/v2\/product\/46892\/revisions"}],"predecessor-version":[{"id":59778,"href":"https:\/\/jnksport.com\/en\/wp-json\/wp\/v2\/product\/46892\/revisions\/59778"}],"wp:featuredmedia":[{"embeddable":true,"href":"https:\/\/jnksport.com\/en\/wp-json\/wp\/v2\/media\/59777"}],"wp:attachment":[{"href":"https:\/\/jnksport.com\/en\/wp-json\/wp\/v2\/media?parent=46892"}],"wp:term":[{"taxonomy":"brand","embeddable":true,"href":"https:\/\/jnksport.com\/en\/wp-json\/wp\/v2\/etheme_brands?post=46892"},{"taxonomy":"product_brand","embeddable":true,"href":"https:\/\/jnksport.com\/en\/wp-json\/wp\/v2\/product_brand?post=46892"},{"taxonomy":"product_cat","embeddable":true,"href":"https:\/\/jnksport.com\/en\/wp-json\/wp\/v2\/product_cat?post=46892"},{"taxonomy":"product_tag","embeddable":true,"href":"https:\/\/jnksport.com\/en\/wp-json\/wp\/v2\/product_tag?post=46892"}],"curies":[{"name":"wp","href":"https:\/\/api.w.org\/{rel}","templated":true}]}}