{"id":46893,"date":"2025-05-29T08:20:48","date_gmt":"2025-05-29T08:20:48","guid":{"rendered":"https:\/\/jnksport.com\/?post_type=product&#038;p=46893"},"modified":"2025-12-12T07:57:48","modified_gmt":"2025-12-12T07:57:48","slug":"zapatilla-puma-caven-2-0-401406-01-ninos","status":"publish","type":"product","link":"https:\/\/jnksport.com\/en\/product\/zapatilla-puma-caven-2-0-401406-01-ninos\/","title":{"rendered":"Zapatilla Puma Caven 2.0 401406-01 Ni\u00f1os"},"content":{"rendered":"<div>\n<div>Prep\u00e1rate para el carril r\u00e1pido con PUMA x HOT WHEELS\u2122. Esta versi\u00f3n para infantes de nuestras zapatillas Caven, una silueta cl\u00e1sica de basketball de los a\u00f1os 80, cuenta con una c\u00f3moda capellada sint\u00e9tica con detalles de gamuza y llamativas estampas Hot Wheels\u2122. Adem\u00e1s, la plantilla SOFTFOAM+ mantiene cada paso amortiguado. Son perfectas para los m\u00e1s peque\u00f1os y peque\u00f1as que viven sus d\u00edas a toda velocidad.<\/p>\n<p>CARACTER\u00cdSTICAS + BENEFICIOS<br \/>\nSOFTFOAM+: Plantilla c\u00f3moda, dise\u00f1ada con un tal\u00f3n extra grueso para proporcionar una amortiguaci\u00f3n suave<br \/>\nEmpeine fabricado con al menos un 20% de materiales reciclados; base fabricada con al menos un 10% de materiales reciclados<br \/>\nDETALLES<br \/>\nCalce regular<br \/>\nEmpeine sint\u00e9tico<br \/>\nCordones el\u00e1sticos y cierre de abrojo, para poner y quitar r\u00e1pidamente<br \/>\nEntresuela de goma<br \/>\nSuela de goma<br \/>\nDetalles PUMA x HOT WHEELS\u2122<br \/>\nPUMA Beb\u00e9s: Producto recomendado para beb\u00e9s e infantes de 0 a 4 a\u00f1os<\/p><\/div>\n<\/div>\n<ul>\n<li>Marca: Puma<\/li>\n<li>Codigo: 401406-01<\/li>\n<li>Modelo: Caven 2.0<\/li>\n<li>G\u00e9nero: Ni\u00f1os<\/li>\n<li>Estilo: Urbano<\/li>\n<li>Cierre: Cordones<\/li>\n<li>Material: Cuero<\/li>\n<li>Color: Multicolor<\/li>\n<li>Material de la Suela: Goma<\/li>\n<\/ul>","protected":false},"excerpt":{"rendered":"<p>Prep\u00e1rate para el carril r\u00e1pido con PUMA x HOT WHEELS\u2122. Esta versi\u00f3n para infantes de nuestras zapatillas Caven, una silueta cl\u00e1sica de basketball de los&#8230;<\/p>","protected":false},"featured_media":45641,"comment_status":"open","ping_status":"closed","template":"","meta":{"om_disable_all_campaigns":false,"_monsterinsights_skip_tracking":false,"_monsterinsights_sitenote_active":false,"_monsterinsights_sitenote_note":"","_monsterinsights_sitenote_category":0,"_uf_show_specific_survey":0,"_uf_disable_surveys":false,"_joinchat":[]},"etheme_brands":[],"product_brand":[],"product_cat":[159],"product_tag":[],"class_list":{"0":"post-46893","1":"product","2":"type-product","3":"status-publish","4":"has-post-thumbnail","6":"product_cat-ninos","7":"product_shipping_class-envio-a-lima-y-provincia","9":"first","10":"instock","11":"sale","12":"featured","13":"shipping-taxable","14":"purchasable","15":"product-type-variable"},"aioseo_notices":[],"_links":{"self":[{"href":"https:\/\/jnksport.com\/en\/wp-json\/wp\/v2\/product\/46893","targetHints":{"allow":["GET"]}}],"collection":[{"href":"https:\/\/jnksport.com\/en\/wp-json\/wp\/v2\/product"}],"about":[{"href":"https:\/\/jnksport.com\/en\/wp-json\/wp\/v2\/types\/product"}],"replies":[{"embeddable":true,"href":"https:\/\/jnksport.com\/en\/wp-json\/wp\/v2\/comments?post=46893"}],"version-history":[{"count":0,"href":"https:\/\/jnksport.com\/en\/wp-json\/wp\/v2\/product\/46893\/revisions"}],"wp:featuredmedia":[{"embeddable":true,"href":"https:\/\/jnksport.com\/en\/wp-json\/wp\/v2\/media\/45641"}],"wp:attachment":[{"href":"https:\/\/jnksport.com\/en\/wp-json\/wp\/v2\/media?parent=46893"}],"wp:term":[{"taxonomy":"brand","embeddable":true,"href":"https:\/\/jnksport.com\/en\/wp-json\/wp\/v2\/etheme_brands?post=46893"},{"taxonomy":"product_brand","embeddable":true,"href":"https:\/\/jnksport.com\/en\/wp-json\/wp\/v2\/product_brand?post=46893"},{"taxonomy":"product_cat","embeddable":true,"href":"https:\/\/jnksport.com\/en\/wp-json\/wp\/v2\/product_cat?post=46893"},{"taxonomy":"product_tag","embeddable":true,"href":"https:\/\/jnksport.com\/en\/wp-json\/wp\/v2\/product_tag?post=46893"}],"curies":[{"name":"wp","href":"https:\/\/api.w.org\/{rel}","templated":true}]}}