{"id":46925,"date":"2025-05-29T08:20:53","date_gmt":"2025-05-29T08:20:53","guid":{"rendered":"https:\/\/jnksport.com\/?post_type=product&#038;p=46925"},"modified":"2026-05-01T00:37:56","modified_gmt":"2026-05-01T00:37:56","slug":"zapatilla-skechers-quick-street-405638l-nvw-ninos","status":"publish","type":"product","link":"https:\/\/jnksport.com\/en\/product\/zapatilla-skechers-quick-street-405638l-nvw-ninos\/","title":{"rendered":"Zapatilla Skechers Quick Street 405638L-NVW Ni\u00f1os"},"content":{"rendered":"<div>\n<div>Ponte en marcha con el c\u00f3modo modelo deportivo Skechers Street\u2122 Quick Street. Un modelo lavable a m\u00e1quina con la parte superior baja de suave material duraleather con cordones el\u00e1sticos, correa ajustable en el empeine y plantilla con amortiguaci\u00f3n.<\/p>\n<p>Caracter\u00edsticas principales<br \/>\nC\u00f3moda plantilla con amortiguaci\u00f3n<br \/>\nDetalles<br \/>\nParte superior de suave material duraleather con calado en el lateral<br \/>\nModelo de estilo deportivo con parte superior baja, cordones el\u00e1sticos en la parte delantera y correa en el empeine<br \/>\nAltura de tal\u00f3n de 1,9 cm<br \/>\nLavable a m\u00e1quina<br \/>\nLogotipo de Skechers\u00ae<br \/>\nMateriales<br \/>\nOutsole: SYNTHETIC<br \/>\nUpper: SYNTHETIC, TEXTILE<br \/>\nLining insole: TEXTILE\n<\/p><\/div>\n<\/div>\n<ul>\n<li>Marca: Skechers<\/li>\n<li>Codigo: 405638L-NVW<\/li>\n<li>Modelo: Quick Street<\/li>\n<li>G\u00e9nero: Ni\u00f1os<\/li>\n<li>Estilo: Urbano<\/li>\n<li>Cierre: Cordones<\/li>\n<li>Material: Cuero<\/li>\n<li>Color: Multicolor<\/li>\n<li>Material de la Suela: Goma<\/li>\n<\/ul>","protected":false},"excerpt":{"rendered":"<p>Ponte en marcha con el c\u00f3modo modelo deportivo Skechers Street\u2122 Quick Street. Un modelo lavable a m\u00e1quina con la parte superior baja de suave material&#8230;<\/p>","protected":false},"featured_media":59775,"comment_status":"open","ping_status":"closed","template":"","meta":{"om_disable_all_campaigns":false,"_monsterinsights_skip_tracking":false,"_monsterinsights_sitenote_active":false,"_monsterinsights_sitenote_note":"","_monsterinsights_sitenote_category":0,"_uf_show_specific_survey":0,"_uf_disable_surveys":false,"_joinchat":[]},"etheme_brands":[],"product_brand":[],"product_cat":[159],"product_tag":[],"class_list":{"0":"post-46925","1":"product","2":"type-product","3":"status-publish","4":"has-post-thumbnail","6":"product_cat-ninos","7":"product_shipping_class-envio-a-lima-y-provincia","9":"first","10":"instock","11":"featured","12":"shipping-taxable","13":"purchasable","14":"product-type-variable"},"aioseo_notices":[],"_links":{"self":[{"href":"https:\/\/jnksport.com\/en\/wp-json\/wp\/v2\/product\/46925","targetHints":{"allow":["GET"]}}],"collection":[{"href":"https:\/\/jnksport.com\/en\/wp-json\/wp\/v2\/product"}],"about":[{"href":"https:\/\/jnksport.com\/en\/wp-json\/wp\/v2\/types\/product"}],"replies":[{"embeddable":true,"href":"https:\/\/jnksport.com\/en\/wp-json\/wp\/v2\/comments?post=46925"}],"version-history":[{"count":1,"href":"https:\/\/jnksport.com\/en\/wp-json\/wp\/v2\/product\/46925\/revisions"}],"predecessor-version":[{"id":59776,"href":"https:\/\/jnksport.com\/en\/wp-json\/wp\/v2\/product\/46925\/revisions\/59776"}],"wp:featuredmedia":[{"embeddable":true,"href":"https:\/\/jnksport.com\/en\/wp-json\/wp\/v2\/media\/59775"}],"wp:attachment":[{"href":"https:\/\/jnksport.com\/en\/wp-json\/wp\/v2\/media?parent=46925"}],"wp:term":[{"taxonomy":"brand","embeddable":true,"href":"https:\/\/jnksport.com\/en\/wp-json\/wp\/v2\/etheme_brands?post=46925"},{"taxonomy":"product_brand","embeddable":true,"href":"https:\/\/jnksport.com\/en\/wp-json\/wp\/v2\/product_brand?post=46925"},{"taxonomy":"product_cat","embeddable":true,"href":"https:\/\/jnksport.com\/en\/wp-json\/wp\/v2\/product_cat?post=46925"},{"taxonomy":"product_tag","embeddable":true,"href":"https:\/\/jnksport.com\/en\/wp-json\/wp\/v2\/product_tag?post=46925"}],"curies":[{"name":"wp","href":"https:\/\/api.w.org\/{rel}","templated":true}]}}