{"id":46926,"date":"2025-05-29T08:20:53","date_gmt":"2025-05-29T08:20:53","guid":{"rendered":"https:\/\/jnksport.com\/?post_type=product&#038;p=46926"},"modified":"2026-03-02T09:53:32","modified_gmt":"2026-03-02T09:53:32","slug":"zapatilla-converse-eva-lift-platform-a09121-mujer","status":"publish","type":"product","link":"https:\/\/jnksport.com\/en\/product\/zapatilla-converse-eva-lift-platform-a09121-mujer\/","title":{"rendered":"Zapatilla Converse EVA Lift Platform A09121 Mujer"},"content":{"rendered":"<div>\n<div>Las rosas son rojas, las violetas azules: estas Chucks de plataforma son tu prenda predilecta. Los peque\u00f1os corazones y los detalles met\u00e1licos son una carta de amor a las tendencias del EJERCICIO 2000. Adem\u00e1s, un peque\u00f1o coraz\u00f3n en el parche del tobillo te encantar\u00e1.<\/p>\n<p>La lona duradera les da el aspecto y la sensaci\u00f3n cl\u00e1sicos de los Chucks.<br \/>\nLa amortiguaci\u00f3n de espuma suave debajo de los pies ayuda a brindar un juego c\u00f3modo.<br \/>\nLos gr\u00e1ficos de coraz\u00f3n de silicona en rojo y una impresi\u00f3n en tinta met\u00e1lica plateada aportan las vibraciones del Y2K.<br \/>\nLa plataforma elevada a\u00f1ade altura.<br \/>\nGr\u00e1ficos de coraz\u00f3n en el parche de Chuck Taylor y la placa de matr\u00edcula All Star<\/p><\/div>\n<\/div>\n<ul>\n<li>Marca: Converse<\/li>\n<li>Codigo: A09121<\/li>\n<li>Modelo: EVA Lift Platform<\/li>\n<li>G\u00e9nero: Mujer<\/li>\n<li>Estilo: Urbano<\/li>\n<li>Cierre: Cordones<\/li>\n<li>Material: Textil<\/li>\n<li>Color: Negro<\/li>\n<li>Material de la Suela: Caucho<\/li>\n<\/ul>","protected":false},"excerpt":{"rendered":"<p>Las rosas son rojas, las violetas azules: estas Chucks de plataforma son tu prenda predilecta. Los peque\u00f1os corazones y los detalles met\u00e1licos son una carta&#8230;<\/p>","protected":false},"featured_media":45657,"comment_status":"open","ping_status":"closed","template":"","meta":{"om_disable_all_campaigns":false,"_monsterinsights_skip_tracking":false,"_monsterinsights_sitenote_active":false,"_monsterinsights_sitenote_note":"","_monsterinsights_sitenote_category":0,"_uf_show_specific_survey":0,"_uf_disable_surveys":false,"_joinchat":[]},"etheme_brands":[],"product_brand":[],"product_cat":[18],"product_tag":[],"class_list":{"0":"post-46926","1":"product","2":"type-product","3":"status-publish","4":"has-post-thumbnail","6":"product_cat-mujer","7":"product_shipping_class-envio-a-lima-y-provincia","9":"first","10":"instock","11":"featured","12":"shipping-taxable","13":"purchasable","14":"product-type-variable"},"aioseo_notices":[],"_links":{"self":[{"href":"https:\/\/jnksport.com\/en\/wp-json\/wp\/v2\/product\/46926","targetHints":{"allow":["GET"]}}],"collection":[{"href":"https:\/\/jnksport.com\/en\/wp-json\/wp\/v2\/product"}],"about":[{"href":"https:\/\/jnksport.com\/en\/wp-json\/wp\/v2\/types\/product"}],"replies":[{"embeddable":true,"href":"https:\/\/jnksport.com\/en\/wp-json\/wp\/v2\/comments?post=46926"}],"version-history":[{"count":0,"href":"https:\/\/jnksport.com\/en\/wp-json\/wp\/v2\/product\/46926\/revisions"}],"wp:featuredmedia":[{"embeddable":true,"href":"https:\/\/jnksport.com\/en\/wp-json\/wp\/v2\/media\/45657"}],"wp:attachment":[{"href":"https:\/\/jnksport.com\/en\/wp-json\/wp\/v2\/media?parent=46926"}],"wp:term":[{"taxonomy":"brand","embeddable":true,"href":"https:\/\/jnksport.com\/en\/wp-json\/wp\/v2\/etheme_brands?post=46926"},{"taxonomy":"product_brand","embeddable":true,"href":"https:\/\/jnksport.com\/en\/wp-json\/wp\/v2\/product_brand?post=46926"},{"taxonomy":"product_cat","embeddable":true,"href":"https:\/\/jnksport.com\/en\/wp-json\/wp\/v2\/product_cat?post=46926"},{"taxonomy":"product_tag","embeddable":true,"href":"https:\/\/jnksport.com\/en\/wp-json\/wp\/v2\/product_tag?post=46926"}],"curies":[{"name":"wp","href":"https:\/\/api.w.org\/{rel}","templated":true}]}}