{"id":46992,"date":"2025-05-29T08:21:03","date_gmt":"2025-05-29T08:21:03","guid":{"rendered":"https:\/\/jnksport.com\/?post_type=product&#038;p=46992"},"modified":"2026-03-29T20:21:17","modified_gmt":"2026-03-29T20:21:17","slug":"zapatilla-converse-pro-blaze-a11767-ninos","status":"publish","type":"product","link":"https:\/\/jnksport.com\/en\/product\/zapatilla-converse-pro-blaze-a11767-ninos\/","title":{"rendered":"Zapatilla Converse Pro Blaze A11767 Ni\u00f1os"},"content":{"rendered":"<div>\n<div>Demasiado joven para hacer un mate, pero lo suficientemente mayor para derrochar estilo. A\u00f1ade estas zapatillas a su colecci\u00f3n para conseguir su mejor look deportivo.<\/p>\n<p>Detalles:<br \/>\nParte superior de piel con el estilo ic\u00f3nico de las Pro Blaze<br \/>\nAmortiguaci\u00f3n de espuma suave bajo el pie que permite jugar con comodidad<br \/>\nCordones el\u00e1sticos y correa regulable para pon\u00e9rselas y quit\u00e1rselas f\u00e1cilmente<br \/>\nLeng\u00fceta y zona del tobillo acolchadas que ayudan a conseguir m\u00e1s comodidad<br \/>\nLogotipo cl\u00e1sico de estrella y refuerzo para hacer un gui\u00f1o al estilo cl\u00e1sico<br \/>\nCategor\u00eda: Calzado<br \/>\nG\u00e9nero: Ni\u00f1o<br \/>\nColor: Multicolor<br \/>\nEstilo: Urbano<br \/>\nMaterial: Cuero<br \/>\nMaterial Suela: Caucho<br \/>\nSuperficie : Asfalto<br \/>\nTipo de Ca\u00f1a: Ca\u00f1a Alta<\/p><\/div>\n<\/div>\n<ul>\n<li>Marca: Converse<\/li>\n<li>Codigo: A11767<\/li>\n<li>Modelo: Pro Blaze<\/li>\n<li>G\u00e9nero: Ni\u00f1os<\/li>\n<li>Estilo: Urbano<\/li>\n<li>Cierre: Cordones<\/li>\n<li>Material: Cuero<\/li>\n<li>Color: Negro<\/li>\n<li>Material de la Suela: Caucho<\/li>\n<\/ul>","protected":false},"excerpt":{"rendered":"<p>Demasiado joven para hacer un mate, pero lo suficientemente mayor para derrochar estilo. A\u00f1ade estas zapatillas a su colecci\u00f3n para conseguir su mejor look deportivo&#8230;.<\/p>","protected":false},"featured_media":45693,"comment_status":"open","ping_status":"closed","template":"","meta":{"om_disable_all_campaigns":false,"_monsterinsights_skip_tracking":false,"_monsterinsights_sitenote_active":false,"_monsterinsights_sitenote_note":"","_monsterinsights_sitenote_category":0,"_uf_show_specific_survey":0,"_uf_disable_surveys":false,"_joinchat":[]},"etheme_brands":[],"product_brand":[],"product_cat":[159],"product_tag":[],"class_list":{"0":"post-46992","1":"product","2":"type-product","3":"status-publish","4":"has-post-thumbnail","6":"product_cat-ninos","7":"product_shipping_class-envio-a-lima-y-provincia","9":"first","10":"instock","11":"sale","12":"featured","13":"shipping-taxable","14":"purchasable","15":"product-type-variable"},"aioseo_notices":[],"_links":{"self":[{"href":"https:\/\/jnksport.com\/en\/wp-json\/wp\/v2\/product\/46992","targetHints":{"allow":["GET"]}}],"collection":[{"href":"https:\/\/jnksport.com\/en\/wp-json\/wp\/v2\/product"}],"about":[{"href":"https:\/\/jnksport.com\/en\/wp-json\/wp\/v2\/types\/product"}],"replies":[{"embeddable":true,"href":"https:\/\/jnksport.com\/en\/wp-json\/wp\/v2\/comments?post=46992"}],"version-history":[{"count":0,"href":"https:\/\/jnksport.com\/en\/wp-json\/wp\/v2\/product\/46992\/revisions"}],"wp:featuredmedia":[{"embeddable":true,"href":"https:\/\/jnksport.com\/en\/wp-json\/wp\/v2\/media\/45693"}],"wp:attachment":[{"href":"https:\/\/jnksport.com\/en\/wp-json\/wp\/v2\/media?parent=46992"}],"wp:term":[{"taxonomy":"brand","embeddable":true,"href":"https:\/\/jnksport.com\/en\/wp-json\/wp\/v2\/etheme_brands?post=46992"},{"taxonomy":"product_brand","embeddable":true,"href":"https:\/\/jnksport.com\/en\/wp-json\/wp\/v2\/product_brand?post=46992"},{"taxonomy":"product_cat","embeddable":true,"href":"https:\/\/jnksport.com\/en\/wp-json\/wp\/v2\/product_cat?post=46992"},{"taxonomy":"product_tag","embeddable":true,"href":"https:\/\/jnksport.com\/en\/wp-json\/wp\/v2\/product_tag?post=46992"}],"curies":[{"name":"wp","href":"https:\/\/api.w.org\/{rel}","templated":true}]}}