{"id":46993,"date":"2025-05-29T08:21:03","date_gmt":"2025-05-29T08:21:03","guid":{"rendered":"https:\/\/jnksport.com\/?post_type=product&#038;p=46993"},"modified":"2026-01-26T07:57:05","modified_gmt":"2026-01-26T07:57:05","slug":"zapatilla-converse-madison-polka-dots-a12620-mujer","status":"publish","type":"product","link":"https:\/\/jnksport.com\/en\/product\/zapatilla-converse-madison-polka-dots-a12620-mujer\/","title":{"rendered":"Zapatilla Converse Madison Polka Dots A12620 Mujer"},"content":{"rendered":"<div>\n<div>IMPULSADO POR LUNARES Combina bien con: ese paso alegre, esas canciones inventadas que cantan en el auto, ese ataque de nervios que hicieron esta ma\u00f1ana. Porque nada captura la fantas\u00eda infantil como un par de Chuck Taylor de lunares.<\/p>\n<p>Detalles:<br \/>\nParte superior de lona con ese aspecto y sensaci\u00f3n caracter\u00edsticos de Converse<br \/>\nLa amortiguaci\u00f3n de espuma suave debajo de los pies ayuda a brindar un juego c\u00f3modo.<br \/>\nLa leng\u00fceta, el tal\u00f3n y el cuello acolchados ayudan a brindar comodidad adicional.<br \/>\nLos lunares bordados aportan toques de color y diversi\u00f3n a su look.<br \/>\nEtiqueta de leng\u00fceta y matr\u00edcula ic\u00f3nicas All Star<br \/>\nCategor\u00eda: Calzado<br \/>\nG\u00e9nero: Ni\u00f1a<br \/>\nEstilo: Urbano<br \/>\nMaterial de suela: Caucho<br \/>\nSuperficie : Asfalto<br \/>\nTipo de Ca\u00f1a: Ca\u00f1a Baja<\/p><\/div>\n<\/div>\n<ul>\n<li>Marca: Converse<\/li>\n<li>Codigo: A12620<\/li>\n<li>Modelo: Madison Polka Dots<\/li>\n<li>G\u00e9nero: Mujer<\/li>\n<li>Estilo: Urbano<\/li>\n<li>Cierre: Cordones<\/li>\n<li>Material: Textil<\/li>\n<li>Color: Blanco<\/li>\n<li>Material de la Suela: Caucho<\/li>\n<\/ul>","protected":false},"excerpt":{"rendered":"<p>IMPULSADO POR LUNARES Combina bien con: ese paso alegre, esas canciones inventadas que cantan en el auto, ese ataque de nervios que hicieron esta ma\u00f1ana&#8230;.<\/p>","protected":false},"featured_media":45699,"comment_status":"open","ping_status":"closed","template":"","meta":{"om_disable_all_campaigns":false,"_monsterinsights_skip_tracking":false,"_monsterinsights_sitenote_active":false,"_monsterinsights_sitenote_note":"","_monsterinsights_sitenote_category":0,"_uf_show_specific_survey":0,"_uf_disable_surveys":false,"_joinchat":[]},"etheme_brands":[],"product_brand":[],"product_cat":[18],"product_tag":[],"class_list":{"0":"post-46993","1":"product","2":"type-product","3":"status-publish","4":"has-post-thumbnail","6":"product_cat-mujer","7":"product_shipping_class-envio-a-lima-y-provincia","9":"first","10":"instock","11":"sale","12":"featured","13":"shipping-taxable","14":"purchasable","15":"product-type-variable"},"aioseo_notices":[],"_links":{"self":[{"href":"https:\/\/jnksport.com\/en\/wp-json\/wp\/v2\/product\/46993","targetHints":{"allow":["GET"]}}],"collection":[{"href":"https:\/\/jnksport.com\/en\/wp-json\/wp\/v2\/product"}],"about":[{"href":"https:\/\/jnksport.com\/en\/wp-json\/wp\/v2\/types\/product"}],"replies":[{"embeddable":true,"href":"https:\/\/jnksport.com\/en\/wp-json\/wp\/v2\/comments?post=46993"}],"version-history":[{"count":0,"href":"https:\/\/jnksport.com\/en\/wp-json\/wp\/v2\/product\/46993\/revisions"}],"wp:featuredmedia":[{"embeddable":true,"href":"https:\/\/jnksport.com\/en\/wp-json\/wp\/v2\/media\/45699"}],"wp:attachment":[{"href":"https:\/\/jnksport.com\/en\/wp-json\/wp\/v2\/media?parent=46993"}],"wp:term":[{"taxonomy":"brand","embeddable":true,"href":"https:\/\/jnksport.com\/en\/wp-json\/wp\/v2\/etheme_brands?post=46993"},{"taxonomy":"product_brand","embeddable":true,"href":"https:\/\/jnksport.com\/en\/wp-json\/wp\/v2\/product_brand?post=46993"},{"taxonomy":"product_cat","embeddable":true,"href":"https:\/\/jnksport.com\/en\/wp-json\/wp\/v2\/product_cat?post=46993"},{"taxonomy":"product_tag","embeddable":true,"href":"https:\/\/jnksport.com\/en\/wp-json\/wp\/v2\/product_tag?post=46993"}],"curies":[{"name":"wp","href":"https:\/\/api.w.org\/{rel}","templated":true}]}}