{"id":47160,"date":"2025-05-29T08:21:29","date_gmt":"2025-05-29T08:21:29","guid":{"rendered":"https:\/\/jnksport.com\/?post_type=product&#038;p=47160"},"modified":"2026-04-27T18:25:38","modified_gmt":"2026-04-27T18:25:38","slug":"zapatilla-nike-full-force-low-fb1362-003-hombre","status":"publish","type":"product","link":"https:\/\/jnksport.com\/en\/product\/zapatilla-nike-full-force-low-fb1362-003-hombre\/","title":{"rendered":"Zapatilla Nike Full Force Low FB1362-003 Hombre"},"content":{"rendered":"<div>\n<div>Un calzado nuevo con un atractivo de la vieja escuela: tus sue\u00f1os retro se hicieron realidad. Este dise\u00f1o reducido hace referencia al cl\u00e1sico AF1, luego se apoya en el estilo de los 80 con costuras retrospectivas y colores inspirados en la universidad. Sin embargo, no todo tiene que ser un retroceso: la comodidad y la durabilidad modernas los hacen f\u00e1ciles de usar en cualquier momento y en cualquier lugar. Es hora de pon\u00e9rtelos e ir a donde quieras.<\/p>\n<p>Beneficios<\/p>\n<p>La parte superior de cuero adquiere la suavidad perfecta con el paso del tiempo.<br \/>\nElige entre una variedad de colores inspirados en la universidad para combinar con cada estado de \u00e1nimo y cada look.<br \/>\nLa espuma expuesta te permite sentir la suavidad bajo tus pies.<\/p>\n<p>Datos del producto<\/p>\n<p>Entresuela de espuma<br \/>\nSuela de goma<br \/>\n Color que se muestra: Negro\/Blanco-Rojo Universitario<\/p><\/div>\n<\/div>\n<ul>\n<li>Marca: Nike<\/li>\n<li>Codigo: FB1362-003<\/li>\n<li>Modelo: Full Force Low<\/li>\n<li>G\u00e9nero: Hombre<\/li>\n<li>Estilo: Urbano<\/li>\n<li>Cierre: Cordones<\/li>\n<li>Material: Cuero<\/li>\n<li>Color: Negro<\/li>\n<li>Material de la Suela: Goma<\/li>\n<\/ul>","protected":false},"excerpt":{"rendered":"<p>Un calzado nuevo con un atractivo de la vieja escuela: tus sue\u00f1os retro se hicieron realidad. Este dise\u00f1o reducido hace referencia al cl\u00e1sico AF1, luego&#8230;<\/p>","protected":false},"featured_media":59487,"comment_status":"open","ping_status":"closed","template":"","meta":{"om_disable_all_campaigns":false,"_monsterinsights_skip_tracking":false,"_monsterinsights_sitenote_active":false,"_monsterinsights_sitenote_note":"","_monsterinsights_sitenote_category":0,"_uf_show_specific_survey":0,"_uf_disable_surveys":false,"_joinchat":[]},"etheme_brands":[],"product_brand":[],"product_cat":[19],"product_tag":[],"class_list":{"0":"post-47160","1":"product","2":"type-product","3":"status-publish","4":"has-post-thumbnail","6":"product_cat-hombre","7":"product_shipping_class-envio-a-lima-y-provincia","9":"first","10":"instock","11":"sale","12":"featured","13":"shipping-taxable","14":"purchasable","15":"product-type-variable"},"aioseo_notices":[],"_links":{"self":[{"href":"https:\/\/jnksport.com\/en\/wp-json\/wp\/v2\/product\/47160","targetHints":{"allow":["GET"]}}],"collection":[{"href":"https:\/\/jnksport.com\/en\/wp-json\/wp\/v2\/product"}],"about":[{"href":"https:\/\/jnksport.com\/en\/wp-json\/wp\/v2\/types\/product"}],"replies":[{"embeddable":true,"href":"https:\/\/jnksport.com\/en\/wp-json\/wp\/v2\/comments?post=47160"}],"version-history":[{"count":1,"href":"https:\/\/jnksport.com\/en\/wp-json\/wp\/v2\/product\/47160\/revisions"}],"predecessor-version":[{"id":59488,"href":"https:\/\/jnksport.com\/en\/wp-json\/wp\/v2\/product\/47160\/revisions\/59488"}],"wp:featuredmedia":[{"embeddable":true,"href":"https:\/\/jnksport.com\/en\/wp-json\/wp\/v2\/media\/59487"}],"wp:attachment":[{"href":"https:\/\/jnksport.com\/en\/wp-json\/wp\/v2\/media?parent=47160"}],"wp:term":[{"taxonomy":"brand","embeddable":true,"href":"https:\/\/jnksport.com\/en\/wp-json\/wp\/v2\/etheme_brands?post=47160"},{"taxonomy":"product_brand","embeddable":true,"href":"https:\/\/jnksport.com\/en\/wp-json\/wp\/v2\/product_brand?post=47160"},{"taxonomy":"product_cat","embeddable":true,"href":"https:\/\/jnksport.com\/en\/wp-json\/wp\/v2\/product_cat?post=47160"},{"taxonomy":"product_tag","embeddable":true,"href":"https:\/\/jnksport.com\/en\/wp-json\/wp\/v2\/product_tag?post=47160"}],"curies":[{"name":"wp","href":"https:\/\/api.w.org\/{rel}","templated":true}]}}