{"id":47162,"date":"2025-05-29T08:21:29","date_gmt":"2025-05-29T08:21:29","guid":{"rendered":"https:\/\/jnksport.com\/?post_type=product&#038;p=47162"},"modified":"2026-04-27T18:31:34","modified_gmt":"2026-04-27T18:31:34","slug":"zapatilla-nike-air-max-nuaxis-fd4329-101-hombre","status":"publish","type":"product","link":"https:\/\/jnksport.com\/en\/product\/zapatilla-nike-air-max-nuaxis-fd4329-101-hombre\/","title":{"rendered":"Zapatilla Nike Air Max Nuaxis FD4329-101 Hombre"},"content":{"rendered":"<div>\n<div>Transpirables y c\u00f3modas, los Air Max Nuaxis est\u00e1n preparados para el d\u00eda a d\u00eda. Tambi\u00e9n puedes contar con que se ver\u00e1n y se sentir\u00e1n bien. Combinan una unidad Air intuitiva con elementos de dise\u00f1o inspirados en los Air Max 270, lo que los convierte en los tenis perfectos para pon\u00e9rtelos y emprender cualquier actividad.<\/p>\n<p>Beneficios<\/p>\n<p>La parte superior de malla ayuda a mantener la frescura cuando tu d\u00eda se vuelve m\u00e1s ajetreado.<br \/>\nSuave y c\u00f3moda, la amortiguaci\u00f3n Max Air ofrece la cantidad justa de soporte.<br \/>\nLa suela de goma ofrece una tracci\u00f3n duradera.<\/p>\n<p>Max Air<\/p>\n<p>Asombro visual. Ventana a la suela. El legendario dise\u00f1ador Tinker Hatfield tom\u00f3 las pautas de la arquitectura parisina de adentro hacia afuera para restablecer la tecnolog\u00eda Air como l\u00edder en la amortiguaci\u00f3n. Suave y c\u00f3moda, la tecnolog\u00eda Max Air ofrece la cantidad justa de soporte.<\/p>\n<p> Color que se muestra: F\u00fatbol Gris\/Blanco\/Rojo Gimnasio\/Negro<\/p><\/div>\n<\/div>\n<ul>\n<li>Marca: Nike<\/li>\n<li>Codigo: FD4329-101<\/li>\n<li>Modelo: Air Max Nuaxis<\/li>\n<li>G\u00e9nero: Hombre<\/li>\n<li>Estilo: Urbano<\/li>\n<li>Cierre: Cordones<\/li>\n<li>Material: Textil<\/li>\n<li>Color: Blanco<\/li>\n<li>Material de la Suela: Goma<\/li>\n<\/ul>","protected":false},"excerpt":{"rendered":"<p>Transpirables y c\u00f3modas, los Air Max Nuaxis est\u00e1n preparados para el d\u00eda a d\u00eda. Tambi\u00e9n puedes contar con que se ver\u00e1n y se sentir\u00e1n bien&#8230;.<\/p>","protected":false},"featured_media":59491,"comment_status":"open","ping_status":"closed","template":"","meta":{"om_disable_all_campaigns":false,"_monsterinsights_skip_tracking":false,"_monsterinsights_sitenote_active":false,"_monsterinsights_sitenote_note":"","_monsterinsights_sitenote_category":0,"_uf_show_specific_survey":0,"_uf_disable_surveys":false,"_joinchat":[]},"etheme_brands":[],"product_brand":[],"product_cat":[19],"product_tag":[],"class_list":{"0":"post-47162","1":"product","2":"type-product","3":"status-publish","4":"has-post-thumbnail","6":"product_cat-hombre","7":"product_shipping_class-envio-a-lima-y-provincia","9":"first","10":"instock","11":"sale","12":"featured","13":"shipping-taxable","14":"purchasable","15":"product-type-variable"},"aioseo_notices":[],"_links":{"self":[{"href":"https:\/\/jnksport.com\/en\/wp-json\/wp\/v2\/product\/47162","targetHints":{"allow":["GET"]}}],"collection":[{"href":"https:\/\/jnksport.com\/en\/wp-json\/wp\/v2\/product"}],"about":[{"href":"https:\/\/jnksport.com\/en\/wp-json\/wp\/v2\/types\/product"}],"replies":[{"embeddable":true,"href":"https:\/\/jnksport.com\/en\/wp-json\/wp\/v2\/comments?post=47162"}],"version-history":[{"count":1,"href":"https:\/\/jnksport.com\/en\/wp-json\/wp\/v2\/product\/47162\/revisions"}],"predecessor-version":[{"id":59492,"href":"https:\/\/jnksport.com\/en\/wp-json\/wp\/v2\/product\/47162\/revisions\/59492"}],"wp:featuredmedia":[{"embeddable":true,"href":"https:\/\/jnksport.com\/en\/wp-json\/wp\/v2\/media\/59491"}],"wp:attachment":[{"href":"https:\/\/jnksport.com\/en\/wp-json\/wp\/v2\/media?parent=47162"}],"wp:term":[{"taxonomy":"brand","embeddable":true,"href":"https:\/\/jnksport.com\/en\/wp-json\/wp\/v2\/etheme_brands?post=47162"},{"taxonomy":"product_brand","embeddable":true,"href":"https:\/\/jnksport.com\/en\/wp-json\/wp\/v2\/product_brand?post=47162"},{"taxonomy":"product_cat","embeddable":true,"href":"https:\/\/jnksport.com\/en\/wp-json\/wp\/v2\/product_cat?post=47162"},{"taxonomy":"product_tag","embeddable":true,"href":"https:\/\/jnksport.com\/en\/wp-json\/wp\/v2\/product_tag?post=47162"}],"curies":[{"name":"wp","href":"https:\/\/api.w.org\/{rel}","templated":true}]}}